{"id":13990,"date":"2025-11-05T00:00:26","date_gmt":"2025-11-05T03:00:26","guid":{"rendered":"https:\/\/www.ufmg.br\/proex\/?page_id=13990"},"modified":"2025-12-19T08:58:47","modified_gmt":"2025-12-19T11:58:47","slug":"apex","status":"publish","type":"page","link":"https:\/\/www.ufmg.br\/proex\/apex\/","title":{"rendered":"APEX &#8211; Edital APEX 04\/2025"},"content":{"rendered":"<section class=\"gKxiy2Btv5eDkR\">\n<div class=\"FBCO2s6thAjoEx\">\n<div class=\"bZCFNWzlen4bL_ L_pwAJxceu5PPN\" data-testid=\"description-content-area\">\n<div class=\"ibk99ptVTfUfda\">\n<div class=\"TTb5N2DgAn9VHs\">\n<div class=\"ak-renderer-wrapper is-full-width css-1jke4yk\">\n<div class=\"css-iaaqm0\">\n<div class=\"ak-renderer-document\">\n<div>\n<p>Divulga\u00e7\u00e3o do <a href=\"https:\/\/www.ufmg.br\/proex\/wp-content\/uploads\/2025\/12\/Resultado-Final-Edital-04_2025-APEX.pdf\" target=\"_blank\" rel=\"noopener\">resultado final<\/a> \u2014 19\/12\/2025<\/p>\n<p><a href=\"https:\/\/www.ufmg.br\/proex\/wp-content\/uploads\/2025\/12\/resultado-preliminar-edital-04_2025-apex.pdf\" target=\"_blank\" rel=\"noopener\">Resultado preliminar<\/a> \u2014 05\/12\/2025<\/p>\n<p><a href=\"https:\/\/www.ufmg.br\/proex\/wp-content\/uploads\/2025\/11\/INSCRICOES-APEX-04-2025.pdf\" target=\"_blank\" rel=\"noopener\">Propostas inscritas<\/a> \u2014 14\/11\/2025<\/p>\n<p><a href=\"https:\/\/www.ufmg.br\/proex\/wp-content\/uploads\/2025\/11\/SEI_4728284_Aviso_de_Retificacao.pdf\" target=\"_blank\" rel=\"noopener\">Retifica\u00e7\u00e3o n\u00b0 1<\/a> \u2014 11\/11\/2025<\/p>\n<p>As inscri\u00e7\u00f5es para o <a href=\"https:\/\/www.ufmg.br\/proex\/wp-content\/uploads\/2025\/10\/Edital-PROEX-04.2025_APEX.docx.pdf\" target=\"_blank\" rel=\"noopener\">edital APEX 04\/2025<\/a> se encerraram no dia 13 de novembro.<\/p>\n<p>A Pr\u00f3-reitoria de Extens\u00e3o (Proex) lan\u00e7ou o edital no dia 31 de outubro.<\/p>\n<p>O objetivo \u00e9 apoiar o aprimoramento da gest\u00e3o e da pol\u00edtica de extens\u00e3o, por meio da concess\u00e3o de bolsas para estudantes de gradua\u00e7\u00e3o da Universidade.<\/p>\n<\/div>\n<div>\n<section class=\"gKxiy2Btv5eDkR\">\n<div class=\"FBCO2s6thAjoEx\">\n<div class=\"bZCFNWzlen4bL_ L_pwAJxceu5PPN\" data-testid=\"description-content-area\">\n<div class=\"ibk99ptVTfUfda\">\n<div class=\"TTb5N2DgAn9VHs\">\n<div class=\"ak-renderer-wrapper is-full-width css-1jke4yk\">\n<div class=\"css-iaaqm0\">\n<div class=\"ak-renderer-document\">\n<p data-start=\"359\" data-end=\"529\">Est\u00e3o convidados a submeter propostas docentes coordenadores(as) dos Colegiados de Extens\u00e3o (Cenex) e diretores(as)\/coordenadores(as) de setores vinculados \u00e0 Proex.<\/p>\n<p data-start=\"359\" data-end=\"529\"><strong>Sobre a bolsa<br \/>\n<\/strong>A bolsa ser\u00e1 concedida na modalidade APEX, no valor de 700,00 reais\/mensais, com dura\u00e7\u00e3o de at\u00e9 12 meses (mar\u00e7o de 2026 a fevereiro de 2027).<\/p>\n<p data-start=\"531\" data-end=\"550\">Cada proponente pode apresentar uma proposta.<\/p>\n<p data-start=\"531\" data-end=\"550\">As informa\u00e7\u00f5es completas est\u00e3o no edital 04\/2025.<\/p>\n<\/div>\n<\/div>\n<\/div>\n<\/div>\n<\/div>\n<\/div>\n<\/div>\n<\/section>\n<\/div>\n<\/div>\n<\/div>\n<div class=\"css-iaaqm0\">\n<div class=\"ak-renderer-document\">\n<div>Veja tamb\u00e9m<br \/>\n<a href=\"https:\/\/www.ufmg.br\/proex\/wp-content\/uploads\/2024\/10\/Edital-APEX-PROEX-04.2024_FINAL.pdf\" target=\"_blank\" rel=\"noopener\">Edital 04\/2024<\/a><br \/>\n<a href=\"https:\/\/www.ufmg.br\/proex\/wp-content\/uploads\/2024\/12\/Resultado-Final-Apex_Cenex_04_2024.pdf\" target=\"_blank\" rel=\"noopener\">Resultado final<\/a><a href=\"https:\/\/www.ufmg.br\/proex\/wp-content\/uploads\/2024\/12\/Resultado-Final-Apex_Cenex_04_2024.pdf\" target=\"_blank\" rel=\"noopener\"> (20\/12\/2024)<\/a><br \/>\n<a href=\"https:\/\/www.ufmg.br\/proex\/wp-content\/uploads\/2024\/12\/Resultado-Preliminar-Edital-04.2024-APEX.pdf\" target=\"_blank\" rel=\"noopener\">Resultado preliminar (06\/12\/2024)<\/a><br \/>\n<a href=\"https:\/\/www.ufmg.br\/proex\/wp-content\/uploads\/2024\/11\/Inscricoes-Homologadas-Edital-Apex-04_2024.pdf\" target=\"_blank\" rel=\"noopener\">Inscri\u00e7\u00f5es submetidas e homologadas (14\/11\/2024)<\/a><\/div>\n<\/div>\n<\/div>\n<\/div>\n<\/div>\n<\/div>\n<\/div>\n<\/div>\n<\/section>\n<p>&nbsp;<\/p>\n","protected":false},"excerpt":{"rendered":"<p>Divulga\u00e7\u00e3o do resultado final \u2014 19\/12\/2025 Resultado preliminar \u2014 05\/12\/2025 [&hellip;]<\/p>\n","protected":false},"author":2,"featured_media":0,"parent":0,"menu_order":0,"comment_status":"closed","ping_status":"closed","template":"","meta":[],"tags":[827,519,23,25,29],"_links":{"self":[{"href":"https:\/\/www.ufmg.br\/proex\/wp-json\/wp\/v2\/pages\/13990"}],"collection":[{"href":"https:\/\/www.ufmg.br\/proex\/wp-json\/wp\/v2\/pages"}],"about":[{"href":"https:\/\/www.ufmg.br\/proex\/wp-json\/wp\/v2\/types\/page"}],"author":[{"embeddable":true,"href":"https:\/\/www.ufmg.br\/proex\/wp-json\/wp\/v2\/users\/2"}],"replies":[{"embeddable":true,"href":"https:\/\/www.ufmg.br\/proex\/wp-json\/wp\/v2\/comments?post=13990"}],"version-history":[{"count":77,"href":"https:\/\/www.ufmg.br\/proex\/wp-json\/wp\/v2\/pages\/13990\/revisions"}],"predecessor-version":[{"id":16918,"href":"https:\/\/www.ufmg.br\/proex\/wp-json\/wp\/v2\/pages\/13990\/revisions\/16918"}],"wp:attachment":[{"href":"https:\/\/www.ufmg.br\/proex\/wp-json\/wp\/v2\/media?parent=13990"}],"wp:term":[{"taxonomy":"post_tag","embeddable":true,"href":"https:\/\/www.ufmg.br\/proex\/wp-json\/wp\/v2\/tags?post=13990"}],"curies":[{"name":"wp","href":"https:\/\/api.w.org\/{rel}","templated":true}]}}