{"id":1421,"date":"2019-03-26T14:53:01","date_gmt":"2019-03-26T17:53:01","guid":{"rendered":"https:\/\/www.ufmg.br\/proex\/?page_id=1421"},"modified":"2021-12-01T21:30:44","modified_gmt":"2021-12-02T00:30:44","slug":"1421-2","status":"publish","type":"page","link":"https:\/\/www.ufmg.br\/proex\/1421-2\/","title":{"rendered":"Atividades de Campo"},"content":{"rendered":"<p>A Pr\u00f3-Reitoria de Extens\u00e3o convidou os servidores docentes e t\u00e9cnico-administrativos da UFMG (coordenadores dos programas e projetos de extens\u00e3o) a apresentarem propostas para o <u><a href=\"https:\/\/www.ufmg.br\/proex\/wp-content\/uploads\/2021\/12\/EDITAL-PROEX-no-05-2019-APOIO-A\u0300S-ATIVIDADES-DE-CAMPO-DE-PROGRAMAS-E-PROJETOS-DE-EXTENSAO1.pdf\" target=\"_blank\" rel=\"noopener\">Edital 05\/2019,<\/a><\/u> que visou conceder apoio financeiro \u00e0 realiza\u00e7\u00e3o de atividades de campo e custear despesas de transporte, hospedagem e alimenta\u00e7\u00e3o.<\/p>\n<p><a href=\"https:\/\/www.ufmg.br\/proex\/wp-content\/uploads\/2021\/12\/Edital-PROEX-no-05-2019-Resultado-preliminar.pdf\" target=\"_blank\" rel=\"noopener\"><u>Resultado preliminar\u00a0<\/u><\/a>(publicado em 02 de maio 2019)<\/p>\n<p><u><a href=\"https:\/\/www.ufmg.br\/proex\/wp-content\/uploads\/2021\/12\/Edital-PROEX-no-05-2019-Resultado-Final.pdf\" target=\"_blank\" rel=\"noopener\">Resultado Final\u00a0<\/a><\/u>\u00a0(publicado em 17 de maio de 2019)<\/p>\n<p><u><a href=\"https:\/\/www.ufmg.br\/proex\/wp-content\/uploads\/2021\/12\/EDITAL-PROEX-no-05-2019-APOIO-A\u0300S-ATIVIDADES-DE-CAMPO-DE-PROGRAMAS-E-PROJETOS-DE-EXTENSAO1-1-1.pdf\" target=\"_blank\" rel=\"noopener\">Prorroga\u00e7\u00e3o da vig\u00eancia do edital 05\/2019\u00a0<\/a><a href=\"https:\/\/www.ufmg.br\/proex\/wp-content\/uploads\/2021\/12\/EDITAL-PROEX-no-05-2019-APOIO-A\u0300S-ATIVIDADES-DE-CAMPO-DE-PROGRAMAS-E-PROJETOS-DE-EXTENSAO1-1-1.pdf\" target=\"_blank\" rel=\"noopener\">(publicado em 21\/01\/2020)<\/a><\/u><\/p>\n<p>A Pr\u00f3-Reitoria de Extens\u00e3o da UFMG, fundamentada nos itens 3.5 e 9.11 do Edital PROEX n\u00ba 05\/2019, tendo em vista a impossibilidade or\u00e7ament\u00e1ria verificada no ano de 2019 de apoiar as a\u00e7\u00f5es classificadas e contempladas com recursos nas cotas 2 e 3 do referido Edital, resolve prorrogar o per\u00edodo de utiliza\u00e7\u00e3o dos recursos estabelecido pelo item 3.5, cuja execu\u00e7\u00e3o passa a obedecer ao calend\u00e1rio or\u00e7amento da UFMG para 2020.Os recursos s\u00e3o destinados exclusivamente ao objeto aprovado pelo Edital e ser\u00e3o repassados \u00e0s a\u00e7\u00f5es cujo coordenador manifeste interesse e cujos requisitos estabelecidos pelo Edital para aprova\u00e7\u00e3o permane\u00e7am v\u00e1lidos.<\/p>\n<p>&nbsp;<\/p>\n<p>&nbsp;<\/p>\n<p>&nbsp;<\/p>\n<p>&nbsp;<\/p>\n<p>&nbsp;<\/p>\n<p>&nbsp;<\/p>\n<p>&nbsp;<\/p>\n<p>&nbsp;<\/p>\n<p>&nbsp;<\/p>\n<p>&nbsp;<\/p>\n<p>&nbsp;<\/p>\n","protected":false},"excerpt":{"rendered":"<p>A Pr\u00f3-Reitoria de Extens\u00e3o convidou os servidores docentes e t\u00e9cnico-administrativos [&hellip;]<\/p>\n","protected":false},"author":2,"featured_media":0,"parent":0,"menu_order":0,"comment_status":"closed","ping_status":"closed","template":"","meta":[],"tags":[49,51,559,145,561,189,533,417,23,25,337,29,171,169,445,4],"_links":{"self":[{"href":"https:\/\/www.ufmg.br\/proex\/wp-json\/wp\/v2\/pages\/1421"}],"collection":[{"href":"https:\/\/www.ufmg.br\/proex\/wp-json\/wp\/v2\/pages"}],"about":[{"href":"https:\/\/www.ufmg.br\/proex\/wp-json\/wp\/v2\/types\/page"}],"author":[{"embeddable":true,"href":"https:\/\/www.ufmg.br\/proex\/wp-json\/wp\/v2\/users\/2"}],"replies":[{"embeddable":true,"href":"https:\/\/www.ufmg.br\/proex\/wp-json\/wp\/v2\/comments?post=1421"}],"version-history":[{"count":15,"href":"https:\/\/www.ufmg.br\/proex\/wp-json\/wp\/v2\/pages\/1421\/revisions"}],"predecessor-version":[{"id":3772,"href":"https:\/\/www.ufmg.br\/proex\/wp-json\/wp\/v2\/pages\/1421\/revisions\/3772"}],"wp:attachment":[{"href":"https:\/\/www.ufmg.br\/proex\/wp-json\/wp\/v2\/media?parent=1421"}],"wp:term":[{"taxonomy":"post_tag","embeddable":true,"href":"https:\/\/www.ufmg.br\/proex\/wp-json\/wp\/v2\/tags?post=1421"}],"curies":[{"name":"wp","href":"https:\/\/api.w.org\/{rel}","templated":true}]}}