{"id":14228,"date":"2024-12-13T15:11:38","date_gmt":"2024-12-13T18:11:38","guid":{"rendered":"https:\/\/www.ufmg.br\/proex\/?page_id=14228"},"modified":"2024-12-13T15:11:38","modified_gmt":"2024-12-13T18:11:38","slug":"atas-das-reunioes-da-camara-de-extensao","status":"publish","type":"page","link":"https:\/\/www.ufmg.br\/proex\/atas-das-reunioes-da-camara-de-extensao\/","title":{"rendered":"Atas das reuni\u00f5es da C\u00e2mara de Extens\u00e3o"},"content":{"rendered":"<div id=\"sp-ea-14187\" class=\"sp-ea-one sp-easy-accordion\" data-ex-icon=\"fa-minus\" data-col-icon=\"fa-plus\"  data-ea-active=\"ea-click\"  data-ea-mode=\"vertical\" data-preloader=\"\"><div class=\"ea-card  sp-ea-single\"><h3 class=\"ea-header\"><a class=\"collapsed\" data-sptoggle=\"spcollapse\" data-sptarget=#collapse141870 href=\"javascript:void(0)\" aria-expanded=\"false\"><i class=\"ea-expand-icon fa fa-plus\"><\/i> 2025<\/a><\/h3><div class=\"sp-collapse spcollapse spcollapse\" id=\"collapse141870\" data-parent=#sp-ea-14187><div class=\"ea-body\"><p><a href=\"https:\/\/www.ufmg.br\/proex\/wp-content\/uploads\/2024\/12\/Ata-27-mar-2025.pdf\" target=\"_blank\" rel=\"noopener\">Reuni\u00e3o 27 de mar\u00e7o<\/a><\/p>\n<\/div><\/div><\/div><div class=\"ea-card  sp-ea-single\"><h3 class=\"ea-header\"><a class=\"collapsed\" data-sptoggle=\"spcollapse\" data-sptarget=#collapse141871 href=\"javascript:void(0)\" aria-expanded=\"false\"><i class=\"ea-expand-icon fa fa-plus\"><\/i> 2024<\/a><\/h3><div class=\"sp-collapse spcollapse spcollapse\" id=\"collapse141871\" data-parent=#sp-ea-14187><div class=\"ea-body\"><p><a href=\"https:\/\/www.ufmg.br\/proex\/wp-content\/uploads\/2024\/12\/Ata-19-dez-2024.pdf\" target=\"_blank\" rel=\"noopener\">Reuni\u00e3o 19 de dezembro<\/a><br \/>\n<a href=\"https:\/\/www.ufmg.br\/proex\/wp-content\/uploads\/2024\/12\/Ata-28-nov-2024.pdf\" target=\"_blank\" rel=\"noopener\">Reuni\u00e3o 28 de novembro<\/a><br \/>\n<a href=\"https:\/\/www.ufmg.br\/proex\/wp-content\/uploads\/2024\/12\/Reuniao-18-novembro.pdf\" target=\"_blank\" rel=\"noopener\">Reuni\u00e3o 18 de novembro<\/a><br \/>\n<a href=\"https:\/\/www.ufmg.br\/proex\/wp-content\/uploads\/2024\/12\/Reuniao-23-de-outubro.pdf\" target=\"_blank\" rel=\"noopener\">Reuni\u00e3o 23 de outubro<\/a><br \/>\n<a href=\"https:\/\/www.ufmg.br\/proex\/wp-content\/uploads\/2024\/12\/Reuniao-03-de-outubro.pdf\" target=\"_blank\" rel=\"noopener\">Reuni\u00e3o 03 de outubro<\/a><br \/>\n<a href=\"https:\/\/www.ufmg.br\/proex\/wp-content\/uploads\/2024\/12\/Reuniao-27-de-agosto.pdf\" target=\"_blank\" rel=\"noopener\">Reuni\u00e3o 27 de agosto<\/a><br \/>\n<a href=\"https:\/\/www.ufmg.br\/proex\/wp-content\/uploads\/2024\/12\/Reuniao-30-julho-1.pdf\" target=\"_blank\" rel=\"noopener\">Reuni\u00e3o 30 de julho<\/a><\/p>\n<\/div><\/div><\/div><div class=\"ea-card  sp-ea-single\"><h3 class=\"ea-header\"><a class=\"collapsed\" data-sptoggle=\"spcollapse\" data-sptarget=#collapse141872 href=\"javascript:void(0)\" aria-expanded=\"false\"><i class=\"ea-expand-icon fa fa-plus\"><\/i> 2023<\/a><\/h3><div class=\"sp-collapse spcollapse spcollapse\" id=\"collapse141872\" data-parent=#sp-ea-14187><div class=\"ea-body\"><p><a href=\"https:\/\/www.ufmg.br\/proex\/wp-content\/uploads\/2026\/04\/SEI_2949639_ATA-REUNIAO-ORDINARIA-CAMARA-EXTENSAO_23_nov_2023.pdf\" target=\"_blank\" rel=\"noopener\">Reuni\u00e3o 23 de novembro<\/a><br \/>\n<a href=\"https:\/\/www.ufmg.br\/proex\/wp-content\/uploads\/2026\/04\/SEI_2838467_ATA-REUNIAO-ORDINARIA-CAMARA-EXTENSAO_25_out_2023.pdf\" target=\"_blank\" rel=\"noopener\">Reuni\u00e3o 25 de outubro<\/a><br \/>\n<a href=\"https:\/\/www.ufmg.br\/proex\/wp-content\/uploads\/2026\/04\/SEI_2645561_ATA-REUNIAO-ORDINARIA-CAMARA-EXTENSAO_14_set_2023.pdf\" target=\"_blank\" rel=\"noopener\">Reuni\u00e3o 14 de setembro<\/a><br \/>\n<a href=\"https:\/\/www.ufmg.br\/proex\/wp-content\/uploads\/2026\/04\/SEI_2639150_ATA-REUNIAO-ORDINARIA-CAMARA-EXTENSAO_06_jul_2023.pdf\" target=\"_blank\" rel=\"noopener\">Reuni\u00e3o 6 de julho<\/a><br \/>\n<a href=\"https:\/\/www.ufmg.br\/proex\/wp-content\/uploads\/2026\/04\/SEI_2639074_ATA-REUNIAO-ORDINARIA-CAMARA-EXTENSAO_01_jun_2023.pdf\" target=\"_blank\" rel=\"noopener\">Reuni\u00e3o 1 de junho<\/a><br \/>\n<a href=\"https:\/\/www.ufmg.br\/proex\/wp-content\/uploads\/2026\/04\/SEI_2639026_ATA-REUNIAO-ORDINARIA-CAMARA-EXTENSAO_04_mai_2023.pdf\" target=\"_blank\" rel=\"noopener\">Reuni\u00e3o 4 de maio<\/a><br \/>\n<a href=\"https:\/\/www.ufmg.br\/proex\/wp-content\/uploads\/2026\/04\/SEI_2638969_ATA-REUNIAO-ORDINARIA-CAMARA-EXTENSAO_13_abr_2023.pdf\" target=\"_blank\" rel=\"noopener\">Reuni\u00e3o 13 de abril<\/a><\/p>\n<\/div><\/div><\/div><div class=\"ea-card  sp-ea-single\"><h3 class=\"ea-header\"><a class=\"collapsed\" data-sptoggle=\"spcollapse\" data-sptarget=#collapse141873 href=\"javascript:void(0)\" aria-expanded=\"false\"><i class=\"ea-expand-icon fa fa-plus\"><\/i> 2022<\/a><\/h3><div class=\"sp-collapse spcollapse spcollapse\" id=\"collapse141873\" data-parent=#sp-ea-14187><div class=\"ea-body\"><p><a href=\"https:\/\/www.ufmg.br\/proex\/wp-content\/uploads\/2026\/04\/SEI_2638903_ATA-REUNIAO-ORDINARIA-CAMARA-EXTENSAO_15_dez_2022.pdf\" target=\"_blank\" rel=\"noopener\">Reuni\u00e3o 15 de dezembro<\/a><br \/>\n<a href=\"https:\/\/www.ufmg.br\/proex\/wp-content\/uploads\/2026\/04\/SEI_2059782_ATA-REUNIAO-ORDINARIA-CAMARA-EXTENSAO_17_nov_2022.pdf\" target=\"_blank\" rel=\"noopener\">Reuni\u00e3o 17 de novembro<\/a><br \/>\n<a href=\"https:\/\/www.ufmg.br\/proex\/wp-content\/uploads\/2026\/04\/SEI_1913803_ATA-REUNIAO-ORDINARIA-CAMARA-EXTENSAO_19_out_2022.pdf\" target=\"_blank\" rel=\"noopener\">Reuni\u00e3o 19 de outubro<\/a><br \/>\n<a href=\"https:\/\/www.ufmg.br\/proex\/wp-content\/uploads\/2026\/04\/SEI_1913112_ATA-REUNIAO-ORDINARIA-CAMARA-EXTENSAO_15_set_2022.pdf\" target=\"_blank\" rel=\"noopener\">Reuni\u00e3o 15 de setembro<\/a><br \/>\n<a href=\"https:\/\/www.ufmg.br\/proex\/wp-content\/uploads\/2026\/04\/SEI_1802474_ATA-REUNIAO-ORDINARIA-CAMARA-EXTENSAO_14_jul_2022.pdf\" target=\"_blank\" rel=\"noopener\">Reuni\u00e3o 14 de julho<\/a><br \/>\n<a href=\"https:\/\/www.ufmg.br\/proex\/wp-content\/uploads\/2026\/04\/SEI_1617004_ATA-REUNIAO-ORDINARIA-CAMARA-EXTENSAO_02_jun_2022.pdf\" target=\"_blank\" rel=\"noopener\">Reuni\u00e3o 2 de junho<\/a><br \/>\n<a href=\"https:\/\/www.ufmg.br\/proex\/wp-content\/uploads\/2026\/04\/SEI_1524286_ATA-REUNIAO-ORDINARIA-CAMARA-EXTENSAO_12_maio_2022.pdf\" target=\"_blank\" rel=\"noopener\">Reuni\u00e3o 12 de maio<\/a><br \/>\n<a href=\"https:\/\/www.ufmg.br\/proex\/wp-content\/uploads\/2026\/04\/SEI_1455168_ATA-REUNIAO-ORDINARIA-CAMARA-EXTENSAO_07_abr_2022.pdf\" target=\"_blank\" rel=\"noopener\">Reuni\u00e3o 7 de abril<\/a><br \/>\n<a href=\"https:\/\/www.ufmg.br\/proex\/wp-content\/uploads\/2026\/04\/SEI_1454907_ATA-REUNIAO-ORDINARIA-CAMARA-EXTENSAO_03_fev_2022.pdf\" target=\"_blank\" rel=\"noopener\">Reuni\u00e3o 3 de fevereiro<\/a><br \/>\n<a href=\"https:\/\/www.ufmg.br\/proex\/wp-content\/uploads\/2026\/04\/SEI_1454817_ATA-REUNIAO-ORDINARIA-CAMARA-EXTENSAO_06_jan_2022.pdf\" target=\"_blank\" rel=\"noopener\">Reuni\u00e3o 6 de janeiro<\/a><\/p>\n<\/div><\/div><\/div><div class=\"ea-card  sp-ea-single\"><h3 class=\"ea-header\"><a class=\"collapsed\" data-sptoggle=\"spcollapse\" data-sptarget=#collapse141874 href=\"javascript:void(0)\" aria-expanded=\"false\"><i class=\"ea-expand-icon fa fa-plus\"><\/i> 2021<\/a><\/h3><div class=\"sp-collapse spcollapse spcollapse\" id=\"collapse141874\" data-parent=#sp-ea-14187><div class=\"ea-body\"><p><a href=\"https:\/\/www.ufmg.br\/proex\/wp-content\/uploads\/2026\/04\/SEI_1198207_ATA-REUNIAO-ORDINARIA-CAMARA-EXTENSAO_-25_NOVEMBRO_2021.pdf\" target=\"_blank\" rel=\"noopener\">Reuni\u00e3o 25 novembro<\/a><br \/>\n<a href=\"https:\/\/www.ufmg.br\/proex\/wp-content\/uploads\/2026\/04\/SEI_1110590_ATA-REUNIAO-ORDINARIA-CAMARA-EXTENSAO_27_OUTUBRO_2021.pdf\" target=\"_blank\" rel=\"noopener\">Reuni\u00e3o 27 outubro<\/a><br \/>\n<a href=\"https:\/\/www.ufmg.br\/proex\/wp-content\/uploads\/2026\/04\/SEI_1110519_ATA-REUNIAO-ORDINARIA-CAMARA-EXTENSAO_21_OUTUBRO_2021.pdf\" target=\"_blank\" rel=\"noopener\">Reuni\u00e3o 21 outubro<\/a><br \/>\n<a href=\"https:\/\/www.ufmg.br\/proex\/wp-content\/uploads\/2026\/04\/SEI_1440705_ATA-REUNIAO-ORDINARIA-CAMARA-EXTENSAO_10_JUNHO_2021.pdf\" target=\"_blank\" rel=\"noopener\">Reuni\u00e3o 10 de junho<\/a><\/p>\n<\/div><\/div><\/div><\/div>\n","protected":false},"excerpt":{"rendered":"","protected":false},"author":2,"featured_media":0,"parent":0,"menu_order":0,"comment_status":"closed","ping_status":"closed","template":"","meta":[],"tags":[],"_links":{"self":[{"href":"https:\/\/www.ufmg.br\/proex\/wp-json\/wp\/v2\/pages\/14228"}],"collection":[{"href":"https:\/\/www.ufmg.br\/proex\/wp-json\/wp\/v2\/pages"}],"about":[{"href":"https:\/\/www.ufmg.br\/proex\/wp-json\/wp\/v2\/types\/page"}],"author":[{"embeddable":true,"href":"https:\/\/www.ufmg.br\/proex\/wp-json\/wp\/v2\/users\/2"}],"replies":[{"embeddable":true,"href":"https:\/\/www.ufmg.br\/proex\/wp-json\/wp\/v2\/comments?post=14228"}],"version-history":[{"count":2,"href":"https:\/\/www.ufmg.br\/proex\/wp-json\/wp\/v2\/pages\/14228\/revisions"}],"predecessor-version":[{"id":14230,"href":"https:\/\/www.ufmg.br\/proex\/wp-json\/wp\/v2\/pages\/14228\/revisions\/14230"}],"wp:attachment":[{"href":"https:\/\/www.ufmg.br\/proex\/wp-json\/wp\/v2\/media?parent=14228"}],"wp:term":[{"taxonomy":"post_tag","embeddable":true,"href":"https:\/\/www.ufmg.br\/proex\/wp-json\/wp\/v2\/tags?post=14228"}],"curies":[{"name":"wp","href":"https:\/\/api.w.org\/{rel}","templated":true}]}}