{"id":14312,"date":"2025-01-20T10:31:51","date_gmt":"2025-01-20T13:31:51","guid":{"rendered":"https:\/\/www.ufmg.br\/proex\/?page_id=14312"},"modified":"2025-02-12T14:40:56","modified_gmt":"2025-02-12T17:40:56","slug":"programa-ufmg-ciencia-tecnologia-e-sociedade-de-informacao-em-territorios-de-cidadania","status":"publish","type":"page","link":"https:\/\/www.ufmg.br\/proex\/programa-ufmg-ciencia-tecnologia-e-sociedade-de-informacao-em-territorios-de-cidadania\/","title":{"rendered":"Programa UFMG + Ci\u00eancia &#038; Tecnologia e Sociedade de Informa\u00e7\u00e3o em Territ\u00f3rios de Cidadania"},"content":{"rendered":"<p><a href=\"https:\/\/www.ufmg.br\/proex\/wp-content\/uploads\/2025\/02\/SEI_3964852_Comunicado_1.pdf\" target=\"_blank\" rel=\"noopener\">RESULTADO FINAL (12\/02\/2025)<\/a><br \/>\n<a href=\"https:\/\/www.ufmg.br\/proex\/wp-content\/uploads\/2025\/02\/SEI_3939122_Comunicado_de_Processo_Seletivo.pdf\" target=\"_blank\" rel=\"noopener\">RESULTADO PRELIMINAR (04\/02\/2025)<\/a><\/p>\n<p>Edital de sele\u00e7\u00e3o para <strong>tr\u00eas<\/strong> bolsas no projeto de extens\u00e3o Programa UFMG + Ci\u00eancia &amp; Tecnologia e Sociedade de Informa\u00e7\u00e3o em Territ\u00f3rios de Cidadania.<\/p>\n<p>Uma vaga \u00e9 oferecida na modalidade PBEXT e duas na modalidade PBEXT A\u00e7\u00e3o Afirmativa. As bolsas t\u00eam vig\u00eancia de mar\u00e7o de 2025 a fevereiro de 2026 (12 meses).<\/p>\n<p>As inscri\u00e7\u00f5es se encerraram em 3 de fevereiro de 2025, abertas a estudantes dos cursos de gradua\u00e7\u00e3o em Artes Visuais, Design, Comunica\u00e7\u00e3o, Arquitetura e \u00e1reas afins.<\/p>\n<p>Inscri\u00e7\u00f5es recebidas mediante preenchimento de <a href=\"https:\/\/questionarios.ufmg.br\/index.php\/785145?lang=pt-BR\" target=\"_blank\" rel=\"noopener\">formul\u00e1rio eletr\u00f4nico<\/a> e apresenta\u00e7\u00e3o dos seguintes documentos:<\/p>\n<ul>\n<li>Hist\u00f3rico Escolar emitido pelo Sistema de Gradua\u00e7\u00e3o da UFMG (SIGA);<\/li>\n<li>Exposi\u00e7\u00e3o dos motivos que levaram o(a) estudante a pleitear sua participa\u00e7\u00e3o no programa, com at\u00e9 1400 caracteres;<\/li>\n<li>Portf\u00f3lio com projetos gr\u00e1ficos e audiovisuais j\u00e1 realizados.<\/li>\n<\/ul>\n<p>O exame de sele\u00e7\u00e3o compreender\u00e1 an\u00e1lise do hist\u00f3rico escolar, exposi\u00e7\u00e3o de motivos, portf\u00f3lio e entrevista.<\/p>\n<p>Consulte as informa\u00e7\u00f5es completas no\u00a0<a href=\"https:\/\/www.ufmg.br\/proex\/wp-content\/uploads\/2025\/01\/SEI_3890326_Edital_129.pdf\" target=\"_blank\" rel=\"noopener\">edital.<\/a><\/p>\n","protected":false},"excerpt":{"rendered":"<p>RESULTADO FINAL (12\/02\/2025) RESULTADO PRELIMINAR (04\/02\/2025) Edital de sele\u00e7\u00e3o para [&hellip;]<\/p>\n","protected":false},"author":13,"featured_media":0,"parent":0,"menu_order":0,"comment_status":"closed","ping_status":"closed","template":"","meta":[],"tags":[191,813,413,29],"_links":{"self":[{"href":"https:\/\/www.ufmg.br\/proex\/wp-json\/wp\/v2\/pages\/14312"}],"collection":[{"href":"https:\/\/www.ufmg.br\/proex\/wp-json\/wp\/v2\/pages"}],"about":[{"href":"https:\/\/www.ufmg.br\/proex\/wp-json\/wp\/v2\/types\/page"}],"author":[{"embeddable":true,"href":"https:\/\/www.ufmg.br\/proex\/wp-json\/wp\/v2\/users\/13"}],"replies":[{"embeddable":true,"href":"https:\/\/www.ufmg.br\/proex\/wp-json\/wp\/v2\/comments?post=14312"}],"version-history":[{"count":10,"href":"https:\/\/www.ufmg.br\/proex\/wp-json\/wp\/v2\/pages\/14312\/revisions"}],"predecessor-version":[{"id":14511,"href":"https:\/\/www.ufmg.br\/proex\/wp-json\/wp\/v2\/pages\/14312\/revisions\/14511"}],"wp:attachment":[{"href":"https:\/\/www.ufmg.br\/proex\/wp-json\/wp\/v2\/media?parent=14312"}],"wp:term":[{"taxonomy":"post_tag","embeddable":true,"href":"https:\/\/www.ufmg.br\/proex\/wp-json\/wp\/v2\/tags?post=14312"}],"curies":[{"name":"wp","href":"https:\/\/api.w.org\/{rel}","templated":true}]}}