{"id":1458,"date":"2020-06-30T09:46:33","date_gmt":"2020-06-30T12:46:33","guid":{"rendered":"https:\/\/www.ufmg.br\/proex\/?page_id=1458"},"modified":"2021-12-02T09:15:25","modified_gmt":"2021-12-02T12:15:25","slug":"empreendedorismo-e-inovacao","status":"publish","type":"page","link":"https:\/\/www.ufmg.br\/proex\/empreendedorismo-e-inovacao\/","title":{"rendered":"Empreendedorismo e inova\u00e7\u00e3o"},"content":{"rendered":"<p><a href=\"https:\/\/www.ufmg.br\/proex\/wp-content\/uploads\/2021\/12\/EDITAL-PROEX-no-10-2020-Fomento-ao-Empreendedorismo-Social-e-Inovac\u0327a\u0303o.pdf\" target=\"_blank\" rel=\"noopener\">Edital 10\/2020 <\/a>(lan\u00e7ado no dia 30 de junho de 2020)<\/p>\n<p class=\"divisao\"><a href=\"https:\/\/www.ufmg.br\/proex\/wp-content\/uploads\/2021\/12\/Resultado-Final_Edital-10.2020.pdf\" target=\"_blank\" rel=\"noopener\">Resultado Final <\/a>(publicado em 1\u00ba de setembro de 2020)<\/p>\n<p><a href=\"https:\/\/www.ufmg.br\/proex\/wp-content\/uploads\/2021\/12\/Resultado-Preliminar-2-edital-10-2020.pdf\" target=\"_blank\" rel=\"noopener\">Resultado Preliminar<\/a> (publicado em 20 de agosto de 2020)<\/p>\n<p><a href=\"https:\/\/www.ufmg.br\/proex\/wp-content\/uploads\/2021\/12\/1-retificacao-edital-proex-10-1.pdf\" target=\"_blank\" rel=\"noopener\">Retifica\u00e7\u00e3o do cronograma.<\/a><\/p>\n<p class=\"divisao\">O edital trata do Fomento ao Empreendedorismo Social e Inova\u00e7\u00e3o no \u00e2mbito da Extens\u00e3o e Movimento das Empresas Juniores da UFMG.<\/p>\n<div id=\"caixa_texto\">\n<p>A iniciativa concedeu apoio financeiro para propostas de atividades de extens\u00e3o que forem desenvolvidas, prioritariamente, em conjunto com as empresas juniores da Universidade. As atividades foram analisadas e aprovadas pela C\u00e2mara de Extens\u00e3o e receberam recursos financeiros para a aquisi\u00e7\u00e3o de equipamentos e softwares.<\/p>\n<p>Os proponentes s\u00e3o docentes da UFMG que coordenam atividades de extens\u00e3o. As propostas foram submetidas no <a href=\"https:\/\/aplicativos.ufmg.br\/proex\/fomento\/usuarios\/login\" target=\"_self\" rel=\"noopener\">Sistema de Fomento da Proex<\/a> no per\u00edodo de 7 a 27 de julho de 2020.<\/p>\n<p>No momento da inscri\u00e7\u00e3o, o proponente dever\u00e1 informar o valor pleiteado de acordo com condi\u00e7\u00f5es pr\u00e9vias, detalhar o bem para fins de licita\u00e7\u00e3o p\u00fablica, assim como justificar a rela\u00e7\u00e3o expl\u00edcita entre a proposta e empreendedorismo e a relev\u00e2ncia dos bens para o fortalecimento dessa rela\u00e7\u00e3o.<\/p>\n<p><strong>Veja tamb\u00e9m:<\/strong><\/p>\n<p><a href=\"https:\/\/www.ufmg.br\/proex\/wp-content\/uploads\/2021\/12\/Anexos-do-EDITAL-PROEX-no-10-2020-em-word.docx\" target=\"_blank\" rel=\"noopener\">Anexos do edital\u00a0<\/a><\/p>\n<p><a href=\"https:\/\/www.ufmg.br\/proex\/wp-content\/uploads\/2021\/12\/Exemplo-de-descricao-de-computadores-para-licitacao.xlsx\" target=\"_blank\" rel=\"noopener\">Exemplo de Planilha com descri\u00e7\u00e3o de computadores para licita\u00e7\u00e3o\u00a0<\/a><\/p>\n<p>Em caso de d\u00favidas, fale conosco pelo e-mail: <a href=\"dafe@proex.ufmg.br\" target=\"_blank\" rel=\"noopener\">dafe@proex.ufmg.br<\/a><\/p>\n<\/div>\n<p>&nbsp;<\/p>\n<p>&nbsp;<\/p>\n<p>&nbsp;<\/p>\n<p>&nbsp;<\/p>\n<p>&nbsp;<\/p>\n<p>&nbsp;<\/p>\n<p>&nbsp;<\/p>\n<p>&nbsp;<\/p>\n","protected":false},"excerpt":{"rendered":"<p>Edital 10\/2020 (lan\u00e7ado no dia 30 de junho de 2020) [&hellip;]<\/p>\n","protected":false},"author":2,"featured_media":0,"parent":0,"menu_order":0,"comment_status":"closed","ping_status":"closed","template":"","meta":[],"tags":[49,51,359,145,325,311,23,25,337,327,29,183,4],"_links":{"self":[{"href":"https:\/\/www.ufmg.br\/proex\/wp-json\/wp\/v2\/pages\/1458"}],"collection":[{"href":"https:\/\/www.ufmg.br\/proex\/wp-json\/wp\/v2\/pages"}],"about":[{"href":"https:\/\/www.ufmg.br\/proex\/wp-json\/wp\/v2\/types\/page"}],"author":[{"embeddable":true,"href":"https:\/\/www.ufmg.br\/proex\/wp-json\/wp\/v2\/users\/2"}],"replies":[{"embeddable":true,"href":"https:\/\/www.ufmg.br\/proex\/wp-json\/wp\/v2\/comments?post=1458"}],"version-history":[{"count":16,"href":"https:\/\/www.ufmg.br\/proex\/wp-json\/wp\/v2\/pages\/1458\/revisions"}],"predecessor-version":[{"id":3785,"href":"https:\/\/www.ufmg.br\/proex\/wp-json\/wp\/v2\/pages\/1458\/revisions\/3785"}],"wp:attachment":[{"href":"https:\/\/www.ufmg.br\/proex\/wp-json\/wp\/v2\/media?parent=1458"}],"wp:term":[{"taxonomy":"post_tag","embeddable":true,"href":"https:\/\/www.ufmg.br\/proex\/wp-json\/wp\/v2\/tags?post=1458"}],"curies":[{"name":"wp","href":"https:\/\/api.w.org\/{rel}","templated":true}]}}