{"id":14835,"date":"2025-03-12T09:44:42","date_gmt":"2025-03-12T12:44:42","guid":{"rendered":"https:\/\/www.ufmg.br\/proex\/?page_id=14835"},"modified":"2025-03-12T09:49:47","modified_gmt":"2025-03-12T12:49:47","slug":"museu-da-matematica-2","status":"publish","type":"page","link":"https:\/\/www.ufmg.br\/proex\/museu-da-matematica-2\/","title":{"rendered":"Museu da Matem\u00e1tica"},"content":{"rendered":"<p>O Museu da Matem\u00e1tica UFMG oferece 1 (uma) vaga para participar como bolsista (bolsa PBEXT) do projeto a partir do m\u00eas de mar\u00e7o de 2025.<\/p>\n<p>As inscri\u00e7\u00f5es v\u00e3o <strong>at\u00e9 14 de mar\u00e7o.<\/strong><\/p>\n<p>Em rela\u00e7\u00e3o aos requisitos, o(a) candidato(a) deve:<br \/>\n&#8211; Ser estudante regularmente matriculada(o) na UFMG partir do 4\u00ba per\u00edodo do curso de<br \/>\nMuseologia;<br \/>\n&#8211; Ter disponibilidade de 20 horas semanais para dedica\u00e7\u00e3o nas atividades do projeto;<br \/>\n&#8211; N\u00e3o ser benefici\u00e1ria(o) de qualquer outro tipo de bolsa acad\u00eamica da UFMG ou de outras fontes<br \/>\noficiais.<\/p>\n<p>As inscri\u00e7\u00f5es s\u00e3o realizadas por meio de <a href=\"https:\/\/forms.gle\/wdGLA1C5KKqC5bpFA\" target=\"_blank\" rel=\"noopener\">formul\u00e1rio eletr\u00f4nico<\/a>. O(a) interessado(a) deve enviar os seguintes documentos:<br \/>\n&#8211; C\u00f3pia da carteira de identidade e do CPF;<br \/>\n&#8211; Hist\u00f3rico escolar atualizado;<br \/>\n&#8211; Comprovante de matr\u00edcula 2025\/1;<br \/>\n&#8211; Curr\u00edculo vitae, preferencialmente o link do curr\u00edculo <em>lattes<\/em> atualizado.<\/p>\n<p>As demais informa\u00e7\u00f5es devem ser consultadas no <a href=\"https:\/\/www.ufmg.br\/proex\/wp-content\/uploads\/2025\/03\/SEI_UFMG-4016052-Edital-7-2.pdf\" target=\"_blank\" rel=\"noopener\">edital de sele\u00e7\u00e3o<\/a>.<\/p>\n","protected":false},"excerpt":{"rendered":"<p>O Museu da Matem\u00e1tica UFMG oferece 1 (uma) vaga para [&hellip;]<\/p>\n","protected":false},"author":13,"featured_media":0,"parent":0,"menu_order":0,"comment_status":"closed","ping_status":"closed","template":"","meta":[],"tags":[23,25,29],"_links":{"self":[{"href":"https:\/\/www.ufmg.br\/proex\/wp-json\/wp\/v2\/pages\/14835"}],"collection":[{"href":"https:\/\/www.ufmg.br\/proex\/wp-json\/wp\/v2\/pages"}],"about":[{"href":"https:\/\/www.ufmg.br\/proex\/wp-json\/wp\/v2\/types\/page"}],"author":[{"embeddable":true,"href":"https:\/\/www.ufmg.br\/proex\/wp-json\/wp\/v2\/users\/13"}],"replies":[{"embeddable":true,"href":"https:\/\/www.ufmg.br\/proex\/wp-json\/wp\/v2\/comments?post=14835"}],"version-history":[{"count":3,"href":"https:\/\/www.ufmg.br\/proex\/wp-json\/wp\/v2\/pages\/14835\/revisions"}],"predecessor-version":[{"id":14840,"href":"https:\/\/www.ufmg.br\/proex\/wp-json\/wp\/v2\/pages\/14835\/revisions\/14840"}],"wp:attachment":[{"href":"https:\/\/www.ufmg.br\/proex\/wp-json\/wp\/v2\/media?parent=14835"}],"wp:term":[{"taxonomy":"post_tag","embeddable":true,"href":"https:\/\/www.ufmg.br\/proex\/wp-json\/wp\/v2\/tags?post=14835"}],"curies":[{"name":"wp","href":"https:\/\/api.w.org\/{rel}","templated":true}]}}