{"id":14962,"date":"2025-05-16T08:37:44","date_gmt":"2025-05-16T11:37:44","guid":{"rendered":"https:\/\/www.ufmg.br\/proex\/?page_id=14962"},"modified":"2025-11-18T10:40:59","modified_gmt":"2025-11-18T13:40:59","slug":"licex","status":"publish","type":"page","link":"https:\/\/www.ufmg.br\/proex\/licex\/","title":{"rendered":"LICEX &#8211; Edital 07\/2025"},"content":{"rendered":"<p data-start=\"438\" data-end=\"596\">A Pr\u00f3-reitoria de Extens\u00e3o (Proex) comunica a <a href=\"https:\/\/www.ufmg.br\/proex\/wp-content\/uploads\/2025\/06\/SEI_4269635_Aviso_de_Retificacao.pdf\" target=\"_blank\" rel=\"noopener\">retifica\u00e7\u00e3o<\/a> (de 04\/06\/2025) do cronograma do edital LICEX. Foi prorrogado, <strong>at\u00e9 30 de junho de 2025,<\/strong> o prazo para sele\u00e7\u00e3o de bolsistas e envio dos pedidos \u00e0 Fundep.<\/p>\n<p data-start=\"438\" data-end=\"596\">Confira tamb\u00e9m: <a href=\"https:\/\/www.ufmg.br\/proex\/wp-content\/uploads\/2025\/05\/Resultado-Final_Edital-PROEX-07.2025-LICEX.pdf\" target=\"_blank\" rel=\"noopener\">resultado final<\/a> (publicado em 30\/05\/2025) do edital.<\/p>\n<p class=\"\" data-start=\"438\" data-end=\"596\">No resultado final, constam 25 propostas contempladas, que foram apresentadas por servidores (coordenadores das atividades) de v\u00e1rias unidades e \u00e1reas.<\/p>\n<p>As propostas foram analisadas e julgadas conjuntamente pelos Comit\u00eas Assessores das C\u00e2maras de Extens\u00e3o e Gradua\u00e7\u00e3o, de acordo com o\u00a0<a href=\"https:\/\/www.ufmg.br\/proex\/wp-content\/uploads\/2025\/03\/Edital-PROEX_PROGRAD_Licenciatura_072025_final.pdf\" target=\"_blank\" rel=\"noopener\">edital 07\/2025.<\/a><\/p>\n<p data-start=\"438\" data-end=\"596\"><a href=\"https:\/\/www.ufmg.br\/proex\/wp-content\/uploads\/2025\/05\/Resultado-Preliminar_Edital-PROEX-07.2025-LICEX.pdf\" target=\"_blank\" rel=\"noopener\">Resultado preliminar<\/a> (16\/05\/2025)<\/p>\n<p><strong>Bolsas\u00a0<\/strong><\/p>\n<p>As bolsas \u2014 nas modalidades Pbext e Pbext A\u00e7\u00e3o Afirmativa \u2014 ser\u00e3o destinadas exclusivamente a discentes de gradua\u00e7\u00e3o da UFMG vinculados a cursos de licenciatura. Cada proposta contemplada receber\u00e1 at\u00e9 tr\u00eas bolsas.<\/p>\n<p>Foram priorizadas atividades desenvolvidas em escolas p\u00fablicas de educa\u00e7\u00e3o b\u00e1sica ou aquelas em que as escolas estejam diretamente envolvidas na articula\u00e7\u00e3o e execu\u00e7\u00e3o.<\/p>\n<p><strong>O edital\u00a0<\/strong><\/p>\n<p>Lan\u00e7ado em 31 de mar\u00e7o de 2025, o LICEX (Licenciatura na extens\u00e30) \u00e9 uma iniciativa de fomento in\u00e9dita da Pr\u00f3-reitorias de Extens\u00e3o (Proex) da UFMG em parceria com a Pr\u00f3-reitoria de Gradua\u00e7\u00e3o (Prograd).<\/p>\n<p>O objetivo \u00e9 incentivar a forma\u00e7\u00e3o inicial de professores para a educa\u00e7\u00e3o b\u00e1sica por meio da concess\u00e3o de bolsas para programas ou projetos de extens\u00e3o vinculados a\u00a0cursos de licenciatura.<\/p>\n<p>As atividades devem seguir os conceitos e diretrizes da extens\u00e3o universit\u00e1ria, caracterizar-se como programas ou projetos de extens\u00e3o e estar cadastradas e atualizadas no <a href=\"https:\/\/sistemas.ufmg.br\/siex\" target=\"_blank\" rel=\"noopener\">Sistema de Informa\u00e7\u00e3o da Extens\u00e3o (Siex)<\/a>.<\/p>\n<p>Assista \u00e0 <a href=\"https:\/\/youtube.com\/live\/cLdFS1HQkzE\" target=\"_blank\" rel=\"noopener\">Leitura P\u00fablica do edital.<\/a><\/p>\n<p>D\u00favidas podem ser esclarecidas pelo e-mail <a href=\"mailto:fomento@proex.ufmg.br\" target=\"_blank\" rel=\"noopener\">fomento@proex.ufmg.br<\/a> ou telefone (31) 3409-3928.<\/p>\n<p>&nbsp;<\/p>\n","protected":false},"excerpt":{"rendered":"<p>A Pr\u00f3-reitoria de Extens\u00e3o (Proex) comunica a retifica\u00e7\u00e3o (de 04\/06\/2025) [&hellip;]<\/p>\n","protected":false},"author":2,"featured_media":0,"parent":0,"menu_order":0,"comment_status":"closed","ping_status":"closed","template":"","meta":[],"tags":[519,23,25,337,29],"_links":{"self":[{"href":"https:\/\/www.ufmg.br\/proex\/wp-json\/wp\/v2\/pages\/14962"}],"collection":[{"href":"https:\/\/www.ufmg.br\/proex\/wp-json\/wp\/v2\/pages"}],"about":[{"href":"https:\/\/www.ufmg.br\/proex\/wp-json\/wp\/v2\/types\/page"}],"author":[{"embeddable":true,"href":"https:\/\/www.ufmg.br\/proex\/wp-json\/wp\/v2\/users\/2"}],"replies":[{"embeddable":true,"href":"https:\/\/www.ufmg.br\/proex\/wp-json\/wp\/v2\/comments?post=14962"}],"version-history":[{"count":66,"href":"https:\/\/www.ufmg.br\/proex\/wp-json\/wp\/v2\/pages\/14962\/revisions"}],"predecessor-version":[{"id":16793,"href":"https:\/\/www.ufmg.br\/proex\/wp-json\/wp\/v2\/pages\/14962\/revisions\/16793"}],"wp:attachment":[{"href":"https:\/\/www.ufmg.br\/proex\/wp-json\/wp\/v2\/media?parent=14962"}],"wp:term":[{"taxonomy":"post_tag","embeddable":true,"href":"https:\/\/www.ufmg.br\/proex\/wp-json\/wp\/v2\/tags?post=14962"}],"curies":[{"name":"wp","href":"https:\/\/api.w.org\/{rel}","templated":true}]}}