{"id":15004,"date":"2025-04-01T14:42:18","date_gmt":"2025-04-01T17:42:18","guid":{"rendered":"https:\/\/www.ufmg.br\/proex\/?page_id=15004"},"modified":"2025-04-01T14:54:37","modified_gmt":"2025-04-01T17:54:37","slug":"arquivo-digital","status":"publish","type":"page","link":"https:\/\/www.ufmg.br\/proex\/arquivo-digital\/","title":{"rendered":"Arquivo Digital Epistemologias Comunit\u00e1rias"},"content":{"rendered":"<p>O projeto de extens\u00e3o <em>Arquivo Digital Epistemologias Comunit\u00e1rias,<\/em> da Escola de Belas Artes (EBA\/UFMG), oferece bolsa (uma vaga) para estudantes de gradua\u00e7\u00e3o de qualquer curso da UFMG, a partir do 5\u00ba per\u00edodo.<\/p>\n<p><strong>Prazo de inscri\u00e7\u00f5es<\/strong>: <strong>at\u00e9 7 de abril de 2025<\/strong><\/p>\n<p>S\u00e3o tamb\u00e9m pr\u00e9-requisitos da oportunidade: conhecimento e experi\u00eancia em edi\u00e7\u00e3o de v\u00eddeo e em atualiza\u00e7\u00e3o e divulga\u00e7\u00e3o em plataforma digital; e disponibilidade para se dedicar 20 horas semanais e presenciais ao projeto.<\/p>\n<p><strong>Valor da bolsa<\/strong>: 700\/mensal (Bolsa Pbext)<br \/>\n<strong>Vig\u00eancia<\/strong>: abril de 2025 a fevereiro de 2026<br \/>\n<strong><br \/>\nInscri\u00e7\u00f5es<br \/>\n<\/strong>As inscri\u00e7\u00f5es, no processo seletivo, s\u00e3o aceitas pelo endere\u00e7o <a href=\"http:\/\/epistemologiascomunit\u00e1rias@gmail.com\" target=\"_blank\" rel=\"noopener\">epistemologiascomunit\u00e1rias@gmail.com<\/a>. No corpo do e-mail, o (a) candidato (a) deve informar os seguintes dados: nome completo, matr\u00edcula UFMG, n\u00famero do RG, n\u00famero do CPF, curso em que est\u00e1 matriculado (a) e per\u00edodo, dias e hor\u00e1rios de disponibilidade e telefone para contato.<\/p>\n<p>Documentos necess\u00e1rios para envio:<br \/>\n-Hist\u00f3rico escolar da gradua\u00e7\u00e3o;<br \/>\n-Comprovante de matr\u00edcula referente ao 1\u00ba semestre de 2025;<br \/>\n-Curr\u00edculo Lattes atualizado em formato PDF;<br \/>\n-Carta de interesse; e<br \/>\n-Portf\u00f3lio com trabalhos em v\u00eddeo realizados.<\/p>\n<p>As informa\u00e7\u00f5es completas est\u00e3o no <a href=\"https:\/\/www.ufmg.br\/proex\/wp-content\/uploads\/2025\/04\/Edital-projeto-Arquivo-digital-epistemologias-comunitarias.pdf\" target=\"_blank\" rel=\"noopener\">edital de sele\u00e7\u00e3o.\u00a0<\/a><\/p>\n<p>Para mais informa\u00e7\u00f5es do projeto, acesse <a href=\"https:\/\/eba.ufmg.br\/epistemologiascomunitarias\/\" target=\"_blank\" rel=\"noopener\">site oficial.<\/a><\/p>\n<p>&nbsp;<\/p>\n","protected":false},"excerpt":{"rendered":"<p>O projeto de extens\u00e3o Arquivo Digital Epistemologias Comunit\u00e1rias, da Escola [&hellip;]<\/p>\n","protected":false},"author":2,"featured_media":0,"parent":0,"menu_order":0,"comment_status":"closed","ping_status":"closed","template":"","meta":[],"tags":[191,23,25],"_links":{"self":[{"href":"https:\/\/www.ufmg.br\/proex\/wp-json\/wp\/v2\/pages\/15004"}],"collection":[{"href":"https:\/\/www.ufmg.br\/proex\/wp-json\/wp\/v2\/pages"}],"about":[{"href":"https:\/\/www.ufmg.br\/proex\/wp-json\/wp\/v2\/types\/page"}],"author":[{"embeddable":true,"href":"https:\/\/www.ufmg.br\/proex\/wp-json\/wp\/v2\/users\/2"}],"replies":[{"embeddable":true,"href":"https:\/\/www.ufmg.br\/proex\/wp-json\/wp\/v2\/comments?post=15004"}],"version-history":[{"count":28,"href":"https:\/\/www.ufmg.br\/proex\/wp-json\/wp\/v2\/pages\/15004\/revisions"}],"predecessor-version":[{"id":15034,"href":"https:\/\/www.ufmg.br\/proex\/wp-json\/wp\/v2\/pages\/15004\/revisions\/15034"}],"wp:attachment":[{"href":"https:\/\/www.ufmg.br\/proex\/wp-json\/wp\/v2\/media?parent=15004"}],"wp:term":[{"taxonomy":"post_tag","embeddable":true,"href":"https:\/\/www.ufmg.br\/proex\/wp-json\/wp\/v2\/tags?post=15004"}],"curies":[{"name":"wp","href":"https:\/\/api.w.org\/{rel}","templated":true}]}}