{"id":15221,"date":"2025-04-25T13:04:22","date_gmt":"2025-04-25T16:04:22","guid":{"rendered":"https:\/\/www.ufmg.br\/proex\/?page_id=15221"},"modified":"2025-04-25T13:09:25","modified_gmt":"2025-04-25T16:09:25","slug":"projeto-fiita","status":"publish","type":"page","link":"https:\/\/www.ufmg.br\/proex\/projeto-fiita\/","title":{"rendered":"Projeto FIITA"},"content":{"rendered":"<p>Aten\u00e7\u00e3o, estudante! Inscreva-se em oportunidade de bolsa no Projeto FIITA &#8211; Funcionalidade, Independ\u00eancia, Inclus\u00e3o e Tecnologia Assistiva.<\/p>\n<p>A inciativa seleciona estudante (uma vaga) para atuar como bolsista na modalidade PBEXT A\u00e7\u00e3o Afirmativa.<\/p>\n<p>Podem se inscrever discentes do curso de gradua\u00e7\u00e3o em Terapia Ocupacional da UFMG.<\/p>\n<p>A inscri\u00e7\u00e3o \u00e9 realizada por meio de <a href=\"https:\/\/forms.gle\/V76e3psbTsZcWPTbA\" target=\"_blank\" rel=\"noopener\">formul\u00e1rio<\/a>, de <strong>28 de abril a 7 de maio<\/strong>.<\/p>\n<p><strong>Documenta\u00e7\u00e3o<br \/>\n<\/strong>No ato da inscri\u00e7\u00e3o, os\/as candidatos\/as dever\u00e3o enviar, via formul\u00e1rio, os seguintes documentos e informa\u00e7\u00f5es:<br \/>\n-Carteira de Identidade, CPF;<br \/>\n-Hist\u00f3rico Escolar;<br \/>\n-Exposi\u00e7\u00e3o de motivos para se inscrever no projeto;<br \/>\n-Quadro com a disponibilidade de hor\u00e1rios para participa\u00e7\u00e3o no projeto;<br \/>\n-Curr\u00edculo Lattes; e<br \/>\n-Telefone e e-mail de contato.<\/p>\n<p>A bolsa a\u00e7\u00e3o afirmativa \u00e9 destinada exclusivamente a estudantes destes segmentos: cotistas e\/ou classificados(as) socioeconomicamente pela Fump; m\u00e3es com crian\u00e7a cursando ensino infantil ou fundamental na rede p\u00fablica; travestis e transexuais, pessoas com defici\u00eancia, ind\u00edgenas e quilombolas ou refugiados(as).<\/p>\n<p>As informa\u00e7\u00f5es completas est\u00e3o no <a href=\"https:\/\/www.ufmg.br\/proex\/wp-content\/uploads\/2025\/04\/Edital-Selecao-Bolsista_Projeto-Fita3.pdf\" target=\"_blank\" rel=\"noopener\">edital de sele\u00e7\u00e3o.<\/a><\/p>\n<p><strong>Sobre o projeto<\/strong><\/p>\n<p>O projeto FIITA \u00e9 vinculado ao Departamento de Terapia Ocupacional da Escola de Educa\u00e7\u00e3o F\u00edsica, Fisioterapia e Terapia Ocupacional (EEFFTO\/UFMG).<\/p>\n<p>A iniciativa oferece assist\u00eancia em Tecnologia Assistiva para pessoas com alguma limita\u00e7\u00e3o na realiza\u00e7\u00e3o de atividades e\/ou com restri\u00e7\u00f5es na participa\u00e7\u00e3o social em diferentes contextos, articulando ensino, pesquisa e extens\u00e3o.<\/p>\n","protected":false},"excerpt":{"rendered":"<p>Aten\u00e7\u00e3o, estudante! Inscreva-se em oportunidade de bolsa no Projeto FIITA [&hellip;]<\/p>\n","protected":false},"author":2,"featured_media":0,"parent":0,"menu_order":0,"comment_status":"closed","ping_status":"closed","template":"","meta":[],"tags":[],"_links":{"self":[{"href":"https:\/\/www.ufmg.br\/proex\/wp-json\/wp\/v2\/pages\/15221"}],"collection":[{"href":"https:\/\/www.ufmg.br\/proex\/wp-json\/wp\/v2\/pages"}],"about":[{"href":"https:\/\/www.ufmg.br\/proex\/wp-json\/wp\/v2\/types\/page"}],"author":[{"embeddable":true,"href":"https:\/\/www.ufmg.br\/proex\/wp-json\/wp\/v2\/users\/2"}],"replies":[{"embeddable":true,"href":"https:\/\/www.ufmg.br\/proex\/wp-json\/wp\/v2\/comments?post=15221"}],"version-history":[{"count":16,"href":"https:\/\/www.ufmg.br\/proex\/wp-json\/wp\/v2\/pages\/15221\/revisions"}],"predecessor-version":[{"id":15238,"href":"https:\/\/www.ufmg.br\/proex\/wp-json\/wp\/v2\/pages\/15221\/revisions\/15238"}],"wp:attachment":[{"href":"https:\/\/www.ufmg.br\/proex\/wp-json\/wp\/v2\/media?parent=15221"}],"wp:term":[{"taxonomy":"post_tag","embeddable":true,"href":"https:\/\/www.ufmg.br\/proex\/wp-json\/wp\/v2\/tags?post=15221"}],"curies":[{"name":"wp","href":"https:\/\/api.w.org\/{rel}","templated":true}]}}