{"id":1589,"date":"2021-08-27T18:00:40","date_gmt":"2021-08-27T21:00:40","guid":{"rendered":"https:\/\/www.ufmg.br\/proex\/?page_id=1589"},"modified":"2026-04-15T15:31:21","modified_gmt":"2026-04-15T18:31:21","slug":"formacao-transversal-em-divulgacao-cientifica","status":"publish","type":"page","link":"https:\/\/www.ufmg.br\/proex\/formacao-transversal-em-divulgacao-cientifica\/","title":{"rendered":"Forma\u00e7\u00e3o Transversal em Divulga\u00e7\u00e3o Cient\u00edfica"},"content":{"rendered":"<p>Criada em 2016, a Forma\u00e7\u00e3o Transversal em Divulga\u00e7\u00e3o Cient\u00edfica \u00e9 uma das possibilidades de percurso formativo para todos(as) discentes de gradua\u00e7\u00e3o ou p\u00f3s-gradua\u00e7\u00e3o da UFMG.<br \/>\nO\/a discente de gradua\u00e7\u00e3o pode optar por cursar as disciplinas como Forma\u00e7\u00e3o Livre ou seguir todo o percurso de 300 horas\/aula.<\/p>\n<p>A UFMG tem realizado importante esfor\u00e7o no sentido de promover a interdisciplinaridade no meio acad\u00eamico e democratizar o acesso ao conhecimento produzido na Universidade. A Forma\u00e7\u00e3o Transversal em Divulga\u00e7\u00e3o Cient\u00edfica constitui parte relevante deste esfor\u00e7o.<\/p>\n<div id=\"attachment_13709\" style=\"width: 710px\" class=\"wp-caption aligncenter\"><img aria-describedby=\"caption-attachment-13709\" loading=\"lazy\" class=\"wp-image-13709\" src=\"https:\/\/www.ufmg.br\/proex\/wp-content\/uploads\/2024\/09\/1a-turma-FTDC-Disciplina-Comunicacao-da-Ciencia-em-Museus-Museu-de-Astronomia-MAST-300x169.jpeg\" alt=\"Primeira turma da Forma\u00e7\u00e3o Transversal em Divulga\u00e7\u00e3o Cient\u00edfica, disciplina Comunica\u00e7\u00e3o da Ci\u00eancia em Museus | Foto: Museu de Astronomia\/MAST\" width=\"700\" height=\"394\" srcset=\"https:\/\/www.ufmg.br\/proex\/wp-content\/uploads\/2024\/09\/1a-turma-FTDC-Disciplina-Comunicacao-da-Ciencia-em-Museus-Museu-de-Astronomia-MAST-300x169.jpeg 300w, https:\/\/www.ufmg.br\/proex\/wp-content\/uploads\/2024\/09\/1a-turma-FTDC-Disciplina-Comunicacao-da-Ciencia-em-Museus-Museu-de-Astronomia-MAST-1024x576.jpeg 1024w, https:\/\/www.ufmg.br\/proex\/wp-content\/uploads\/2024\/09\/1a-turma-FTDC-Disciplina-Comunicacao-da-Ciencia-em-Museus-Museu-de-Astronomia-MAST-768x432.jpeg 768w, https:\/\/www.ufmg.br\/proex\/wp-content\/uploads\/2024\/09\/1a-turma-FTDC-Disciplina-Comunicacao-da-Ciencia-em-Museus-Museu-de-Astronomia-MAST.jpeg 1440w\" sizes=\"(max-width: 700px) 100vw, 700px\" \/><p id=\"caption-attachment-13709\" class=\"wp-caption-text\">Primeira turma da Forma\u00e7\u00e3o Transversal em Divulga\u00e7\u00e3o Cient\u00edfica, disciplina Comunica\u00e7\u00e3o da Ci\u00eancia em Museus | Foto: Museu de Astronomia\/MAST<\/p><\/div>\n<p>Em linhas gerais, a Forma\u00e7\u00e3o Transversal em Divulga\u00e7\u00e3o Cient\u00edfica visa formar profissionais aptos a participarem de di\u00e1logos interdisciplinares e a se comunicarem com a sociedade. Nas diversas profiss\u00f5es, saber se comunicar com a sociedade tem se tornado uma habilidade reconhecidamente importante. Especificamente na forma\u00e7\u00e3o de futuros cientistas e divulgadores da ci\u00eancia, o ensino da divulga\u00e7\u00e3o cient\u00edfica assume papel de destaque, n\u00e3o apenas para a cria\u00e7\u00e3o de uma consci\u00eancia cr\u00edtica sobre a natureza da ci\u00eancia, mas tamb\u00e9m na constru\u00e7\u00e3o de habilidades necess\u00e1rias para o compartilhamento com um p\u00fablico n\u00e3o especializado do conhecimento gerado na academia.<\/p>\n<p><strong>Oferta 2026\/1<\/strong><\/p>\n<p><img loading=\"lazy\" class=\"alignnone wp-image-17035\" src=\"https:\/\/www.ufmg.br\/proex\/wp-content\/uploads\/2026\/02\/Versao-final-1-240x300.png\" alt=\"\" width=\"480\" height=\"600\" srcset=\"https:\/\/www.ufmg.br\/proex\/wp-content\/uploads\/2026\/02\/Versao-final-1-240x300.png 240w, https:\/\/www.ufmg.br\/proex\/wp-content\/uploads\/2026\/02\/Versao-final-1-819x1024.png 819w, https:\/\/www.ufmg.br\/proex\/wp-content\/uploads\/2026\/02\/Versao-final-1-768x960.png 768w, https:\/\/www.ufmg.br\/proex\/wp-content\/uploads\/2026\/02\/Versao-final-1.png 1080w\" sizes=\"(max-width: 480px) 100vw, 480px\" \/><\/p>\n<p><img loading=\"lazy\" class=\"alignnone wp-image-17036\" src=\"https:\/\/www.ufmg.br\/proex\/wp-content\/uploads\/2026\/02\/versao-final-2-240x300.png\" alt=\"\" width=\"480\" height=\"600\" srcset=\"https:\/\/www.ufmg.br\/proex\/wp-content\/uploads\/2026\/02\/versao-final-2-240x300.png 240w, https:\/\/www.ufmg.br\/proex\/wp-content\/uploads\/2026\/02\/versao-final-2-819x1024.png 819w, https:\/\/www.ufmg.br\/proex\/wp-content\/uploads\/2026\/02\/versao-final-2-768x960.png 768w, https:\/\/www.ufmg.br\/proex\/wp-content\/uploads\/2026\/02\/versao-final-2.png 1080w\" sizes=\"(max-width: 480px) 100vw, 480px\" \/><\/p>\n<p><img loading=\"lazy\" class=\"alignnone wp-image-17037\" src=\"https:\/\/www.ufmg.br\/proex\/wp-content\/uploads\/2026\/02\/Versao-final-3-240x300.png\" alt=\"\" width=\"480\" height=\"600\" srcset=\"https:\/\/www.ufmg.br\/proex\/wp-content\/uploads\/2026\/02\/Versao-final-3-240x300.png 240w, https:\/\/www.ufmg.br\/proex\/wp-content\/uploads\/2026\/02\/Versao-final-3-819x1024.png 819w, https:\/\/www.ufmg.br\/proex\/wp-content\/uploads\/2026\/02\/Versao-final-3-768x960.png 768w, https:\/\/www.ufmg.br\/proex\/wp-content\/uploads\/2026\/02\/Versao-final-3.png 1080w\" sizes=\"(max-width: 480px) 100vw, 480px\" \/><\/p>\n<p><img loading=\"lazy\" class=\"alignnone wp-image-17038\" src=\"https:\/\/www.ufmg.br\/proex\/wp-content\/uploads\/2026\/02\/Versao-final-4-240x300.png\" alt=\"\" width=\"480\" height=\"600\" srcset=\"https:\/\/www.ufmg.br\/proex\/wp-content\/uploads\/2026\/02\/Versao-final-4-240x300.png 240w, https:\/\/www.ufmg.br\/proex\/wp-content\/uploads\/2026\/02\/Versao-final-4-819x1024.png 819w, https:\/\/www.ufmg.br\/proex\/wp-content\/uploads\/2026\/02\/Versao-final-4-768x960.png 768w, https:\/\/www.ufmg.br\/proex\/wp-content\/uploads\/2026\/02\/Versao-final-4.png 1080w\" sizes=\"(max-width: 480px) 100vw, 480px\" \/><\/p>\n<p><img loading=\"lazy\" class=\"alignnone wp-image-17039\" src=\"https:\/\/www.ufmg.br\/proex\/wp-content\/uploads\/2026\/02\/Versao-final-5-240x300.png\" alt=\"\" width=\"480\" height=\"600\" srcset=\"https:\/\/www.ufmg.br\/proex\/wp-content\/uploads\/2026\/02\/Versao-final-5-240x300.png 240w, https:\/\/www.ufmg.br\/proex\/wp-content\/uploads\/2026\/02\/Versao-final-5-819x1024.png 819w, https:\/\/www.ufmg.br\/proex\/wp-content\/uploads\/2026\/02\/Versao-final-5-768x960.png 768w, https:\/\/www.ufmg.br\/proex\/wp-content\/uploads\/2026\/02\/Versao-final-5.png 1080w\" sizes=\"(max-width: 480px) 100vw, 480px\" \/><\/p>\n<p><a href=\"https:\/\/www.ufmg.br\/proex\/wp-content\/uploads\/2026\/02\/Informativo-da-matriculaFTDiscente2026-1.pdf\" target=\"_blank\" rel=\"noopener\">Informativo sobre matr\u00edcula 2026\/1<\/a><\/p>\n<p><a href=\"https:\/\/www.ufmg.br\/proex\/wp-content\/uploads\/2026\/02\/Quadro-da-OFERTA-2026-1.pdf\" target=\"_blank\" rel=\"noopener\">Quadro da oferta 2026\/1<\/a><\/p>\n<p><a href=\"https:\/\/youtu.be\/qk-qAEHhMh8\" target=\"_blank\" rel=\"noopener\">V\u00eddeo da Aula Inaugural 2026\/1<\/a><\/p>\n<p><a href=\"https:\/\/drive.google.com\/drive\/folders\/1yBdNUi6e4_Zf4NobylxnigQX6v4RjTXz?usp=sharing\" target=\"_blank\" rel=\"noopener\">Fotos da Aula Inaugural 2026\/1<\/a><\/p>\n<p><a href=\"https:\/\/drive.google.com\/drive\/folders\/1OV-1z_QK5xP3IkBIgLZzDhFZJU_OgjnB?usp=sharing\" target=\"_blank\" rel=\"noopener\">Fotos da Aula Inaugural 2025\/2<\/a><\/p>\n<div>\n<p><a href=\"https:\/\/www.ufmg.br\/prograd\/wp-content\/uploads\/2023\/07\/1-Projeto-Divulgacao-Cientifica.pdf\" target=\"_blank\" rel=\"noopener\">Projeto Pedag\u00f3gico <\/a><a href=\"https:\/\/www.ufmg.br\/proex\/wp-content\/uploads\/2024\/08\/Resolucao-CG-05-de-10-04-2023-Indica-os-membros-das-Comissoes-Coordenadoras-das-FT.pdf\" target=\"_blank\" rel=\"noopener\">\u2013<\/a><a href=\"https:\/\/www.ufmg.br\/prograd\/wp-content\/uploads\/2023\/07\/1-Projeto-Divulgacao-Cientifica.pdf\" target=\"_blank\" rel=\"noopener\"> Forma\u00e7\u00e3o Transversal em Divulga\u00e7\u00e3o Cient\u00edfica<\/a><\/p>\n<\/div>\n<p><a href=\"https:\/\/www.ufmg.br\/proex\/wp-content\/uploads\/2025\/07\/SEI_4335941_Resolucao_9.pdf\" target=\"_blank\" rel=\"noopener\">Resolu\u00e7\u00e3o n\u00ba 9, de 30 de junho 2025 \u2013 designa os membros das Comiss\u00f5es Coordenadoras das Forma\u00e7\u00f5es Transversais<\/a><\/p>\n<p>Outras informa\u00e7\u00f5es podem ser obtidas presencialmente na Secretaria das Forma\u00e7\u00f5es Transversais (sala A105 do CAD III, campus Pampulha) ou pelo telefone (31) 3409-6590 e e-mail <u><a href=\"mailto:transversal@prograd.ufmg.br\" target=\"_self\" rel=\"noopener\">transversal@prograd.ufmg.br<\/a><\/u>.<\/p>\n","protected":false},"excerpt":{"rendered":"<p>Criada em 2016, a Forma\u00e7\u00e3o Transversal em Divulga\u00e7\u00e3o Cient\u00edfica \u00e9 [&hellip;]<\/p>\n","protected":false},"author":2,"featured_media":0,"parent":0,"menu_order":0,"comment_status":"closed","ping_status":"closed","template":"","meta":[],"tags":[23,25,29],"_links":{"self":[{"href":"https:\/\/www.ufmg.br\/proex\/wp-json\/wp\/v2\/pages\/1589"}],"collection":[{"href":"https:\/\/www.ufmg.br\/proex\/wp-json\/wp\/v2\/pages"}],"about":[{"href":"https:\/\/www.ufmg.br\/proex\/wp-json\/wp\/v2\/types\/page"}],"author":[{"embeddable":true,"href":"https:\/\/www.ufmg.br\/proex\/wp-json\/wp\/v2\/users\/2"}],"replies":[{"embeddable":true,"href":"https:\/\/www.ufmg.br\/proex\/wp-json\/wp\/v2\/comments?post=1589"}],"version-history":[{"count":99,"href":"https:\/\/www.ufmg.br\/proex\/wp-json\/wp\/v2\/pages\/1589\/revisions"}],"predecessor-version":[{"id":17631,"href":"https:\/\/www.ufmg.br\/proex\/wp-json\/wp\/v2\/pages\/1589\/revisions\/17631"}],"wp:attachment":[{"href":"https:\/\/www.ufmg.br\/proex\/wp-json\/wp\/v2\/media?parent=1589"}],"wp:term":[{"taxonomy":"post_tag","embeddable":true,"href":"https:\/\/www.ufmg.br\/proex\/wp-json\/wp\/v2\/tags?post=1589"}],"curies":[{"name":"wp","href":"https:\/\/api.w.org\/{rel}","templated":true}]}}