{"id":15966,"date":"2025-07-22T13:42:10","date_gmt":"2025-07-22T16:42:10","guid":{"rendered":"https:\/\/www.ufmg.br\/proex\/?page_id=15966"},"modified":"2025-10-22T14:51:06","modified_gmt":"2025-10-22T17:51:06","slug":"politicadeavaliacao","status":"publish","type":"page","link":"https:\/\/www.ufmg.br\/proex\/politicadeavaliacao\/","title":{"rendered":"Pol\u00edtica de Avalia\u00e7\u00e3o"},"content":{"rendered":"<p>A Resolu\u00e7\u00e3o n\u00b0 05\/2021 da C\u00e2mara de Extens\u00e3o \u201cEstabeleceu as Diretrizes para a Pol\u00edtica de Avalia\u00e7\u00e3o da Extens\u00e3o da UFMG\u201d. Conforme o documento:<\/p>\n<p>\u201cconsidera-se avalia\u00e7\u00e3o da extens\u00e3o toda a pr\u00e1tica de an\u00e1lise e reflex\u00e3o sistem\u00e1tica de car\u00e1ter pol\u00edtico-institucional, voltada \u00e0 qualifica\u00e7\u00e3o das atividades de extens\u00e3o, fundamentada na relev\u00e2ncia acad\u00eamica e social da universidade p\u00fablica que subsidiem a revis\u00e3o de concep\u00e7\u00f5es e pr\u00e1ticas, a tomada de decis\u00f5es e a atualiza\u00e7\u00e3o constante do planejamento da UFMG para a extens\u00e3o\u201d (Art 1\u00ba, Par\u00e1grafo \u00fanico).<\/p>\n<p>Como descrito no documento \u2013 Pol\u00edtica de Avalia\u00e7\u00e3o da Extens\u00e3o -, desde o in\u00edcio dos anos 2000, a equipe da PROEX vem desenvolvendo um conjunto de iniciativas, aprimoradas de maneira cont\u00ednua, para tornar permanente a avalia\u00e7\u00e3o institucional da extens\u00e3o.<\/p>\n<p>&nbsp;<\/p>\n<p>&nbsp;<\/p>\n<p>&nbsp;<\/p>\n","protected":false},"excerpt":{"rendered":"<p>A Resolu\u00e7\u00e3o n\u00b0 05\/2021 da C\u00e2mara de Extens\u00e3o \u201cEstabeleceu as [&hellip;]<\/p>\n","protected":false},"author":2,"featured_media":0,"parent":0,"menu_order":0,"comment_status":"closed","ping_status":"closed","template":"","meta":[],"tags":[23,29],"_links":{"self":[{"href":"https:\/\/www.ufmg.br\/proex\/wp-json\/wp\/v2\/pages\/15966"}],"collection":[{"href":"https:\/\/www.ufmg.br\/proex\/wp-json\/wp\/v2\/pages"}],"about":[{"href":"https:\/\/www.ufmg.br\/proex\/wp-json\/wp\/v2\/types\/page"}],"author":[{"embeddable":true,"href":"https:\/\/www.ufmg.br\/proex\/wp-json\/wp\/v2\/users\/2"}],"replies":[{"embeddable":true,"href":"https:\/\/www.ufmg.br\/proex\/wp-json\/wp\/v2\/comments?post=15966"}],"version-history":[{"count":5,"href":"https:\/\/www.ufmg.br\/proex\/wp-json\/wp\/v2\/pages\/15966\/revisions"}],"predecessor-version":[{"id":16687,"href":"https:\/\/www.ufmg.br\/proex\/wp-json\/wp\/v2\/pages\/15966\/revisions\/16687"}],"wp:attachment":[{"href":"https:\/\/www.ufmg.br\/proex\/wp-json\/wp\/v2\/media?parent=15966"}],"wp:term":[{"taxonomy":"post_tag","embeddable":true,"href":"https:\/\/www.ufmg.br\/proex\/wp-json\/wp\/v2\/tags?post=15966"}],"curies":[{"name":"wp","href":"https:\/\/api.w.org\/{rel}","templated":true}]}}