{"id":15974,"date":"2025-07-22T14:35:10","date_gmt":"2025-07-22T17:35:10","guid":{"rendered":"https:\/\/www.ufmg.br\/proex\/?page_id=15974"},"modified":"2025-10-22T14:50:31","modified_gmt":"2025-10-22T17:50:31","slug":"matrizdeavaliacao","status":"publish","type":"page","link":"https:\/\/www.ufmg.br\/proex\/matrizdeavaliacao\/","title":{"rendered":"Matriz de Avalia\u00e7\u00e3o"},"content":{"rendered":"<p><span style=\"font-weight: 400;\">A Matriz de Refer\u00eancia para Avalia\u00e7\u00e3o das Atividades de Extens\u00e3o \u00e9 um instrumento criado para orientar os Centros de Extens\u00e3o (CENEX) na an\u00e1lise de m\u00e9rito das novas propostas extensionistas. Desenvolvida de forma colaborativa entre a Pr\u00f3-Reitoria de Extens\u00e3o (PROEX) e os CENEX, sua elabora\u00e7\u00e3o respondeu a demandas por crit\u00e9rios avaliativos claros e fortalecimento do papel acad\u00eamico desses colegiados. <\/span><\/p>\n<p><span style=\"font-weight: 400;\">A matriz organiza o processo de avalia\u00e7\u00e3o em quatro partes \u2014 identifica\u00e7\u00e3o, estrutura da atividade, an\u00e1lise de m\u00e9rito e parecer \u2014 e est\u00e1 alinhada \u00e0s diretrizes da extens\u00e3o. Al\u00e9m de qualificar o julgamento das a\u00e7\u00f5es, a matriz contribui para a forma\u00e7\u00e3o em extens\u00e3o nos cursos de gradua\u00e7\u00e3o, permitindo o registro adequado das atividades no SIEX e a constru\u00e7\u00e3o de indicadores institucionais, promovendo maior articula\u00e7\u00e3o entre ensino, pesquisa e extens\u00e3o.<\/span><\/p>\n<p>&nbsp;<\/p>\n<p>&nbsp;<\/p>\n<p>&nbsp;<\/p>\n<p>&nbsp;<\/p>\n","protected":false},"excerpt":{"rendered":"<p>A Matriz de Refer\u00eancia para Avalia\u00e7\u00e3o das Atividades de Extens\u00e3o [&hellip;]<\/p>\n","protected":false},"author":2,"featured_media":0,"parent":0,"menu_order":0,"comment_status":"closed","ping_status":"closed","template":"","meta":[],"tags":[23,29],"_links":{"self":[{"href":"https:\/\/www.ufmg.br\/proex\/wp-json\/wp\/v2\/pages\/15974"}],"collection":[{"href":"https:\/\/www.ufmg.br\/proex\/wp-json\/wp\/v2\/pages"}],"about":[{"href":"https:\/\/www.ufmg.br\/proex\/wp-json\/wp\/v2\/types\/page"}],"author":[{"embeddable":true,"href":"https:\/\/www.ufmg.br\/proex\/wp-json\/wp\/v2\/users\/2"}],"replies":[{"embeddable":true,"href":"https:\/\/www.ufmg.br\/proex\/wp-json\/wp\/v2\/comments?post=15974"}],"version-history":[{"count":7,"href":"https:\/\/www.ufmg.br\/proex\/wp-json\/wp\/v2\/pages\/15974\/revisions"}],"predecessor-version":[{"id":16686,"href":"https:\/\/www.ufmg.br\/proex\/wp-json\/wp\/v2\/pages\/15974\/revisions\/16686"}],"wp:attachment":[{"href":"https:\/\/www.ufmg.br\/proex\/wp-json\/wp\/v2\/media?parent=15974"}],"wp:term":[{"taxonomy":"post_tag","embeddable":true,"href":"https:\/\/www.ufmg.br\/proex\/wp-json\/wp\/v2\/tags?post=15974"}],"curies":[{"name":"wp","href":"https:\/\/api.w.org\/{rel}","templated":true}]}}