{"id":15988,"date":"2025-07-22T14:46:31","date_gmt":"2025-07-22T17:46:31","guid":{"rendered":"https:\/\/www.ufmg.br\/proex\/?page_id=15988"},"modified":"2025-10-22T14:49:15","modified_gmt":"2025-10-22T17:49:15","slug":"avaliacaobolsistaseorientadores","status":"publish","type":"page","link":"https:\/\/www.ufmg.br\/proex\/avaliacaobolsistaseorientadores\/","title":{"rendered":"Avalia\u00e7\u00e3o dos bolsistas e orientadores"},"content":{"rendered":"<p><span style=\"font-weight: 400;\">Desde o in\u00edcio de 2000, a PROEX vem realizando o acompanhamento dos programas e projetos contemplados pelo Edital PBEXT por meio da aplica\u00e7\u00e3o de formul\u00e1rios de avalia\u00e7\u00e3o. No formato atual, os formul\u00e1rios s\u00e3o preenchidos pelos orientadores e bolsistas de extens\u00e3o no Sistema de Fomento. Esses instrumentos s\u00e3o utilizados principalmente para avaliar a contribui\u00e7\u00e3o da extens\u00e3o para a forma\u00e7\u00e3o dos estudantes participantes na perspectiva dos bolsistas e de seus orientadores.<\/span><\/p>\n\n<p><img loading=\"lazy\" class=\"alignnone wp-image-14250 size-full\" src=\"https:\/\/www.ufmg.br\/proex\/wp-content\/uploads\/2024\/12\/1.png\" alt=\"\" width=\"800\" height=\"2000\" srcset=\"https:\/\/www.ufmg.br\/proex\/wp-content\/uploads\/2024\/12\/1.png 800w, https:\/\/www.ufmg.br\/proex\/wp-content\/uploads\/2024\/12\/1-120x300.png 120w, https:\/\/www.ufmg.br\/proex\/wp-content\/uploads\/2024\/12\/1-410x1024.png 410w, https:\/\/www.ufmg.br\/proex\/wp-content\/uploads\/2024\/12\/1-768x1920.png 768w, https:\/\/www.ufmg.br\/proex\/wp-content\/uploads\/2024\/12\/1-614x1536.png 614w\" sizes=\"(max-width: 800px) 100vw, 800px\" \/><\/p>\n<p>&nbsp;<\/p>\n<p><img loading=\"lazy\" class=\"alignnone wp-image-14251 size-full\" src=\"https:\/\/www.ufmg.br\/proex\/wp-content\/uploads\/2024\/12\/2.png\" alt=\"\" width=\"800\" height=\"2000\" srcset=\"https:\/\/www.ufmg.br\/proex\/wp-content\/uploads\/2024\/12\/2.png 800w, https:\/\/www.ufmg.br\/proex\/wp-content\/uploads\/2024\/12\/2-120x300.png 120w, https:\/\/www.ufmg.br\/proex\/wp-content\/uploads\/2024\/12\/2-410x1024.png 410w, https:\/\/www.ufmg.br\/proex\/wp-content\/uploads\/2024\/12\/2-768x1920.png 768w, https:\/\/www.ufmg.br\/proex\/wp-content\/uploads\/2024\/12\/2-614x1536.png 614w\" sizes=\"(max-width: 800px) 100vw, 800px\" \/><\/p>\n<p>&nbsp;<\/p>\n","protected":false},"excerpt":{"rendered":"<p>Desde o in\u00edcio de 2000, a PROEX vem realizando o [&hellip;]<\/p>\n","protected":false},"author":2,"featured_media":0,"parent":0,"menu_order":0,"comment_status":"closed","ping_status":"closed","template":"","meta":[],"tags":[23,29],"_links":{"self":[{"href":"https:\/\/www.ufmg.br\/proex\/wp-json\/wp\/v2\/pages\/15988"}],"collection":[{"href":"https:\/\/www.ufmg.br\/proex\/wp-json\/wp\/v2\/pages"}],"about":[{"href":"https:\/\/www.ufmg.br\/proex\/wp-json\/wp\/v2\/types\/page"}],"author":[{"embeddable":true,"href":"https:\/\/www.ufmg.br\/proex\/wp-json\/wp\/v2\/users\/2"}],"replies":[{"embeddable":true,"href":"https:\/\/www.ufmg.br\/proex\/wp-json\/wp\/v2\/comments?post=15988"}],"version-history":[{"count":25,"href":"https:\/\/www.ufmg.br\/proex\/wp-json\/wp\/v2\/pages\/15988\/revisions"}],"predecessor-version":[{"id":16683,"href":"https:\/\/www.ufmg.br\/proex\/wp-json\/wp\/v2\/pages\/15988\/revisions\/16683"}],"wp:attachment":[{"href":"https:\/\/www.ufmg.br\/proex\/wp-json\/wp\/v2\/media?parent=15988"}],"wp:term":[{"taxonomy":"post_tag","embeddable":true,"href":"https:\/\/www.ufmg.br\/proex\/wp-json\/wp\/v2\/tags?post=15988"}],"curies":[{"name":"wp","href":"https:\/\/api.w.org\/{rel}","templated":true}]}}