{"id":16002,"date":"2025-07-22T15:15:46","date_gmt":"2025-07-22T18:15:46","guid":{"rendered":"https:\/\/www.ufmg.br\/proex\/?page_id=16002"},"modified":"2025-10-22T14:48:23","modified_gmt":"2025-10-22T17:48:23","slug":"perfildaextensao","status":"publish","type":"page","link":"https:\/\/www.ufmg.br\/proex\/perfildaextensao\/","title":{"rendered":"Perfil da Extens\u00e3o"},"content":{"rendered":"<p><span style=\"font-weight: 400;\">Mapeamento das atividades de extens\u00e3o desenvolvidas pelas vinte unidades acad\u00eamicas, unidades especiais e outros \u00f3rg\u00e3os da Universidade. Como estrat\u00e9gia de trabalho, esse conjunto de unidades foi dividido em quatro grupos. Objetivando-se um acompanhamento peri\u00f3dico da extens\u00e3o na UFMG, a partir de dados do Sistema de Informa\u00e7\u00e3o da Extens\u00e3o (<\/span><a href=\"https:\/\/sistemas.ufmg.br\/siex\/PrincipalVisitante.do\" target=\"_blank\" rel=\"noopener\"><span style=\"font-weight: 400;\">SIEX<\/span><\/a><span style=\"font-weight: 400;\">), s\u00e3o elaborados perfis descritivos para cada um desses grupos a cada tr\u00eas anos, resultando em ciclos avaliativos trienais, conforme demonstrado no Quadro abaixo (ver quadro ao final do texto). Os dados resultantes desse mapeamento s\u00e3o disponibilizados \u00e0s unidades para discuss\u00e3o com a <\/span><a href=\"https:\/\/www.ufmg.br\/proex\/\" target=\"_blank\" rel=\"noopener\"><span style=\"font-weight: 400;\">PROEX<\/span><\/a><span style=\"font-weight: 400;\"> e planejamento estrat\u00e9gico do conjunto de atividades de extens\u00e3o.<\/span><\/p>\n<p><img loading=\"lazy\" class=\"aligncenter wp-image-16024\" src=\"https:\/\/www.ufmg.br\/proex\/wp-content\/uploads\/2025\/07\/Perfil-da-extensao-ufmg-300x189.jpg\" alt=\"\" width=\"850\" height=\"536\" srcset=\"https:\/\/www.ufmg.br\/proex\/wp-content\/uploads\/2025\/07\/Perfil-da-extensao-ufmg-300x189.jpg 300w, https:\/\/www.ufmg.br\/proex\/wp-content\/uploads\/2025\/07\/Perfil-da-extensao-ufmg-768x484.jpg 768w, https:\/\/www.ufmg.br\/proex\/wp-content\/uploads\/2025\/07\/Perfil-da-extensao-ufmg.jpg 923w\" sizes=\"(max-width: 850px) 100vw, 850px\" \/><\/p>\n<p><span style=\"font-weight: 400;\">O <\/span><b>1\u00ba Ciclo Avaliativo <\/b><b>dos Perfis da Extens\u00e3o na UFMG<\/b><span style=\"font-weight: 400;\">, iniciado em 2015, objetivou a elabora\u00e7\u00e3o de relat\u00f3rios de an\u00e1lise descritiva que refletissem a caracteriza\u00e7\u00e3o da extens\u00e3o em cada unidade e da UFMG e realiza\u00e7\u00e3o de reuni\u00f5es com algumas unidades para a an\u00e1lise conjunta e discuss\u00e3o dos dados dos perfis elaborados.<\/span><\/p>\n<p><span style=\"font-weight: 400;\">\u00a0<\/span><span style=\"font-weight: 400;\">No <\/span><b>2\u00ba Ciclo Avaliativo <\/b><b>dos Perfis da Extens\u00e3o na UFMG<\/b><span style=\"font-weight: 400;\">, realizado a partir de 2018, os dados sistematizados nos relat\u00f3rios do 1\u00ba Ciclo foram retomados para fins de an\u00e1lise comparativa da evolu\u00e7\u00e3o dos perfis das atividades de extens\u00e3o nas unidades analisadas, em forma de sinopse, acompanhada de um parecer avaliativo com considera\u00e7\u00f5es e proposi\u00e7\u00f5es da PROEX para cada uma das Unidades. No 2\u00ba Ciclo, os dados das unidades administrativas e outros \u00f3rg\u00e3os n\u00e3o foram analisados.\u00a0<\/span><\/p>\n<p><span style=\"font-weight: 400;\">O <\/span><b>3\u00ba Ciclo Avaliativo<\/b> <b>dos Perfis da Extens\u00e3o na UFMG<\/b><span style=\"font-weight: 400;\"> ser\u00e1 composto pelos dados do tri\u00eanio 2020-2021-2022 cotejados com os alguns dos dados sistematizados nos ciclos anteriores, considerando o intervalo temporal de 2014 a 2022. As sinopses n\u00e3o ser\u00e3o acompanhadas de parecer avaliativo, pois objetiva-se oferecer uma base de dados para que as pr\u00f3prias unidades acad\u00eamicas e especiais possam acompanhar e produzir an\u00e1lises das mudan\u00e7as no perfil das atividades de extens\u00e3o que subsidiem o processo de avalia\u00e7\u00e3o institucional da \u00e1rea na UFMG.<\/span><\/p>\n<p><span style=\"font-weight: 400;\">Ap\u00f3s a conclus\u00e3o de cada Ciclo Avaliativo das Atividades de Extens\u00e3o na UFMG, a equipe da DAEXT elaborou <\/span><b>Documentos S\u00ednteses<\/b><span style=\"font-weight: 400;\"> de car\u00e1ter anal\u00edtico composto por reflex\u00f5es e apontamentos provenientes do acompanhamento do conjunto dos dados da extens\u00e3o na UFMG e suas diferentes unidades e do di\u00e1logo realizado com algumas unidades. O documento tamb\u00e9m \u00e9 composto por sugest\u00f5es de a\u00e7\u00f5es e procedimentos voltados, em especial, \u00e0 qualifica\u00e7\u00e3o do processo de avalia\u00e7\u00e3o da extens\u00e3o na UFMG.<\/span><\/p>\n<p>&nbsp;<\/p>\n","protected":false},"excerpt":{"rendered":"<p>Mapeamento das atividades de extens\u00e3o desenvolvidas pelas vinte unidades acad\u00eamicas, [&hellip;]<\/p>\n","protected":false},"author":2,"featured_media":0,"parent":0,"menu_order":0,"comment_status":"closed","ping_status":"closed","template":"","meta":[],"tags":[23,29],"_links":{"self":[{"href":"https:\/\/www.ufmg.br\/proex\/wp-json\/wp\/v2\/pages\/16002"}],"collection":[{"href":"https:\/\/www.ufmg.br\/proex\/wp-json\/wp\/v2\/pages"}],"about":[{"href":"https:\/\/www.ufmg.br\/proex\/wp-json\/wp\/v2\/types\/page"}],"author":[{"embeddable":true,"href":"https:\/\/www.ufmg.br\/proex\/wp-json\/wp\/v2\/users\/2"}],"replies":[{"embeddable":true,"href":"https:\/\/www.ufmg.br\/proex\/wp-json\/wp\/v2\/comments?post=16002"}],"version-history":[{"count":28,"href":"https:\/\/www.ufmg.br\/proex\/wp-json\/wp\/v2\/pages\/16002\/revisions"}],"predecessor-version":[{"id":16682,"href":"https:\/\/www.ufmg.br\/proex\/wp-json\/wp\/v2\/pages\/16002\/revisions\/16682"}],"wp:attachment":[{"href":"https:\/\/www.ufmg.br\/proex\/wp-json\/wp\/v2\/media?parent=16002"}],"wp:term":[{"taxonomy":"post_tag","embeddable":true,"href":"https:\/\/www.ufmg.br\/proex\/wp-json\/wp\/v2\/tags?post=16002"}],"curies":[{"name":"wp","href":"https:\/\/api.w.org\/{rel}","templated":true}]}}