{"id":16040,"date":"2025-07-24T14:48:41","date_gmt":"2025-07-24T17:48:41","guid":{"rendered":"https:\/\/www.ufmg.br\/proex\/?page_id=16040"},"modified":"2025-10-22T14:47:25","modified_gmt":"2025-10-22T17:47:25","slug":"outrosprocedimentoseresultadosdaavaliacao","status":"publish","type":"page","link":"https:\/\/www.ufmg.br\/proex\/outrosprocedimentoseresultadosdaavaliacao\/","title":{"rendered":"Outros procedimentos e resultados da avalia\u00e7\u00e3o"},"content":{"rendered":"<p><strong>Acompanhamento dos Programas e Projetos contemplados pelo <\/strong>Edital PROEXT\/MEC\/Sesu &#8211; 2014<\/p>\n<p><span style=\"font-weight: 400;\">O acompanhamento destas a\u00e7\u00f5es foi realizado por meio da an\u00e1lise dos relat\u00f3rios parciais e finais com emiss\u00e3o de parecer t\u00e9cnico e elabora\u00e7\u00e3o de relat\u00f3rio s\u00edntese sobre as principais dificuldades\/mudan\u00e7as relatadas pelos coordenadores nos relat\u00f3rios parciais relativos ao desenvolvimento dos programas\/projetos. Ao final do processo de acompanhamento, elaborou-se tamb\u00e9m o relat\u00f3rio s\u00edntese do Perfil e de alguns resultados dos Programas e Projetos, com base na an\u00e1lise dos relat\u00f3rios finais apresentados pelos coordenadores.<\/span><\/p>\n<p><strong>Mapeamento das atividades de Extens\u00e3o do\/no curr\u00edculo de gradua\u00e7\u00e3o<\/strong><\/p>\n<p><span style=\"font-weight: 400;\">O Plano Nacional de Educa\u00e7\u00e3o (2014-2024) estabeleceu em sua estrat\u00e9gia 7 da meta 12 o m\u00ednimo de 10% do total de cr\u00e9ditos curriculares exigidos \u00e0 gradua\u00e7\u00e3o em programas e projetos de extens\u00e3o universit\u00e1ria. Perante essa previs\u00e3o e a import\u00e2ncia da extensionaliza\u00e7\u00e3o dos curr\u00edculos de gradua\u00e7\u00e3o da UFMG, no ano de 2017, a Pr\u00f3-Reitoria de Extens\u00e3o realizou o mapeamento sobre a credita\u00e7\u00e3o curricular em a\u00e7\u00f5es de extens\u00e3o dos\/nos cursos de gradua\u00e7\u00e3o da UFMG.<\/span><\/p>\n<p><strong>Relat\u00f3rio Consulta Avaliadores \u2013 Encontro de Extens\u00e3o 2014<\/strong><\/p>\n<p><span style=\"font-weight: 400;\">O relat\u00f3rio apresenta os resultados de uma consulta realizada junto aos servidores docentes e t\u00e9cnicos administrativos que avaliaram os trabalhos apresentados durante o XVII Encontro de Extens\u00e3o da Universidade Federal de Minas Gerais, ocorrido ao longo do evento \u2013 UFMG Conhecimento e Cultura em 2014. A consulta objetivou\u00a0 demonstrar se a avalia\u00e7\u00e3o dos trabalhos apresentados pelos discentes durante o evento, integrada aos demais processos avaliativos da extens\u00e3o na UFMG, poderia ser utilizada como instrumento de avalia\u00e7\u00e3o dos programas e projetos aos quais os discentes s\u00e3o vinculados. Buscou obter tamb\u00e9m, informa\u00e7\u00f5es que pudessem aprimorar o processo de avalia\u00e7\u00e3o dos trabalhos apresentados durante o Encontro de Extens\u00e3o.<\/span><\/p>\n<p>&nbsp;<\/p>\n","protected":false},"excerpt":{"rendered":"<p>Acompanhamento dos Programas e Projetos contemplados pelo Edital PROEXT\/MEC\/Sesu &#8211; [&hellip;]<\/p>\n","protected":false},"author":2,"featured_media":0,"parent":0,"menu_order":0,"comment_status":"closed","ping_status":"closed","template":"","meta":[],"tags":[23,29],"_links":{"self":[{"href":"https:\/\/www.ufmg.br\/proex\/wp-json\/wp\/v2\/pages\/16040"}],"collection":[{"href":"https:\/\/www.ufmg.br\/proex\/wp-json\/wp\/v2\/pages"}],"about":[{"href":"https:\/\/www.ufmg.br\/proex\/wp-json\/wp\/v2\/types\/page"}],"author":[{"embeddable":true,"href":"https:\/\/www.ufmg.br\/proex\/wp-json\/wp\/v2\/users\/2"}],"replies":[{"embeddable":true,"href":"https:\/\/www.ufmg.br\/proex\/wp-json\/wp\/v2\/comments?post=16040"}],"version-history":[{"count":9,"href":"https:\/\/www.ufmg.br\/proex\/wp-json\/wp\/v2\/pages\/16040\/revisions"}],"predecessor-version":[{"id":16681,"href":"https:\/\/www.ufmg.br\/proex\/wp-json\/wp\/v2\/pages\/16040\/revisions\/16681"}],"wp:attachment":[{"href":"https:\/\/www.ufmg.br\/proex\/wp-json\/wp\/v2\/media?parent=16040"}],"wp:term":[{"taxonomy":"post_tag","embeddable":true,"href":"https:\/\/www.ufmg.br\/proex\/wp-json\/wp\/v2\/tags?post=16040"}],"curies":[{"name":"wp","href":"https:\/\/api.w.org\/{rel}","templated":true}]}}