{"id":16149,"date":"2025-08-04T15:56:30","date_gmt":"2025-08-04T18:56:30","guid":{"rendered":"https:\/\/www.ufmg.br\/proex\/?page_id=16149"},"modified":"2025-08-04T15:56:30","modified_gmt":"2025-08-04T18:56:30","slug":"projeto-padim","status":"publish","type":"page","link":"https:\/\/www.ufmg.br\/proex\/projeto-padim\/","title":{"rendered":"Projeto Padim"},"content":{"rendered":"<p>Est\u00e3o abertas as inscri\u00e7\u00f5es para uma bolsa na modalidade Pbext A\u00e7\u00e3o Afirmativa (estudantes de gradua\u00e7\u00e3o) e uma bolsa na modalidade Formex (estudantes de p\u00f3s-gradua\u00e7\u00e3o) no <a href=\"https:\/\/nersi.eci.ufmg.br\/padim\/\" target=\"_blank\" rel=\"noopener\">Programa de Alfabetiza\u00e7\u00e3o Digital, Informacional, Midi\u00e1tica e Liter\u00e1ria de Adolescentes Mulheres em Mo\u00e7ambique e Brasil \u2013 Padim.<\/a><\/p>\n<p><strong>Valor da bolsa Pbext A\u00e7\u00e3o Afirmativa<\/strong>: 700\/mensal (20h semanais)<br \/>\n<strong>Valor da bolsa Formex<\/strong>: 550\/mensal (12h semanais)<br \/>\n<strong>Vig\u00eancia<\/strong>: agosto de 2025 a julho de 2026<\/p>\n<p>As inscri\u00e7\u00f5es devem ser realizadas <strong>at\u00e9 7 de agosto de 2025<\/strong>, exclusivamente pelos e-mails <a href=\"mailto:nersiufmg@gmail.com\" target=\"_blank\" rel=\"noopener\">nersiufmg@gmail.com<\/a> e <a href=\"mailto:apmeneses@gmail.com\">apmeneses@gmail.com<\/a><\/p>\n<p><strong>Documenta\u00e7\u00e3o<br \/>\n<\/strong>Os(as) candidatos(as) dever\u00e3o enviar, em anexo, os seguintes documentos digitalizados (arquivo PDF):<br \/>\na) Hist\u00f3rico Escolar (emitido pelo Minha UFMG);<br \/>\nb) Comprovante de matr\u00edcula do semestre atual;<br \/>\nc) Carta de interesse, contendo uma exposi\u00e7\u00e3o dos motivos que levaram o estudante a pleitear sua participa\u00e7\u00e3o no projeto, em uma lauda, com fonte Arial 12 e espa\u00e7amento entre linhas de 1,5 (sendo importante relatar suas qualifica\u00e7\u00f5es e experi\u00eancias anteriores, especialmente com adolescentes);<br \/>\nd) Documento de identidade e CPF;<br \/>\ne) Documenta\u00e7\u00e3o comprobat\u00f3ria das condi\u00e7\u00f5es espec\u00edficas Bolsa PBEXT (A\u00e7\u00e3o Afirmativa) ou da Bolsa FORMEX PG<br \/>\nf) Contato de telefone (se poss\u00edvel Whatsapp) e e-mail;<br \/>\ng) Declara\u00e7\u00e3o de disponibilidade para atuar PRESENCIALMENTE na Escola Estadual Deputado Manoel Costa. (R. Hor\u00e1cio Terena Guimar\u00e3es, 495 &#8211; C\u00e9u Azul, Belo Horizonte (a declara\u00e7\u00e3o deve ser incorporada no \u00faltimo par\u00e1grafo da carta de interesse);<br \/>\nh) Link para seu curr\u00edculo lattes atualizado (incorporado na carta de interesse).<\/p>\n<p>As informa\u00e7\u00f5es completas est\u00e3o no <a href=\"https:\/\/www.ufmg.br\/proex\/wp-content\/uploads\/2025\/08\/Edital_Formex_Padim_2025-2026_final_29.07.2025__281_29_assinado.pdf\" target=\"_blank\" rel=\"noopener\">edital de sele\u00e7\u00e3o.<\/a><\/p>\n<p>&nbsp;<\/p>\n","protected":false},"excerpt":{"rendered":"<p>Est\u00e3o abertas as inscri\u00e7\u00f5es para uma bolsa na modalidade Pbext [&hellip;]<\/p>\n","protected":false},"author":2,"featured_media":0,"parent":0,"menu_order":0,"comment_status":"closed","ping_status":"closed","template":"","meta":[],"tags":[191,23,25,883,29],"_links":{"self":[{"href":"https:\/\/www.ufmg.br\/proex\/wp-json\/wp\/v2\/pages\/16149"}],"collection":[{"href":"https:\/\/www.ufmg.br\/proex\/wp-json\/wp\/v2\/pages"}],"about":[{"href":"https:\/\/www.ufmg.br\/proex\/wp-json\/wp\/v2\/types\/page"}],"author":[{"embeddable":true,"href":"https:\/\/www.ufmg.br\/proex\/wp-json\/wp\/v2\/users\/2"}],"replies":[{"embeddable":true,"href":"https:\/\/www.ufmg.br\/proex\/wp-json\/wp\/v2\/comments?post=16149"}],"version-history":[{"count":3,"href":"https:\/\/www.ufmg.br\/proex\/wp-json\/wp\/v2\/pages\/16149\/revisions"}],"predecessor-version":[{"id":16153,"href":"https:\/\/www.ufmg.br\/proex\/wp-json\/wp\/v2\/pages\/16149\/revisions\/16153"}],"wp:attachment":[{"href":"https:\/\/www.ufmg.br\/proex\/wp-json\/wp\/v2\/media?parent=16149"}],"wp:term":[{"taxonomy":"post_tag","embeddable":true,"href":"https:\/\/www.ufmg.br\/proex\/wp-json\/wp\/v2\/tags?post=16149"}],"curies":[{"name":"wp","href":"https:\/\/api.w.org\/{rel}","templated":true}]}}