{"id":16246,"date":"2025-08-20T17:34:19","date_gmt":"2025-08-20T20:34:19","guid":{"rendered":"https:\/\/www.ufmg.br\/proex\/?page_id=16246"},"modified":"2025-08-20T17:41:37","modified_gmt":"2025-08-20T20:41:37","slug":"clinicafinanceirauniversitaria","status":"publish","type":"page","link":"https:\/\/www.ufmg.br\/proex\/clinicafinanceirauniversitaria\/","title":{"rendered":"Cl\u00ednica Financeira Universit\u00e1ria"},"content":{"rendered":"<p><strong>At\u00e9 31 de agosto de 2025<\/strong>, a\u00a0<a href=\"https:\/\/www.instagram.com\/cfu.ufmg\/\" target=\"_blank\" rel=\"noopener\">Cl\u00ednica Financeira Universit\u00e1ria (CFU)<\/a> recebe\u00a0inscri\u00e7\u00f5es para sele\u00e7\u00e3o de\u00a0novos\u00a0membros volunt\u00e1rios.<\/p>\n<p><a href=\"https:\/\/docs.google.com\/forms\/d\/e\/1FAIpQLSfSSDw255X27WM-Nsyf7V22cQTXozsGSG7ANNQjiMecXH5kBg\/viewform\" target=\"_blank\" rel=\"noopener\">Formul\u00e1rio de inscri\u00e7\u00e3o<\/a><\/p>\n<p>O objetivo do projeto de extens\u00e3o \u00e9 oferecer orienta\u00e7\u00e3o e educa\u00e7\u00e3o financeira de forma gratuita \u00e0 comunidade, por meio de atendimentos conduzidos por estudantes de gradua\u00e7\u00e3o da Faculdade de Ci\u00eancias Econ\u00f4micas (Face\/UFMG), sob supervis\u00e3o do professor Aureliano Bressan, coordenador do projeto.<\/p>\n<p>S\u00e3o ofertadas\u00a0at\u00e9 15 vagas\u00a0para\u00a0estudantes de gradua\u00e7\u00e3o da UFMG, preferencialmente dos cursos de Administra\u00e7\u00e3o, Ci\u00eancias Cont\u00e1beis, Economia, Controladoria e Finan\u00e7as, Computa\u00e7\u00e3o, Sistemas de Informa\u00e7\u00e3o, Ci\u00eancia de Dados, Engenharia da Computa\u00e7\u00e3o, Direito, Psicologia, Publicidade e Comunica\u00e7\u00e3o Social.<\/p>\n<p>Os estudantes\u00a0selecionados atuar\u00e3o em frentes de\u00a0atendimento individual ou coletivo com foco em educa\u00e7\u00e3o financeira, produ\u00e7\u00e3o de materiais educativos, participa\u00e7\u00e3o em reuni\u00f5es,\u00a0apoio a\u00a0a\u00e7\u00f5es externas e eventos de extens\u00e3o\u00a0e relato das atividades realizadas.<\/p>\n<p>O resultado final ser\u00e1 divulgado por e-mail no dia 5 de setembro.<\/p>\n<p>As informa\u00e7\u00f5es completas est\u00e3o no <a href=\"https:\/\/drive.google.com\/file\/d\/1Aqg4UVm_AMUuai-tJrBSDjKevL65FgC6\/view\" target=\"_blank\" rel=\"noopener\">edital do processo de sele\u00e7\u00e3o<\/a>.<\/p>\n<p>D\u00favidas podem ser esclarecidas pelos e-mails <a href=\"mailto:aureliano@ufmg.br\" target=\"_blank\" rel=\"noopener\">aureliano@ufmg.br<\/a> e <a href=\"mailto:cfuufmg@gmail.com\" target=\"_blank\" rel=\"noopener\">cfuufmg@gmail.com<\/a><\/p>\n<p>&nbsp;<\/p>\n<p>&nbsp;<\/p>\n","protected":false},"excerpt":{"rendered":"<p>At\u00e9 31 de agosto de 2025, a\u00a0Cl\u00ednica Financeira Universit\u00e1ria (CFU) [&hellip;]<\/p>\n","protected":false},"author":2,"featured_media":0,"parent":0,"menu_order":0,"comment_status":"closed","ping_status":"closed","template":"","meta":[],"tags":[191,887,23,885,29],"_links":{"self":[{"href":"https:\/\/www.ufmg.br\/proex\/wp-json\/wp\/v2\/pages\/16246"}],"collection":[{"href":"https:\/\/www.ufmg.br\/proex\/wp-json\/wp\/v2\/pages"}],"about":[{"href":"https:\/\/www.ufmg.br\/proex\/wp-json\/wp\/v2\/types\/page"}],"author":[{"embeddable":true,"href":"https:\/\/www.ufmg.br\/proex\/wp-json\/wp\/v2\/users\/2"}],"replies":[{"embeddable":true,"href":"https:\/\/www.ufmg.br\/proex\/wp-json\/wp\/v2\/comments?post=16246"}],"version-history":[{"count":14,"href":"https:\/\/www.ufmg.br\/proex\/wp-json\/wp\/v2\/pages\/16246\/revisions"}],"predecessor-version":[{"id":16260,"href":"https:\/\/www.ufmg.br\/proex\/wp-json\/wp\/v2\/pages\/16246\/revisions\/16260"}],"wp:attachment":[{"href":"https:\/\/www.ufmg.br\/proex\/wp-json\/wp\/v2\/media?parent=16246"}],"wp:term":[{"taxonomy":"post_tag","embeddable":true,"href":"https:\/\/www.ufmg.br\/proex\/wp-json\/wp\/v2\/tags?post=16246"}],"curies":[{"name":"wp","href":"https:\/\/api.w.org\/{rel}","templated":true}]}}