{"id":16501,"date":"2025-09-17T15:16:39","date_gmt":"2025-09-17T18:16:39","guid":{"rendered":"https:\/\/www.ufmg.br\/proex\/?page_id=16501"},"modified":"2025-10-22T14:53:03","modified_gmt":"2025-10-22T17:53:03","slug":"relatorios-dos-formularios-de-avaliacao","status":"publish","type":"page","link":"https:\/\/www.ufmg.br\/proex\/relatorios-dos-formularios-de-avaliacao\/","title":{"rendered":"Relat\u00f3rios dos Formul\u00e1rios de Avalia\u00e7\u00e3o"},"content":{"rendered":"<p><a href=\"https:\/\/www.ufmg.br\/proex\/wp-content\/uploads\/2024\/12\/Relatorio-Formularios-de-Avaliacao_2018_2022-1.pdf\" target=\"_blank\" rel=\"noopener\">Relat\u00f3rio dos Formul\u00e1rios de Avalia\u00e7\u00e3o das Atividades de Extens\u00e3o Fomentadas pelo Edital PBEXT de 2018 a 2022<\/a><\/p>\n<p><a href=\"https:\/\/drive.google.com\/file\/d\/1S7btUm3xvRF6gBtHI_3iXmBx2I8yMWiv\/view?usp=share_link\" target=\"_blank\" rel=\"noopener\">Relat\u00f3rio 2017<\/a><\/p>\n<p><a href=\"https:\/\/drive.google.com\/file\/d\/1muY8GBNN1Nt6NBE4_IuEQBRUBgrbu2fu\/view?usp=share_link\" target=\"_blank\" rel=\"noopener\">Relat\u00f3rio 2016<\/a><\/p>\n<p><a href=\"https:\/\/www.ufmg.br\/proex\/wp-content\/uploads\/2021\/12\/Relatorio-bolsistas-e-orientadores_2015_FINAL.pdf\" target=\"_blank\" rel=\"noopener\">Relat\u00f3rio 2015<\/a><\/p>\n<p><a href=\"https:\/\/www.ufmg.br\/proex\/wp-content\/uploads\/2021\/12\/Relatorio-2014.pdf\" target=\"_blank\" rel=\"noopener\">Relat\u00f3rio 2014<\/a><\/p>\n<p><a href=\"https:\/\/www.ufmg.br\/proex\/wp-content\/uploads\/2021\/12\/Relatorio-da-avaliacao-BOLSISTAS-2013-versao-final.pdf\" target=\"_blank\" rel=\"noopener\">Relat\u00f3rio 2013<\/a><\/p>\n<p><a href=\"https:\/\/www.ufmg.br\/proex\/wp-content\/uploads\/2021\/12\/Relatorio-comparativo-da-avaliacao-bolsistas-2012-e-2013.pdf\" target=\"_blank\" rel=\"noopener\">Relat\u00f3rio Comparativo da avalia\u00e7\u00e3o bolsistas \u2013 2012 e 2013<\/a><\/p>\n<p>&nbsp;<\/p>\n<p>&nbsp;<\/p>\n<p>&nbsp;<\/p>\n","protected":false},"excerpt":{"rendered":"<p>Relat\u00f3rio dos Formul\u00e1rios de Avalia\u00e7\u00e3o das Atividades de Extens\u00e3o Fomentadas [&hellip;]<\/p>\n","protected":false},"author":2,"featured_media":0,"parent":0,"menu_order":0,"comment_status":"closed","ping_status":"closed","template":"","meta":[],"tags":[],"_links":{"self":[{"href":"https:\/\/www.ufmg.br\/proex\/wp-json\/wp\/v2\/pages\/16501"}],"collection":[{"href":"https:\/\/www.ufmg.br\/proex\/wp-json\/wp\/v2\/pages"}],"about":[{"href":"https:\/\/www.ufmg.br\/proex\/wp-json\/wp\/v2\/types\/page"}],"author":[{"embeddable":true,"href":"https:\/\/www.ufmg.br\/proex\/wp-json\/wp\/v2\/users\/2"}],"replies":[{"embeddable":true,"href":"https:\/\/www.ufmg.br\/proex\/wp-json\/wp\/v2\/comments?post=16501"}],"version-history":[{"count":13,"href":"https:\/\/www.ufmg.br\/proex\/wp-json\/wp\/v2\/pages\/16501\/revisions"}],"predecessor-version":[{"id":16574,"href":"https:\/\/www.ufmg.br\/proex\/wp-json\/wp\/v2\/pages\/16501\/revisions\/16574"}],"wp:attachment":[{"href":"https:\/\/www.ufmg.br\/proex\/wp-json\/wp\/v2\/media?parent=16501"}],"wp:term":[{"taxonomy":"post_tag","embeddable":true,"href":"https:\/\/www.ufmg.br\/proex\/wp-json\/wp\/v2\/tags?post=16501"}],"curies":[{"name":"wp","href":"https:\/\/api.w.org\/{rel}","templated":true}]}}