{"id":16670,"date":"2025-10-22T13:07:12","date_gmt":"2025-10-22T16:07:12","guid":{"rendered":"https:\/\/www.ufmg.br\/proex\/?page_id=16670"},"modified":"2025-10-22T15:17:27","modified_gmt":"2025-10-22T18:17:27","slug":"avaliacaodaextensao","status":"publish","type":"page","link":"https:\/\/www.ufmg.br\/proex\/avaliacaodaextensao\/","title":{"rendered":"Avalia\u00e7\u00e3o da Extens\u00e3o"},"content":{"rendered":"<p><span style=\"font-weight: 400;\">A avalia\u00e7\u00e3o das atividades de extens\u00e3o na UFMG orienta-se pelas diretrizes pol\u00edticas da C\u00e2mara de Extens\u00e3o e conta com os procedimentos, os instrumentos, os resultados e os indicadores abaixo:<\/span><\/p>\n","protected":false},"excerpt":{"rendered":"<p>A avalia\u00e7\u00e3o das atividades de extens\u00e3o na UFMG orienta-se pelas [&hellip;]<\/p>\n","protected":false},"author":1,"featured_media":0,"parent":0,"menu_order":0,"comment_status":"closed","ping_status":"closed","template":"page-extension-evaluation.php","meta":[],"tags":[],"_links":{"self":[{"href":"https:\/\/www.ufmg.br\/proex\/wp-json\/wp\/v2\/pages\/16670"}],"collection":[{"href":"https:\/\/www.ufmg.br\/proex\/wp-json\/wp\/v2\/pages"}],"about":[{"href":"https:\/\/www.ufmg.br\/proex\/wp-json\/wp\/v2\/types\/page"}],"author":[{"embeddable":true,"href":"https:\/\/www.ufmg.br\/proex\/wp-json\/wp\/v2\/users\/1"}],"replies":[{"embeddable":true,"href":"https:\/\/www.ufmg.br\/proex\/wp-json\/wp\/v2\/comments?post=16670"}],"version-history":[{"count":2,"href":"https:\/\/www.ufmg.br\/proex\/wp-json\/wp\/v2\/pages\/16670\/revisions"}],"predecessor-version":[{"id":16688,"href":"https:\/\/www.ufmg.br\/proex\/wp-json\/wp\/v2\/pages\/16670\/revisions\/16688"}],"wp:attachment":[{"href":"https:\/\/www.ufmg.br\/proex\/wp-json\/wp\/v2\/media?parent=16670"}],"wp:term":[{"taxonomy":"post_tag","embeddable":true,"href":"https:\/\/www.ufmg.br\/proex\/wp-json\/wp\/v2\/tags?post=16670"}],"curies":[{"name":"wp","href":"https:\/\/api.w.org\/{rel}","templated":true}]}}