{"id":17108,"date":"2026-02-23T11:28:41","date_gmt":"2026-02-23T14:28:41","guid":{"rendered":"https:\/\/www.ufmg.br\/proex\/?page_id=17108"},"modified":"2026-02-23T11:32:53","modified_gmt":"2026-02-23T14:32:53","slug":"projeto-gestao-por-resultados-hc-ufmg","status":"publish","type":"page","link":"https:\/\/www.ufmg.br\/proex\/projeto-gestao-por-resultados-hc-ufmg\/","title":{"rendered":"Projeto Gest\u00e3o por Resultados HC\/UFMG"},"content":{"rendered":"<p>De <strong>23 de fevereiro a 04 de mar\u00e7o de 2026<\/strong>, est\u00e3o abertas as inscri\u00e7\u00f5es para bolsa de extens\u00e3o (uma vaga), na modalidade PBEXT, para o<strong> projeto Gest\u00e3o por Resultados<\/strong>, vinculado ao Programa de Humaniza\u00e7\u00e3o do Hospital das Cl\u00ednicas da UFMG\/Ebserh.<\/p>\n<p data-start=\"113\" data-end=\"351\">Podem se inscrever no processo seletivo alunos e alunas da UFMG, regularmente matriculados nos cursos de gradua\u00e7\u00e3o em Gest\u00e3o de Servi\u00e7os de Sa\u00fade, Estat\u00edstica e Gest\u00e3o P\u00fablica, e que j\u00e1 tenham cursado, no m\u00ednimo, o 2\u00ba per\u00edodo (conclu\u00eddo).<\/p>\n<p><strong>Valor da bolsa:<\/strong>\u00a0R$ 700\/mensal<br \/>\n<strong>Vig\u00eancia<\/strong>: mar\u00e7o de 2026 a fevereiro de 2027 (12 meses)<\/p>\n<p><strong>Inscri\u00e7\u00e3o<br \/>\n<\/strong>Os(as) estudantes interessados(as) devem enviar documenta\u00e7\u00e3o para o e-mail <a href=\"segov.hc-ufmg@ebserh.gov.br\" target=\"_blank\" rel=\"noopener\">segov.hc-ufmg@ebserh.gov.br:<\/a><\/p>\n<ul>\n<li>Documento de identidade com foto;<\/li>\n<li>Comprovante de matr\u00edcula do semestre em curso;<\/li>\n<li>Hist\u00f3rico escolar atualizado (contendo Rendimento Semestral Global \u2013 RSG);<\/li>\n<li>Curriculum Lattes;<\/li>\n<li>Contato atualizado (e-mail e telefone);<\/li>\n<li>Carta de interesse em ser bolsista do projeto (m\u00e1ximo 1 p\u00e1gina \u2013 arial 12 \u2013 espa\u00e7o 1,5);<\/li>\n<li>Comprova\u00e7\u00e3o de experi\u00eancia na \u00e1rea de gest\u00e3o em sa\u00fade.<\/li>\n<\/ul>\n<p>As informa\u00e7\u00f5es completas est\u00e3o no <a href=\"https:\/\/www.ufmg.br\/proex\/wp-content\/uploads\/2026\/02\/Edital_bolsista_assinado.pdf\" target=\"_blank\" rel=\"noopener\">edital de sele\u00e7\u00e3o.<\/a><\/p>\n<p>&nbsp;<\/p>\n<p>&nbsp;<\/p>\n","protected":false},"excerpt":{"rendered":"<p>De 23 de fevereiro a 04 de mar\u00e7o de 2026, [&hellip;]<\/p>\n","protected":false},"author":2,"featured_media":0,"parent":0,"menu_order":0,"comment_status":"closed","ping_status":"closed","template":"","meta":[],"tags":[191,893,897,899],"_links":{"self":[{"href":"https:\/\/www.ufmg.br\/proex\/wp-json\/wp\/v2\/pages\/17108"}],"collection":[{"href":"https:\/\/www.ufmg.br\/proex\/wp-json\/wp\/v2\/pages"}],"about":[{"href":"https:\/\/www.ufmg.br\/proex\/wp-json\/wp\/v2\/types\/page"}],"author":[{"embeddable":true,"href":"https:\/\/www.ufmg.br\/proex\/wp-json\/wp\/v2\/users\/2"}],"replies":[{"embeddable":true,"href":"https:\/\/www.ufmg.br\/proex\/wp-json\/wp\/v2\/comments?post=17108"}],"version-history":[{"count":10,"href":"https:\/\/www.ufmg.br\/proex\/wp-json\/wp\/v2\/pages\/17108\/revisions"}],"predecessor-version":[{"id":17120,"href":"https:\/\/www.ufmg.br\/proex\/wp-json\/wp\/v2\/pages\/17108\/revisions\/17120"}],"wp:attachment":[{"href":"https:\/\/www.ufmg.br\/proex\/wp-json\/wp\/v2\/media?parent=17108"}],"wp:term":[{"taxonomy":"post_tag","embeddable":true,"href":"https:\/\/www.ufmg.br\/proex\/wp-json\/wp\/v2\/tags?post=17108"}],"curies":[{"name":"wp","href":"https:\/\/api.w.org\/{rel}","templated":true}]}}