{"id":17157,"date":"2026-02-26T16:18:33","date_gmt":"2026-02-26T19:18:33","guid":{"rendered":"https:\/\/www.ufmg.br\/proex\/?page_id=17157"},"modified":"2026-03-02T16:26:43","modified_gmt":"2026-03-02T19:26:43","slug":"cenexigc","status":"publish","type":"page","link":"https:\/\/www.ufmg.br\/proex\/cenexigc\/","title":{"rendered":"CENEX IGC"},"content":{"rendered":"<div class=\"flex flex-col text-sm pb-25\">\n<article class=\"text-token-text-primary w-full focus:outline-none [--shadow-height:45px] has-data-writing-block:pointer-events-none has-data-writing-block:-mt-(--shadow-height) has-data-writing-block:pt-(--shadow-height) [&amp;:has([data-writing-block])&gt;*]:pointer-events-auto scroll-mt-[calc(var(--header-height)+min(200px,max(70px,20svh)))]\" dir=\"auto\" tabindex=\"-1\" data-turn-id=\"request-6998975b-493c-8333-a079-fb78b566cc8a-7\" data-testid=\"conversation-turn-18\" data-scroll-anchor=\"true\" data-turn=\"assistant\">\n<div class=\"text-base my-auto mx-auto pb-10 [--thread-content-margin:--spacing(4)] @w-sm\/main:[--thread-content-margin:--spacing(6)] @w-lg\/main:[--thread-content-margin:--spacing(16)] px-(--thread-content-margin)\">\n<div class=\"[--thread-content-max-width:40rem] @w-lg\/main:[--thread-content-max-width:48rem] mx-auto max-w-(--thread-content-max-width) flex-1 group\/turn-messages focus-visible:outline-hidden relative flex w-full min-w-0 flex-col agent-turn\" tabindex=\"-1\">\n<div class=\"flex max-w-full flex-col grow\">\n<div class=\"min-h-8 text-message relative flex w-full flex-col items-end gap-2 text-start break-words whitespace-normal [.text-message+&amp;]:mt-1\" dir=\"auto\" data-message-author-role=\"assistant\" data-message-id=\"3ebf1de6-b4c1-4e70-a844-ebd138cff7ee\" data-message-model-slug=\"gpt-5-2\">\n<div class=\"flex w-full flex-col gap-1 empty:hidden first:pt-[1px]\">\n<div class=\"markdown prose dark:prose-invert w-full wrap-break-word light markdown-new-styling\">\n<p data-start=\"0\" data-end=\"176\" data-is-last-node=\"\" data-is-only-node=\"\"><strong>No per\u00edodo de 2 a 15 de mar\u00e7o de 2026,<\/strong> estar\u00e3o abertas as inscri\u00e7\u00f5es para 1 (uma) vaga de bolsa no Centro de Extens\u00e3o (Cenex) do Instituto de Geoci\u00eancias da UFMG (modalidade <strong>APEX A\u00e7\u00e3o Afirmativa<\/strong>).<\/p>\n<\/div>\n<\/div>\n<\/div>\n<\/div>\n<div class=\"z-0 flex min-h-[46px] justify-start\">\n<p data-start=\"0\" data-end=\"73\">Poder\u00e3o se inscrever <strong data-start=\"21\" data-end=\"66\">estudantes de cursos de gradua\u00e7\u00e3o da UFMG<\/strong> que:<\/p>\n<ul>\n<li data-start=\"75\" data-end=\"350\">Estejam regularmente matriculados do 2\u00ba ao \u00faltimo per\u00edodo do curso;<\/li>\n<li data-start=\"75\" data-end=\"350\">Tenham disponibilidade para trabalhar 20 horas semanais;<\/li>\n<li data-start=\"75\" data-end=\"350\">Tenham interesse em atuar com divulga\u00e7\u00e3o de diferentes temas da \u00e1rea da comunica\u00e7\u00e3o, especialmente nas m\u00eddias sociais.<\/li>\n<\/ul>\n<p><strong>Valor da bolsa<\/strong>: 700,00\/mensal<\/p>\n<p>As <strong>inscri\u00e7\u00f5es<\/strong> ser\u00e3o recebidas pelo e-mail <a href=\"mailto:cenex@igc.ufmg.br\" target=\"_blank\" rel=\"noopener\">cenex@igc.ufmg.br<\/a> (identificar em assunto o t\u00edtulo do projeto e o n\u00famero do edital).<\/p>\n<p>No ato da inscri\u00e7\u00e3o os(as) candidatos(as) dever\u00e3o apresentar os seguintes documentos digitalizados em pdf:<br \/>\na) Hist\u00f3rico Escolar<br \/>\nb) Carta de Motiva\u00e7\u00e3o<br \/>\nc) Curr\u00edculo lattes com documenta\u00e7\u00e3o comprobat\u00f3ria de cada item mencionado no curr\u00edculo<br \/>\nd) Declara\u00e7\u00e3o de classifica\u00e7\u00e3o socioecon\u00f4mica nos n\u00edveis I, II e III da Funda\u00e7\u00e3o Universit\u00e1ria Mendes Pimentel (Fump) ou de que ingressou na UFMG pelo sistema de cotas.<\/p>\n<p>O (a) bolsista selecionado(a) dever\u00e1 cumprir carga hor\u00e1ria de 20 horas semanais. As atividades a serem desenvolvidas est\u00e3o descritas no item 10 do edital.<\/p>\n<p>Consulte informa\u00e7\u00f5es completas no <a href=\"https:\/\/www.ufmg.br\/proex\/wp-content\/uploads\/2026\/02\/SEI_UFMG-4924680-GETULIO-FONSECA-DOMINGUES-Edital.pdf\" target=\"_blank\" rel=\"noopener\">edital 193\/2026.<\/a><\/p>\n<\/div>\n<p>&nbsp;<\/p>\n<\/div>\n<\/div>\n<\/article>\n<\/div>\n","protected":false},"excerpt":{"rendered":"<p>No per\u00edodo de 2 a 15 de mar\u00e7o de 2026, [&hellip;]<\/p>\n","protected":false},"author":2,"featured_media":0,"parent":0,"menu_order":0,"comment_status":"closed","ping_status":"closed","template":"","meta":[],"tags":[191,135,901,29],"_links":{"self":[{"href":"https:\/\/www.ufmg.br\/proex\/wp-json\/wp\/v2\/pages\/17157"}],"collection":[{"href":"https:\/\/www.ufmg.br\/proex\/wp-json\/wp\/v2\/pages"}],"about":[{"href":"https:\/\/www.ufmg.br\/proex\/wp-json\/wp\/v2\/types\/page"}],"author":[{"embeddable":true,"href":"https:\/\/www.ufmg.br\/proex\/wp-json\/wp\/v2\/users\/2"}],"replies":[{"embeddable":true,"href":"https:\/\/www.ufmg.br\/proex\/wp-json\/wp\/v2\/comments?post=17157"}],"version-history":[{"count":12,"href":"https:\/\/www.ufmg.br\/proex\/wp-json\/wp\/v2\/pages\/17157\/revisions"}],"predecessor-version":[{"id":17194,"href":"https:\/\/www.ufmg.br\/proex\/wp-json\/wp\/v2\/pages\/17157\/revisions\/17194"}],"wp:attachment":[{"href":"https:\/\/www.ufmg.br\/proex\/wp-json\/wp\/v2\/media?parent=17157"}],"wp:term":[{"taxonomy":"post_tag","embeddable":true,"href":"https:\/\/www.ufmg.br\/proex\/wp-json\/wp\/v2\/tags?post=17157"}],"curies":[{"name":"wp","href":"https:\/\/api.w.org\/{rel}","templated":true}]}}