{"id":17171,"date":"2026-02-27T11:06:27","date_gmt":"2026-02-27T14:06:27","guid":{"rendered":"https:\/\/www.ufmg.br\/proex\/?page_id=17171"},"modified":"2026-02-27T14:42:53","modified_gmt":"2026-02-27T17:42:53","slug":"projeto-paleontologia-hoje","status":"publish","type":"page","link":"https:\/\/www.ufmg.br\/proex\/projeto-paleontologia-hoje\/","title":{"rendered":"Projeto Paleontologia Hoje"},"content":{"rendered":"<p>Est\u00e3o abertas as inscri\u00e7\u00f5es de candidatos(as) \u00e0 bolsa de extens\u00e3o (1 vaga) no projeto <em>Paleontologia Hoje: divulga\u00e7\u00e3o das atividades de estudantes das disciplinas de paleontologia da UFMG, <\/em>vinculado ao Departamento de Geologia do Instituto de Geoci\u00eancias (IGC) da UFMG.<\/p>\n<div>Podem se inscrever estudantes de <strong>quaisquer cursos de gradua\u00e7\u00e3o da UFMG<\/strong> que:<\/div>\n<ul>\n<li>Estejam regularmente matriculados do segundo ao \u00faltimo per\u00edodo de seu curso;<\/li>\n<li>Tenham disponibilidade para trabalhar 20hs\/semanais;<\/li>\n<li>Tenham interesse em trabalhar com divulga\u00e7\u00e3o de diferentes temas da \u00e1rea da paleontologia, especialmente nas m\u00eddias sociais.<\/li>\n<\/ul>\n<p><strong>Valor da bolsa<\/strong>: R$700,00\/mensal<\/p>\n<p><strong>Prazo de inscri\u00e7\u00e3o: <\/strong>26\/02\/2026 a 9\/03\/2026<\/p>\n<p><strong>Como se inscrever<br \/>\n<\/strong>Os(as) interessados(as) devem ser inscrever pelo e-mail <a href=\"mailto:cenex@igc.ufmg\" target=\"_blank\" rel=\"noopener\">cenex@igc.ufmg<\/a> (identificar no campo assunto o t\u00edtulo do Projeto e o n\u00famero do edital).<strong><br \/>\n<\/strong><\/p>\n<p>Envie os seguintes documentos:<\/p>\n<ul>\n<li>Hist\u00f3rico Escolar<\/li>\n<li>Texto de at\u00e9 uma p\u00e1gina contendo uma exposi\u00e7\u00e3o dos motivos que levaram o(a) estudante a pleitear sua participa\u00e7\u00e3o no projeto<\/li>\n<li>Curr\u00edculo lattes com documenta\u00e7\u00e3o comprobat\u00f3ria de cada item mencionado no curr\u00edculo<\/li>\n<li>Declara\u00e7\u00e3o de classifica\u00e7\u00e3o socioecon\u00f4mica nos n\u00edveis I, II e III da Funda\u00e7\u00e3o Universit\u00e1ria Mendes Pimentel (Fump) ou de que ingressou na UFMG pelo sistema de cotas<\/li>\n<\/ul>\n<p>Veja as informa\u00e7\u00f5es completas no<a href=\"https:\/\/www.ufmg.br\/proex\/wp-content\/uploads\/2026\/02\/SEI_UFMG-4963449-Alexandre-Liparini-Campos-Edital.pdf\" target=\"_blank\" rel=\"noopener\"> edital 337\/2026.<\/a><\/p>\n<p>&nbsp;<\/p>\n<p>&nbsp;<\/p>\n","protected":false},"excerpt":{"rendered":"<p>Est\u00e3o abertas as inscri\u00e7\u00f5es de candidatos(as) \u00e0 bolsa de extens\u00e3o [&hellip;]<\/p>\n","protected":false},"author":2,"featured_media":0,"parent":0,"menu_order":0,"comment_status":"closed","ping_status":"closed","template":"","meta":[],"tags":[191,901,243,29],"_links":{"self":[{"href":"https:\/\/www.ufmg.br\/proex\/wp-json\/wp\/v2\/pages\/17171"}],"collection":[{"href":"https:\/\/www.ufmg.br\/proex\/wp-json\/wp\/v2\/pages"}],"about":[{"href":"https:\/\/www.ufmg.br\/proex\/wp-json\/wp\/v2\/types\/page"}],"author":[{"embeddable":true,"href":"https:\/\/www.ufmg.br\/proex\/wp-json\/wp\/v2\/users\/2"}],"replies":[{"embeddable":true,"href":"https:\/\/www.ufmg.br\/proex\/wp-json\/wp\/v2\/comments?post=17171"}],"version-history":[{"count":9,"href":"https:\/\/www.ufmg.br\/proex\/wp-json\/wp\/v2\/pages\/17171\/revisions"}],"predecessor-version":[{"id":17181,"href":"https:\/\/www.ufmg.br\/proex\/wp-json\/wp\/v2\/pages\/17171\/revisions\/17181"}],"wp:attachment":[{"href":"https:\/\/www.ufmg.br\/proex\/wp-json\/wp\/v2\/media?parent=17171"}],"wp:term":[{"taxonomy":"post_tag","embeddable":true,"href":"https:\/\/www.ufmg.br\/proex\/wp-json\/wp\/v2\/tags?post=17171"}],"curies":[{"name":"wp","href":"https:\/\/api.w.org\/{rel}","templated":true}]}}