{"id":17211,"date":"2026-03-02T18:03:23","date_gmt":"2026-03-02T21:03:23","guid":{"rendered":"https:\/\/www.ufmg.br\/proex\/?page_id=17211"},"modified":"2026-03-18T14:45:14","modified_gmt":"2026-03-18T17:45:14","slug":"diretoria-de-divulgacao-cientifica","status":"publish","type":"page","link":"https:\/\/www.ufmg.br\/proex\/diretoria-de-divulgacao-cientifica\/","title":{"rendered":"Diretoria de Divulga\u00e7\u00e3o Cient\u00edfica (DDC) &#8211; Convoca\u00e7\u00e3o de excedente"},"content":{"rendered":"<div class=\"content-text\">\n<p><a href=\"https:\/\/www.ufmg.br\/proex\/wp-content\/uploads\/2026\/03\/SEI_5030231_Comunicado_2-Convocacao-excedente-selecao-Apex.pdf\" target=\"_blank\" rel=\"noopener\">Convoca\u00e7\u00e3o de excedente (16\/03\/2026)<\/a><br \/>\n<a href=\"https:\/\/www.ufmg.br\/proex\/wp-content\/uploads\/2026\/03\/SEI_5025275_RESULTADO-FINAL-SELECAO-APEX-2026-DDC.pdf\" target=\"_blank\" rel=\"noopener\">Resultado final (13\/03\/2026)<\/a><\/p>\n<p>Inscreva-se em oportunidade de bolsa na modalidade APEX, oferecida pela Diretoria de Divulga\u00e7\u00e3o Cient\u00edfica (DDC), vinculada \u00e0 Pr\u00f3-reitoria de Extens\u00e3o da UFMG.<\/p>\n<p>Inscri\u00e7\u00f5es: de 2 a 8 de mar\u00e7o de 2026 <strong>(encerradas).<\/strong><\/p>\n<\/div>\n<p>S\u00e3o tr\u00eas bolsas (3 vagas) para a DDC para participa\u00e7\u00f5es distintas:<\/p>\n<ul>\n<li>Apoio \u00e0 Gest\u00e3o da Extens\u00e3o<\/li>\n<li>Design e Gest\u00e3o de Conte\u00fado para Redes Sociais<\/li>\n<li>Produ\u00e7\u00e3o de Eventos<\/li>\n<\/ul>\n<p>Podem se candidatar e participar do processo seletivo estudantes de qualquer curso de gradua\u00e7\u00e3o da UFMG.<\/p>\n<p><strong>Valor da bolsa<\/strong>: 700,00\/mensal<br \/>\n<strong>Vig\u00eancia<\/strong>: mar\u00e7o de 2026 a fevereiro de 2027<\/p>\n<p>As inscri\u00e7\u00f5es s\u00e3o recebidas mediante <a href=\"https:\/\/questionarios.ufmg.br\/index.php\/991421\" target=\"_blank\" rel=\"noopener\">formul\u00e1rio eletr\u00f4nico<\/a> e envio dos seguintes documentos:<\/p>\n<ul>\n<li>Hist\u00f3rico Escolar emitido pelo Sistema de Gradua\u00e7\u00e3o da UFMG (SIGA);<\/li>\n<li>Exposi\u00e7\u00e3o dos motivos que levaram o(a) estudante a pleitear sua participa\u00e7\u00e3o no programa, com at\u00e9 1400 caracteres; e<\/li>\n<li>Portf\u00f3lio.<\/li>\n<\/ul>\n<p>As informa\u00e7\u00f5es completas devem ser consultadas no <a href=\"https:\/\/www.ufmg.br\/proex\/wp-content\/uploads\/2026\/03\/SEI_4924999_Edital_194-1.pdf\" target=\"_blank\" rel=\"noopener\">edital de sele\u00e7\u00e3o 194\/2026.<\/a><\/p>\n<p>&nbsp;<\/p>\n<p>&nbsp;<\/p>\n","protected":false},"excerpt":{"rendered":"<p>Convoca\u00e7\u00e3o de excedente (16\/03\/2026) Resultado final (13\/03\/2026) Inscreva-se em oportunidade [&hellip;]<\/p>\n","protected":false},"author":2,"featured_media":0,"parent":0,"menu_order":0,"comment_status":"closed","ping_status":"closed","template":"","meta":[],"tags":[191,651,23,29],"_links":{"self":[{"href":"https:\/\/www.ufmg.br\/proex\/wp-json\/wp\/v2\/pages\/17211"}],"collection":[{"href":"https:\/\/www.ufmg.br\/proex\/wp-json\/wp\/v2\/pages"}],"about":[{"href":"https:\/\/www.ufmg.br\/proex\/wp-json\/wp\/v2\/types\/page"}],"author":[{"embeddable":true,"href":"https:\/\/www.ufmg.br\/proex\/wp-json\/wp\/v2\/users\/2"}],"replies":[{"embeddable":true,"href":"https:\/\/www.ufmg.br\/proex\/wp-json\/wp\/v2\/comments?post=17211"}],"version-history":[{"count":12,"href":"https:\/\/www.ufmg.br\/proex\/wp-json\/wp\/v2\/pages\/17211\/revisions"}],"predecessor-version":[{"id":17402,"href":"https:\/\/www.ufmg.br\/proex\/wp-json\/wp\/v2\/pages\/17211\/revisions\/17402"}],"wp:attachment":[{"href":"https:\/\/www.ufmg.br\/proex\/wp-json\/wp\/v2\/media?parent=17211"}],"wp:term":[{"taxonomy":"post_tag","embeddable":true,"href":"https:\/\/www.ufmg.br\/proex\/wp-json\/wp\/v2\/tags?post=17211"}],"curies":[{"name":"wp","href":"https:\/\/api.w.org\/{rel}","templated":true}]}}