{"id":17579,"date":"2026-04-07T11:52:46","date_gmt":"2026-04-07T14:52:46","guid":{"rendered":"https:\/\/www.ufmg.br\/proex\/?page_id=17579"},"modified":"2026-04-07T12:06:29","modified_gmt":"2026-04-07T15:06:29","slug":"projeto-qualidade-na-producao-de-refeicoes-em-restaurantes","status":"publish","type":"page","link":"https:\/\/www.ufmg.br\/proex\/projeto-qualidade-na-producao-de-refeicoes-em-restaurantes\/","title":{"rendered":"Projeto &#8220;Qualidade na produ\u00e7\u00e3o de refei\u00e7\u00f5es em restaurantes&#8221;"},"content":{"rendered":"<p>Inscreva-se como extensionista volunt\u00e1rio(a) para o projeto \u201cQualidade na produ\u00e7\u00e3o de refei\u00e7\u00f5es em restaurantes\u201d, da Escola de Enfermagem da UFMG.<\/p>\n<p>S\u00e3o oferecidas tr\u00eas vagas, e as inscri\u00e7\u00f5es v\u00e3o <strong>at\u00e9 22 de abril de 2026.<\/strong><\/p>\n<p>Podem se inscrever discentes de gradua\u00e7\u00e3o da UFMG do curso de Nutri\u00e7\u00e3o, a partir do 2\u00ba per\u00edodo. \u00c9 necess\u00e1rio disponibilidade de no m\u00ednimo 4h\/semanais.<\/p>\n<p>O projeto tem como objetivo orientar e capacitar os gestores e os manipuladores de alimentos de restaurantes quanto \u00e0 produ\u00e7\u00e3o de uma refei\u00e7\u00e3o com qualidade higi\u00eanico-sanit\u00e1ria, sensorial e nutricional.<\/p>\n<p><strong>Como se inscrever<br \/>\n<\/strong>O(a) interessado(a) deve encaminhar a documenta\u00e7\u00e3o abaixo para o e-mail <a href=\"mailto:marleneammonteiro@gmail.com\" target=\"_blank\" rel=\"noopener\">marleneammonteiro@gmail.com<\/a><strong><br \/>\n<\/strong>&#8211; Curriculum lattes atualizado<br \/>\n&#8211; Hist\u00f3rico escolar<\/p>\n<p>Insira a seguinte mensagem no t\u00edtulo do e-mail: Inscri\u00e7\u00e3o para sele\u00e7\u00e3o de volunt\u00e1rio para projeto de extens\u00e3o<\/p>\n<p>As informa\u00e7\u00f5es completas est\u00e3o no <a href=\"https:\/\/www.enf.ufmg.br\/index.php\/editais\/4865-edital-de-selecao-para-aluno-voluntario-de-extensao-para-o-projeto-qualidade-na-producao-de-refeicoes-em-restaurantes\/file\" target=\"_blank\" rel=\"noopener\">edital de sele\u00e7\u00e3o.<\/a><\/p>\n<p>&nbsp;<\/p>\n<p>&nbsp;<\/p>\n","protected":false},"excerpt":{"rendered":"<p>Inscreva-se como extensionista volunt\u00e1rio(a) para o projeto \u201cQualidade na produ\u00e7\u00e3o [&hellip;]<\/p>\n","protected":false},"author":2,"featured_media":0,"parent":0,"menu_order":0,"comment_status":"closed","ping_status":"closed","template":"","meta":[],"tags":[191,23,691,29],"_links":{"self":[{"href":"https:\/\/www.ufmg.br\/proex\/wp-json\/wp\/v2\/pages\/17579"}],"collection":[{"href":"https:\/\/www.ufmg.br\/proex\/wp-json\/wp\/v2\/pages"}],"about":[{"href":"https:\/\/www.ufmg.br\/proex\/wp-json\/wp\/v2\/types\/page"}],"author":[{"embeddable":true,"href":"https:\/\/www.ufmg.br\/proex\/wp-json\/wp\/v2\/users\/2"}],"replies":[{"embeddable":true,"href":"https:\/\/www.ufmg.br\/proex\/wp-json\/wp\/v2\/comments?post=17579"}],"version-history":[{"count":9,"href":"https:\/\/www.ufmg.br\/proex\/wp-json\/wp\/v2\/pages\/17579\/revisions"}],"predecessor-version":[{"id":17588,"href":"https:\/\/www.ufmg.br\/proex\/wp-json\/wp\/v2\/pages\/17579\/revisions\/17588"}],"wp:attachment":[{"href":"https:\/\/www.ufmg.br\/proex\/wp-json\/wp\/v2\/media?parent=17579"}],"wp:term":[{"taxonomy":"post_tag","embeddable":true,"href":"https:\/\/www.ufmg.br\/proex\/wp-json\/wp\/v2\/tags?post=17579"}],"curies":[{"name":"wp","href":"https:\/\/api.w.org\/{rel}","templated":true}]}}