{"id":17649,"date":"2026-04-15T16:34:09","date_gmt":"2026-04-15T19:34:09","guid":{"rendered":"https:\/\/www.ufmg.br\/proex\/?page_id=17649"},"modified":"2026-04-15T17:29:48","modified_gmt":"2026-04-15T20:29:48","slug":"gestao","status":"publish","type":"page","link":"https:\/\/www.ufmg.br\/proex\/gestao\/","title":{"rendered":"Gest\u00e3o da Proex"},"content":{"rendered":"<h4><em>Conhe\u00e7a a equipe de gest\u00e3o da Pr\u00f3-reitoria de Extens\u00e3o <\/em><em><span class=\"text-primary-300 md:text-lg text-base font-semibold uppercase\">(2026-2030)<\/span><\/em><\/h4>\n<p>&nbsp;<\/p>\n<div id=\"attachment_17651\" style=\"width: 760px\" class=\"wp-caption alignnone\"><img aria-describedby=\"caption-attachment-17651\" loading=\"lazy\" class=\"wp-image-17651\" title=\"Pr\u00f3-reitores e diretores da Proex | Foto: Eduardo Maia\/UFMG\" src=\"https:\/\/www.ufmg.br\/proex\/wp-content\/uploads\/2026\/04\/Gestao-PROEX-1-300x184.jpg\" alt=\"Pr\u00f3-reitores e diretores da Proex | Foto: Eduardo Maia\/UFMG\" width=\"750\" height=\"460\" srcset=\"https:\/\/www.ufmg.br\/proex\/wp-content\/uploads\/2026\/04\/Gestao-PROEX-1-300x184.jpg 300w, https:\/\/www.ufmg.br\/proex\/wp-content\/uploads\/2026\/04\/Gestao-PROEX-1-1024x629.jpg 1024w, https:\/\/www.ufmg.br\/proex\/wp-content\/uploads\/2026\/04\/Gestao-PROEX-1-768x471.jpg 768w, https:\/\/www.ufmg.br\/proex\/wp-content\/uploads\/2026\/04\/Gestao-PROEX-1-1536x943.jpg 1536w, https:\/\/www.ufmg.br\/proex\/wp-content\/uploads\/2026\/04\/Gestao-PROEX-1-2048x1257.jpg 2048w, https:\/\/www.ufmg.br\/proex\/wp-content\/uploads\/2026\/04\/Gestao-PROEX-1-276x170.jpg 276w\" sizes=\"(max-width: 750px) 100vw, 750px\" \/><p id=\"caption-attachment-17651\" class=\"wp-caption-text\">Pr\u00f3-reitores e diretores da Proex | Foto: Eduardo Maia\/UFMG<\/p><\/div>\n<p data-start=\"545\" data-end=\"855\">No dia 19 de mar\u00e7o de 2026, os professores Alessandro Fernandes Moreira e Alamanda Kfoury Pereira tomaram posse como reitor e vice-reitora da UFMG. Na posse, tamb\u00e9m foi apresentada a equipe de pr\u00f3-reitores e diretores da Proex.<\/p>\n<p><strong>Pr\u00f3-Reitor de Extens\u00e3o<\/strong><br \/>\nGlaucinei Rodrigues Corr\u00eaa<\/p>\n<p><b>Pr\u00f3-Reitora Adjunta <strong>de Extens\u00e3o<\/strong><\/b><br \/>\nViviane Elis\u00e2ngela Gomes<\/p>\n<p><b>Diretora de Apoio \u00e0 Gest\u00e3o da Extens\u00e3o (DAGE)<br \/>\n<\/b>Gleide Fernandes de Avelar<\/p>\n<p><b>Diretor de Fomento e Avalia\u00e7\u00e3o (DAFE)<br \/>\n<\/b>Alexandre Liparini<\/p>\n<p><strong>Diretor de Divulga\u00e7\u00e3o Cient\u00edfica (DDC)<br \/>\n<\/strong>Andr\u00e9 Luiz Freitas Dias<\/p>\n<p><strong>Diretora da Universidade dos Direitos Humanos (UDH)<\/strong><br \/>\nLuciana de Oliveira<\/p>\n<p><strong>Diretora da Esta\u00e7\u00e3o Ecol\u00f3gica<br \/>\n<\/strong>Maria Auxiliadora Drumond<strong><br \/>\n<\/strong><\/p>\n<p><strong>Vice-diretora da Esta\u00e7\u00e3o Ecol\u00f3gica<\/strong><br \/>\nLilian Panachuk de S\u00e1<\/p>\n<p><strong>Coordenadora da Rede de Museus\u00a0<\/strong><br \/>\nAdriana Mortara Almeida<\/p>\n<p><strong>Vice-coordenador da Rede de Museus<br \/>\n<\/strong>Marcelo Paolinelli de Souza Novaes<strong><br \/>\n<\/strong><\/p>\n<p><strong>Editora da Revista Interfaces<br \/>\n<\/strong>Maria Carolina Junqueira Fenati<\/p>\n<p>&nbsp;<\/p>\n<p>&nbsp;<\/p>\n","protected":false},"excerpt":{"rendered":"<p>Conhe\u00e7a a equipe de gest\u00e3o da Pr\u00f3-reitoria de Extens\u00e3o (2026-2030) [&hellip;]<\/p>\n","protected":false},"author":2,"featured_media":0,"parent":0,"menu_order":0,"comment_status":"closed","ping_status":"closed","template":"","meta":[],"tags":[23,461,29],"_links":{"self":[{"href":"https:\/\/www.ufmg.br\/proex\/wp-json\/wp\/v2\/pages\/17649"}],"collection":[{"href":"https:\/\/www.ufmg.br\/proex\/wp-json\/wp\/v2\/pages"}],"about":[{"href":"https:\/\/www.ufmg.br\/proex\/wp-json\/wp\/v2\/types\/page"}],"author":[{"embeddable":true,"href":"https:\/\/www.ufmg.br\/proex\/wp-json\/wp\/v2\/users\/2"}],"replies":[{"embeddable":true,"href":"https:\/\/www.ufmg.br\/proex\/wp-json\/wp\/v2\/comments?post=17649"}],"version-history":[{"count":23,"href":"https:\/\/www.ufmg.br\/proex\/wp-json\/wp\/v2\/pages\/17649\/revisions"}],"predecessor-version":[{"id":17677,"href":"https:\/\/www.ufmg.br\/proex\/wp-json\/wp\/v2\/pages\/17649\/revisions\/17677"}],"wp:attachment":[{"href":"https:\/\/www.ufmg.br\/proex\/wp-json\/wp\/v2\/media?parent=17649"}],"wp:term":[{"taxonomy":"post_tag","embeddable":true,"href":"https:\/\/www.ufmg.br\/proex\/wp-json\/wp\/v2\/tags?post=17649"}],"curies":[{"name":"wp","href":"https:\/\/api.w.org\/{rel}","templated":true}]}}