{"id":2038,"date":"2021-08-30T21:18:04","date_gmt":"2021-08-31T00:18:04","guid":{"rendered":"https:\/\/www.ufmg.br\/proex\/?page_id=2038"},"modified":"2022-04-06T16:01:23","modified_gmt":"2022-04-06T19:01:23","slug":"coronavirus-medidas-da-proex","status":"publish","type":"page","link":"https:\/\/www.ufmg.br\/proex\/coronavirus-medidas-da-proex\/","title":{"rendered":"Coronav\u00edrus: medidas da PROEX"},"content":{"rendered":"<h3><em>Mobiliza\u00e7\u00e3o da comunidade contra a covid-19 e regulamenta\u00e7\u00e3o das atividades remotas est\u00e3o entre as a\u00e7\u00f5es da extens\u00e3o na pandemia<\/em><\/h3>\n<p>&nbsp;<\/p>\n<div id=\"attachment_2070\" style=\"width: 1290px\" class=\"wp-caption alignnone\"><img aria-describedby=\"caption-attachment-2070\" loading=\"lazy\" class=\"wp-image-2070 size-full\" title=\"Protetores faciais produzidos por a\u00e7\u00e3o de extens\u00e3o da Escola de Arquitetura da UFMG s\u00e3o doados ao Hospital Jo\u00e3o XXIII em setembro de 2020 | Divulga\u00e7\u00e3o\" src=\"https:\/\/www.ufmg.br\/proex\/wp-content\/uploads\/2021\/08\/Protetores-faciais-produzidos-por-acao-de-extensao-da-Escola-de-Arquitetura-da-UFMG-sao-doados-ao-Hospital-Joao-XXIII-em-setembro-de-2020-Divulgacao.jpg\" alt=\"\" width=\"1280\" height=\"960\" srcset=\"https:\/\/www.ufmg.br\/proex\/wp-content\/uploads\/2021\/08\/Protetores-faciais-produzidos-por-acao-de-extensao-da-Escola-de-Arquitetura-da-UFMG-sao-doados-ao-Hospital-Joao-XXIII-em-setembro-de-2020-Divulgacao.jpg 1280w, https:\/\/www.ufmg.br\/proex\/wp-content\/uploads\/2021\/08\/Protetores-faciais-produzidos-por-acao-de-extensao-da-Escola-de-Arquitetura-da-UFMG-sao-doados-ao-Hospital-Joao-XXIII-em-setembro-de-2020-Divulgacao-300x225.jpg 300w, https:\/\/www.ufmg.br\/proex\/wp-content\/uploads\/2021\/08\/Protetores-faciais-produzidos-por-acao-de-extensao-da-Escola-de-Arquitetura-da-UFMG-sao-doados-ao-Hospital-Joao-XXIII-em-setembro-de-2020-Divulgacao-1024x768.jpg 1024w, https:\/\/www.ufmg.br\/proex\/wp-content\/uploads\/2021\/08\/Protetores-faciais-produzidos-por-acao-de-extensao-da-Escola-de-Arquitetura-da-UFMG-sao-doados-ao-Hospital-Joao-XXIII-em-setembro-de-2020-Divulgacao-768x576.jpg 768w\" sizes=\"(max-width: 1280px) 100vw, 1280px\" \/><p id=\"caption-attachment-2070\" class=\"wp-caption-text\">Protetores faciais produzidos por projeto de extens\u00e3o da Escola de Arquitetura da UFMG foram doados ao Hospital Jo\u00e3o XXIII em abril de 2020 | Divulga\u00e7\u00e3o Projeto<\/p><\/div>\n<p>Com o necess\u00e1rio per\u00edodo de isolamento social imposto pela Covid-19, a Pr\u00f3-reitoria de Extens\u00e3o adotou medidas e estabeleceu orienta\u00e7\u00f5es para o funcionamento das atividades de extens\u00e3o em conson\u00e2ncia com normas de trabalho remoto na UFMG e do Comit\u00ea Permanente de Acompanhamento das A\u00e7\u00f5es de Preven\u00e7\u00e3o e Enfrentamento do Novo Coronav\u00edrus da Universidade.<\/p>\n<p>Em mar\u00e7o de 2020, as atividades de extens\u00e3o presenciais foram suspensas. A PROEX convidou a comunidade extensionista a organizar atividades que pudessem ser desenvolvidas a dist\u00e2ncia, levantou e articulou as a\u00e7\u00f5es, em especial aquelas com foco nos grupos sociais mais vulner\u00e1veis da popula\u00e7\u00e3o.<\/p>\n<p>Atualmente, as atividades n\u00e3o adapt\u00e1veis ao modo remoto prop\u00f5em escalas que respeitem as medidas de distanciamento social, como espa\u00e7os arejados e amplos, com poucas pessoas, e cuidados com a higieniza\u00e7\u00e3o.<\/p>\n<p>Foram mantidas as bolsas de extens\u00e3o pagas pela PROEX e revistos os planos de trabalhos (os pagamentos de bolsas executados por funda\u00e7\u00f5es de apoio seguiram orienta\u00e7\u00f5es espec\u00edficas).<\/p>\n<p>Os cursos de extens\u00e3o pagos, previstos para acontecerem presencialmente, puderam ser adaptados \u00e0 modalidade a dist\u00e2ncia, por\u00e9m, considerando as condi\u00e7\u00f5es de oferta e acesso de todos os cursistas. Os casos espec\u00edficos s\u00e3o recebidos pela PROEX e analisados pela C\u00e2mara de Extens\u00e3o.<\/p>\n<p>Eventos cient\u00edficos, culturais e esportivos presenciais espec\u00edficos foram suspensos, como o <a href=\"https:\/\/www.facebook.com\/domingonocampusufmg\/\" target=\"_blank\" rel=\"noopener\">Domingo no Campus<\/a>. Os museus e espa\u00e7os de ci\u00eancia e cultura foram orientados a considerar a proposi\u00e7\u00e3o de atividades que permitissem a intera\u00e7\u00e3o a dist\u00e2ncia.<\/p>\n<p>A submiss\u00e3o de propostas de apoio financeiro a eventos de interesse t\u00e9cnico, cient\u00edfico, esportivo e art\u00edstico (<a href=\"https:\/\/www.ufmg.br\/proex\/1399-2\/\" target=\"_blank\" rel=\"noopener\">PAIE<\/a> \u2013 Edital Proex 03\/2020) foram interrompidas. Os eventos contemplados para serem realizados em janeiro, fevereiro, mar\u00e7o e abril de 2020 poder\u00e3o ter seus cronogramas alterados ap\u00f3s a pandemia.<\/p>\n<p>A atua\u00e7\u00e3o da extens\u00e3o na pandemia est\u00e1 regulamentada em <a href=\"https:\/\/www2.ufmg.br\/proex\/content\/download\/11043\/70859\/file\/06rescepe2020.pdf\" target=\"_blank\" rel=\"noopener\">Resolu\u00e7\u00e3o 06\/2020<\/a> do CEPE, que disp\u00f5e sobre a substitui\u00e7\u00e3o tempor\u00e1ria do funcionamento presencial das atividades por funcionamento remoto. De acordo com a resolu\u00e7\u00e3o, a participa\u00e7\u00e3o remota do estudante em atividades de extens\u00e3o poder\u00e1 ser certificada para fins de credita\u00e7\u00e3o curricular, conforme regulamentado em 2016 pela C\u00e2mara de Extens\u00e3o.<\/p>\n<p><b>UFMG contra a covid-19<\/b><\/p>\n<p>O Comit\u00ea Permanente de Acompanhamento das A\u00e7\u00f5es de Preven\u00e7\u00e3o e Enfrentamento do Novo Coronav\u00edrus, institu\u00eddo pela UFMG, se re\u00fane diariamente para analisar a evolu\u00e7\u00e3o do quadro epidemiol\u00f3gico, acompanhar a\u00e7\u00f5es desenvolvidas, divulgar informa\u00e7\u00f5es sobre medidas de conten\u00e7\u00e3o e propor estrat\u00e9gias para a retomada gradual e segura das atividades presenciais.<\/p>\n<p>O Comit\u00ea baseia suas recomenda\u00e7\u00f5es em tr\u00eas princ\u00edpios:<\/p>\n<p>1.\u00a0\u00a0\u00a0\u00a0\u00a0\u00a0\u00a0\u00a0\u00a0\u00a0\u00a0 Evid\u00eancias cient\u00edficas, tanto as bem consolidadas sobre comportamento de epidemias e infec\u00e7\u00f5es respirat\u00f3rias virais, como aquelas que est\u00e3o sendo produzidas a respeito do SARS-CoV-2.<\/p>\n<p>2.\u00a0\u00a0\u00a0\u00a0\u00a0\u00a0\u00a0\u00a0\u00a0\u00a0\u00a0 Contexto epidemiol\u00f3gico vigente. Esse contexto \u00e9 atualizado diariamente e reflete o n\u00famero de casos notificados, suspeitos, confirmados e descartados em Belo Horizonte, Minas Gerais e no Brasil.<\/p>\n<p>3.\u00a0 \u00a0 \u00a0 \u00a0 \u00a0 Articula\u00e7\u00e3o com outros setores da cidade e do estado, que podem ser afetados pelas decis\u00f5es da UFMG, direta ou indiretamente. Em especial com as secretarias de sa\u00fade e de educa\u00e7\u00e3o e a rede SUS.<\/p>\n<p><a href=\"https:\/\/ufmg.br\/coronavirus\" target=\"_blank\" rel=\"noopener\">Neste site<\/a>, voc\u00ea encontra mais informa\u00e7\u00f5es sobre planejamento de retomada gradual na UFMG.<\/p>\n<p>&nbsp;<\/p>\n<p>&nbsp;<\/p>\n<p>&nbsp;<\/p>\n","protected":false},"excerpt":{"rendered":"<p>Mobiliza\u00e7\u00e3o da comunidade contra a covid-19 e regulamenta\u00e7\u00e3o das atividades [&hellip;]<\/p>\n","protected":false},"author":2,"featured_media":0,"parent":0,"menu_order":0,"comment_status":"closed","ping_status":"closed","template":"","meta":[],"tags":[49,51,607,605,23,25,29,4],"_links":{"self":[{"href":"https:\/\/www.ufmg.br\/proex\/wp-json\/wp\/v2\/pages\/2038"}],"collection":[{"href":"https:\/\/www.ufmg.br\/proex\/wp-json\/wp\/v2\/pages"}],"about":[{"href":"https:\/\/www.ufmg.br\/proex\/wp-json\/wp\/v2\/types\/page"}],"author":[{"embeddable":true,"href":"https:\/\/www.ufmg.br\/proex\/wp-json\/wp\/v2\/users\/2"}],"replies":[{"embeddable":true,"href":"https:\/\/www.ufmg.br\/proex\/wp-json\/wp\/v2\/comments?post=2038"}],"version-history":[{"count":56,"href":"https:\/\/www.ufmg.br\/proex\/wp-json\/wp\/v2\/pages\/2038\/revisions"}],"predecessor-version":[{"id":3950,"href":"https:\/\/www.ufmg.br\/proex\/wp-json\/wp\/v2\/pages\/2038\/revisions\/3950"}],"wp:attachment":[{"href":"https:\/\/www.ufmg.br\/proex\/wp-json\/wp\/v2\/media?parent=2038"}],"wp:term":[{"taxonomy":"post_tag","embeddable":true,"href":"https:\/\/www.ufmg.br\/proex\/wp-json\/wp\/v2\/tags?post=2038"}],"curies":[{"name":"wp","href":"https:\/\/api.w.org\/{rel}","templated":true}]}}