{"id":2103,"date":"2021-08-31T01:07:47","date_gmt":"2021-08-31T04:07:47","guid":{"rendered":"https:\/\/www.ufmg.br\/proex\/?page_id=2103"},"modified":"2021-12-29T16:59:28","modified_gmt":"2021-12-29T18:59:28","slug":"formacao-em-extensao-e-regulamentada-na-universidade","status":"publish","type":"page","link":"https:\/\/www.ufmg.br\/proex\/formacao-em-extensao-e-regulamentada-na-universidade\/","title":{"rendered":"Forma\u00e7\u00e3o em extens\u00e3o \u00e9 regulamentada na Universidade"},"content":{"rendered":"<h3><em>Todos os cursos de gradua\u00e7\u00e3o contam com percentual m\u00ednimo de atividades de extens\u00e3o no curr\u00edculo<\/em><\/h3>\n<p>&nbsp;<\/p>\n<div id=\"attachment_2149\" style=\"width: 910px\" class=\"wp-caption alignnone\"><img aria-describedby=\"caption-attachment-2149\" loading=\"lazy\" class=\"wp-image-2149\" title=\"Graduandos em licenciatura ministram aulas no cursinho popular Humanizar, da Fafich. O preparat\u00f3rio oferece aulas gratuitas para o Enem - Foto Facebook Humanizar\" src=\"https:\/\/www.ufmg.br\/proex\/wp-content\/uploads\/2021\/08\/Graduandos-em-licenciatura-ministram-aulas-no-cursinho-popular-Humanizar-da-Fafich.-O-preparatorio-oferece-aulas-gratuitas-para-o-Enem-Foto-Facebook-Humanizar-300x175.jpg\" alt=\"\" width=\"900\" height=\"525\" srcset=\"https:\/\/www.ufmg.br\/proex\/wp-content\/uploads\/2021\/08\/Graduandos-em-licenciatura-ministram-aulas-no-cursinho-popular-Humanizar-da-Fafich.-O-preparatorio-oferece-aulas-gratuitas-para-o-Enem-Foto-Facebook-Humanizar-300x175.jpg 300w, https:\/\/www.ufmg.br\/proex\/wp-content\/uploads\/2021\/08\/Graduandos-em-licenciatura-ministram-aulas-no-cursinho-popular-Humanizar-da-Fafich.-O-preparatorio-oferece-aulas-gratuitas-para-o-Enem-Foto-Facebook-Humanizar.jpg 600w\" sizes=\"(max-width: 900px) 100vw, 900px\" \/><p id=\"caption-attachment-2149\" class=\"wp-caption-text\">Estudantes de licenciatura ministram aulas no cursinho popular Humanizar, uma das atividades de extens\u00e3o da Fafich. O preparat\u00f3rio oferece aulas gratuitas para o Enem | Facebook Humanizar<\/p><\/div>\n<p>Na UFMG, a integraliza\u00e7\u00e3o m\u00ednima de 10% da carga hor\u00e1ria dos curr\u00edculos dos cursos de gradua\u00e7\u00e3o com atividades de extens\u00e3o est\u00e1 regulamentada pela <a href=\"https:\/\/www.ufmg.br\/proex\/wp-content\/uploads\/2021\/12\/RESOLUCAO-CEPE-10.2019-1.pdf\" target=\"_blank\" rel=\"noopener\">Resolu\u00e7\u00e3o 10\/2019<\/a> do Conselho de Ensino, Pesquisa e Extens\u00e3o (Cepe).<\/p>\n<p>A integraliza\u00e7\u00e3o m\u00ednima atende \u00e0 Resolu\u00e7\u00e3o 07\/18, do Conselho Nacional de Educa\u00e7\u00e3o, que estabeleceu as diretrizes para a extens\u00e3o na educa\u00e7\u00e3o superior brasileira.<\/p>\n<p>Toda a Universidade est\u00e1, atualmente, realizando ajustes e reformas nas propostas de ensino, que mobilizam atores internos e, especialmente, os \u00f3rg\u00e3os e unidades acad\u00eamicas incumbidos do planejamento e execu\u00e7\u00e3o das normas de gradua\u00e7\u00e3o e extens\u00e3o.<\/p>\n<p>Os colegiados dos cursos de gradua\u00e7\u00e3o reformulam ou revisam seus respectivos projetos pedag\u00f3gicos a fim de permitir a inclus\u00e3o de mais programas, projetos, presta\u00e7\u00e3o de servi\u00e7os, cursos ou eventos de extens\u00e3o.<\/p>\n<p><strong class=\"redactor-inline-converted\">Acompanhamento<\/strong><\/p>\n<p>A UFMG tem uma comiss\u00e3o espec\u00edfica para acompanhar a implementa\u00e7\u00e3o dessas mudan\u00e7as, que foi institu\u00edda para orientar e apoiar os colegiados na formula\u00e7\u00e3o e submiss\u00e3o dos projetos pedag\u00f3gicos.<\/p>\n<p>A comiss\u00e3o \u00e9 composta de servidores docentes e t\u00e9cnico-administrativos das pr\u00f3-reitorias de Extens\u00e3o e de Gradua\u00e7\u00e3o. Ela foi institu\u00edda em dezembro de 2019, por meio de portaria conjunta, por\u00e9m, antes disso, o grupo de trabalho j\u00e1 vinha se dedicando \u00e0 elabora\u00e7\u00e3o de estudos, levantamentos e diretrizes e \u00e0 promo\u00e7\u00e3o de encontros e discuss\u00f5es peri\u00f3dicas com a comunidade acad\u00eamica.<\/p>\n<p>Durante a pandemia, os trabalhos da comiss\u00e3o foram realizados a dist\u00e2ncia, com reuni\u00f5es com os colegiados de gradua\u00e7\u00e3o e centros de extens\u00e3o das unidades acad\u00eamicas, al\u00e9m de produ\u00e7\u00e3o de material informativo para tirar as principais d\u00favidas da comunidade.<\/p>\n<p><b>Ensino e extens\u00e3o em sintonia<\/b><\/p>\n<p>Para a pr\u00f3-reitora de extens\u00e3o da UFMG, Claudia Mayorga, a mudan\u00e7a veio para permitir uma inser\u00e7\u00e3o maior da Universidade na sociedade. \u201cA tend\u00eancia \u00e9 a fortalecimento da atua\u00e7\u00e3o da UFMG junto \u00e0 popula\u00e7\u00e3o, comunidades, movimentos sociais, do di\u00e1logo com as pol\u00edticas p\u00fablicas, institui\u00e7\u00f5es sociais e organiza\u00e7\u00f5es diversas, discutindo e propondo com a sociedade, solu\u00e7\u00f5es para os principais problemas vivenciados em nosso pa\u00eds\u201d, diz. Ela destaca que a resolu\u00e7\u00e3o \u201cest\u00e1 de acordo com as metas da Pol\u00edtica de Extens\u00e3o da Universidade e fortalece uma dimens\u00e3o acad\u00eamica e cidad\u00e3 indispens\u00e1vel \u00e0 forma\u00e7\u00e3o de discentes e \u00e0 articula\u00e7\u00e3o integrada e indissociada com o ensino e a pesquisa\u201d.<\/p>\n<p>Segundo a pr\u00f3-reitora de Gradua\u00e7\u00e3o da UFMG, Benigna Maria de Oliveira, a regulamenta\u00e7\u00e3o foi precedida de amplos debates que se estenderam por v\u00e1rias gest\u00f5es da Universidade e de estudos feitos por grupo de trabalho formado por docentes e t\u00e9cnico-administrativos das pr\u00f3-reitorias de Gradua\u00e7\u00e3o e de Extens\u00e3o. \u201cLevamos em considera\u00e7\u00e3o as diretrizes curriculares nacionais, a diversidade das \u00e1reas e cursos da UFMG e o mapeamento desenvolvido pela Pr\u00f3-reitoria de Extens\u00e3o, o qual concluiu que mais de 80% dos cursos da UFMG j\u00e1 preveem credita\u00e7\u00e3o de atividades de extens\u00e3o, ao passo que outros desenvolvem a\u00e7\u00f5es isoladas que n\u00e3o s\u00e3o creditadas por seus colegiados\u201d, explica.<\/p>\n<p>A pr\u00f3-reitora Benigna tamb\u00e9m ressalta que as discuss\u00f5es ganharam for\u00e7a com a vig\u00eancia, a partir do 1\u00ba semestre de 2019, das novas Normas Gerais de Gradua\u00e7\u00e3o da UFMG. Essas regras, segundo ela, regulamentaram e forneceram diretrizes para quest\u00f5es relacionadas ao regime did\u00e1tico-cient\u00edfico dos cursos de gradua\u00e7\u00e3o, contribuindo, assim, para o processo de flexibiliza\u00e7\u00e3o. \u201cIsso reflete a preocupa\u00e7\u00e3o permanente da UFMG n\u00e3o apenas com uma forma\u00e7\u00e3o t\u00e9cnica, mas tamb\u00e9m \u00e9tica e cidad\u00e3 dos nossos estudantes\u201d, conclui a pr\u00f3-reitora, alertando ainda que o percentual m\u00ednimo n\u00e3o poder\u00e1 ser cumprido somente com atividades nas modalidades curso e evento.<\/p>\n<p>A forma\u00e7\u00e3o em extens\u00e3o na UFMG tamb\u00e9m atende ainda \u00e0 meta para a educa\u00e7\u00e3o superior brasileira indicada no Plano Nacional de Educa\u00e7\u00e3o (PNE 2014-2024) e \u00e0 recomenda\u00e7\u00e3o do F\u00f3rum de Pr\u00f3-reitores de Extens\u00e3o das Institui\u00e7\u00f5es de Educa\u00e7\u00e3o Superior P\u00fablicas Brasileiras (Forproex).<\/p>\n<p>Para mais informa\u00e7\u00f5es e esclarecimento de d\u00favidas, fale com a Proex pelo e-mail: <a href=\"mailto:fomento@proex.ufmg.br\" target=\"_blank\" rel=\"noopener\">fomento@proex.ufmg.br\u00a0<\/a><\/p>\n<p>&nbsp;<\/p>\n<p>&nbsp;<\/p>\n<p>&nbsp;<\/p>\n<p>&nbsp;<\/p>\n<p>&nbsp;<\/p>\n","protected":false},"excerpt":{"rendered":"<p>Todos os cursos de gradua\u00e7\u00e3o contam com percentual m\u00ednimo de [&hellip;]<\/p>\n","protected":false},"author":2,"featured_media":0,"parent":0,"menu_order":0,"comment_status":"closed","ping_status":"closed","template":"","meta":[],"tags":[49,51,613,611,419,23,25,515,609,29,4],"_links":{"self":[{"href":"https:\/\/www.ufmg.br\/proex\/wp-json\/wp\/v2\/pages\/2103"}],"collection":[{"href":"https:\/\/www.ufmg.br\/proex\/wp-json\/wp\/v2\/pages"}],"about":[{"href":"https:\/\/www.ufmg.br\/proex\/wp-json\/wp\/v2\/types\/page"}],"author":[{"embeddable":true,"href":"https:\/\/www.ufmg.br\/proex\/wp-json\/wp\/v2\/users\/2"}],"replies":[{"embeddable":true,"href":"https:\/\/www.ufmg.br\/proex\/wp-json\/wp\/v2\/comments?post=2103"}],"version-history":[{"count":35,"href":"https:\/\/www.ufmg.br\/proex\/wp-json\/wp\/v2\/pages\/2103\/revisions"}],"predecessor-version":[{"id":4022,"href":"https:\/\/www.ufmg.br\/proex\/wp-json\/wp\/v2\/pages\/2103\/revisions\/4022"}],"wp:attachment":[{"href":"https:\/\/www.ufmg.br\/proex\/wp-json\/wp\/v2\/media?parent=2103"}],"wp:term":[{"taxonomy":"post_tag","embeddable":true,"href":"https:\/\/www.ufmg.br\/proex\/wp-json\/wp\/v2\/tags?post=2103"}],"curies":[{"name":"wp","href":"https:\/\/api.w.org\/{rel}","templated":true}]}}