{"id":2341,"date":"2021-09-08T17:52:12","date_gmt":"2021-09-08T20:52:12","guid":{"rendered":"https:\/\/www.ufmg.br\/proex\/?page_id=2341"},"modified":"2021-09-08T17:57:45","modified_gmt":"2021-09-08T20:57:45","slug":"projeto-o-cuidado-ao-recem-nascido-de-alto-risco-e-sua-familia-contribuic%cc%a7o%cc%83es-para-a-integralidade-e-continuidade-do-cuidado","status":"publish","type":"page","link":"https:\/\/www.ufmg.br\/proex\/projeto-o-cuidado-ao-recem-nascido-de-alto-risco-e-sua-familia-contribuic%cc%a7o%cc%83es-para-a-integralidade-e-continuidade-do-cuidado\/","title":{"rendered":"Projeto &#8216;O cuidado ao rec\u00e9m-nascido de alto risco e sua fam\u00edlia: contribuic\u0327o\u0303es para a integralidade e continuidade do cuidado&#8217;"},"content":{"rendered":"<p>No per\u00edodo de 02\/09\/2021 a 11\/09\/2021, estar\u00e3o abertas as inscri\u00e7\u00f5es para exame de sele\u00e7\u00e3o para Bolsista de Extens\u00e3o do projeto<a href=\"https:\/\/sistemas.ufmg.br\/siex\/AuditarProjeto.do?id=67981\" target=\"_blank\" rel=\"noopener\"> &#8216;O cuidado ao rec\u00e9m-nascido de alto risco e sua fam\u00edlia: contribuic\u0327o\u0303es para a integralidade e continuidade do cuidado&#8217;<\/a>, que \u00e9 coordenado pela professora Elys\u00e2ngela Dittz Duarte.<\/p>\n<p>N\u00famero de vagas: 01 vaga com bolsa de extens\u00e3o<\/p>\n<p><b>Crit\u00e9rios<\/b><\/p>\n<p>Alunos regularmente matriculados no Curso de Gradua\u00e7\u00e3o em Enfermagem da UFMG, que tenham cursado a disciplina de Enfermagem da Crian\u00e7a e do Adolescente.<\/p>\n<p><b>Documenta\u00e7\u00e3o<\/b><\/p>\n<p>&#8211; Hist\u00f3rico Escolar.<\/p>\n<p>&#8211; Curriculum Vitae.<\/p>\n<p>As documenta\u00e7\u00f5es dever\u00e3o ser encaminhadas no formato PDF para o e-mail\u00a0<b>cenex@enf.ufmg.br<\/b><\/p>\n<p>Para mais informa\u00e7\u00f5es e instru\u00e7\u00f5es, \u00e9 imprescind\u00edvel a consulta ao\u00a0<a href=\"http:\/\/www.enf.ufmg.br\/index.php\/editais\/2692-exame-de-selecao-para-bolsista-de-extensao-do-projeto-o-cuidado-ao-recem-nascido-de-alto-risco-e-sua-familia-contribuicoes-para-a-integralidade-e-continuidade-do-cuidado\/file\" target=\"_blank\" rel=\"noopener\">Edital de Sele\u00e7\u00e3o.<\/a><\/p>\n<p>&nbsp;<\/p>\n<p>&nbsp;<\/p>\n<p>&nbsp;<\/p>\n<p>&nbsp;<\/p>\n<p>&nbsp;<\/p>\n","protected":false},"excerpt":{"rendered":"<p>No per\u00edodo de 02\/09\/2021 a 11\/09\/2021, estar\u00e3o abertas as inscri\u00e7\u00f5es [&hellip;]<\/p>\n","protected":false},"author":2,"featured_media":0,"parent":0,"menu_order":0,"comment_status":"closed","ping_status":"closed","template":"","meta":[],"tags":[135,483,617,109,457],"_links":{"self":[{"href":"https:\/\/www.ufmg.br\/proex\/wp-json\/wp\/v2\/pages\/2341"}],"collection":[{"href":"https:\/\/www.ufmg.br\/proex\/wp-json\/wp\/v2\/pages"}],"about":[{"href":"https:\/\/www.ufmg.br\/proex\/wp-json\/wp\/v2\/types\/page"}],"author":[{"embeddable":true,"href":"https:\/\/www.ufmg.br\/proex\/wp-json\/wp\/v2\/users\/2"}],"replies":[{"embeddable":true,"href":"https:\/\/www.ufmg.br\/proex\/wp-json\/wp\/v2\/comments?post=2341"}],"version-history":[{"count":3,"href":"https:\/\/www.ufmg.br\/proex\/wp-json\/wp\/v2\/pages\/2341\/revisions"}],"predecessor-version":[{"id":2344,"href":"https:\/\/www.ufmg.br\/proex\/wp-json\/wp\/v2\/pages\/2341\/revisions\/2344"}],"wp:attachment":[{"href":"https:\/\/www.ufmg.br\/proex\/wp-json\/wp\/v2\/media?parent=2341"}],"wp:term":[{"taxonomy":"post_tag","embeddable":true,"href":"https:\/\/www.ufmg.br\/proex\/wp-json\/wp\/v2\/tags?post=2341"}],"curies":[{"name":"wp","href":"https:\/\/api.w.org\/{rel}","templated":true}]}}