{"id":2565,"date":"2021-09-10T00:26:27","date_gmt":"2021-09-10T03:26:27","guid":{"rendered":"https:\/\/www.ufmg.br\/proex\/?page_id=2565"},"modified":"2021-09-10T00:31:21","modified_gmt":"2021-09-10T03:31:21","slug":"areas-do-conhecimento-do-cnpq","status":"publish","type":"page","link":"https:\/\/www.ufmg.br\/proex\/areas-do-conhecimento-do-cnpq\/","title":{"rendered":"\u00c1reas do Conhecimento do CNPq"},"content":{"rendered":"<p><a href=\"https:\/\/www2.ufmg.br\/proex\/content\/download\/2188\/14753\/version\/2\/file\/Tabela+das+%C3%81reas+do+Conhecimento+do+CNPq.pdf\" target=\"_blank\" rel=\"noopener\">Veja a tabel<\/a><a href=\"https:\/\/www2.ufmg.br\/proex\/content\/download\/2188\/14753\/version\/2\/file\/Tabela+das+%C3%81reas+do+Conhecimento+do+CNPq.pdf\" target=\"_blank\" rel=\"noopener\">a<\/a> das grandes \u00e1reas e sub\u00e1reas do conhecimento de acordo com o Conselho Nacional de Desenvolvimento Cient\u00edfico e Tecnol\u00f3gico (CNPq).<\/p>\n<h1><\/h1>\n<p>&nbsp;<\/p>\n<p>&nbsp;<\/p>\n<p>&nbsp;<\/p>\n<p>&nbsp;<\/p>\n<p>&nbsp;<\/p>\n<p>&nbsp;<\/p>\n<p>&nbsp;<\/p>\n","protected":false},"excerpt":{"rendered":"<p>Veja a tabela das grandes \u00e1reas e sub\u00e1reas do conhecimento [&hellip;]<\/p>\n","protected":false},"author":2,"featured_media":0,"parent":0,"menu_order":0,"comment_status":"closed","ping_status":"closed","template":"","meta":[],"tags":[619,23,625,623,621],"_links":{"self":[{"href":"https:\/\/www.ufmg.br\/proex\/wp-json\/wp\/v2\/pages\/2565"}],"collection":[{"href":"https:\/\/www.ufmg.br\/proex\/wp-json\/wp\/v2\/pages"}],"about":[{"href":"https:\/\/www.ufmg.br\/proex\/wp-json\/wp\/v2\/types\/page"}],"author":[{"embeddable":true,"href":"https:\/\/www.ufmg.br\/proex\/wp-json\/wp\/v2\/users\/2"}],"replies":[{"embeddable":true,"href":"https:\/\/www.ufmg.br\/proex\/wp-json\/wp\/v2\/comments?post=2565"}],"version-history":[{"count":6,"href":"https:\/\/www.ufmg.br\/proex\/wp-json\/wp\/v2\/pages\/2565\/revisions"}],"predecessor-version":[{"id":2572,"href":"https:\/\/www.ufmg.br\/proex\/wp-json\/wp\/v2\/pages\/2565\/revisions\/2572"}],"wp:attachment":[{"href":"https:\/\/www.ufmg.br\/proex\/wp-json\/wp\/v2\/media?parent=2565"}],"wp:term":[{"taxonomy":"post_tag","embeddable":true,"href":"https:\/\/www.ufmg.br\/proex\/wp-json\/wp\/v2\/tags?post=2565"}],"curies":[{"name":"wp","href":"https:\/\/api.w.org\/{rel}","templated":true}]}}