{"id":2592,"date":"2022-04-13T10:41:28","date_gmt":"2022-04-13T13:41:28","guid":{"rendered":"https:\/\/www.ufmg.br\/proex\/?page_id=2592"},"modified":"2022-04-14T11:56:57","modified_gmt":"2022-04-14T14:56:57","slug":"cedecom-ufmg","status":"publish","type":"page","link":"https:\/\/www.ufmg.br\/proex\/cedecom-ufmg\/","title":{"rendered":"Centro de Comunica\u00e7\u00e3o (Cedecom) da UFMG"},"content":{"rendered":"<p>Est\u00e3o abertas, at\u00e9 21 de abril, as inscri\u00e7\u00f5es para sele\u00e7\u00e3o de bolsistas no programa <em>CONEX\u00d5ES: comunica\u00e7\u00e3o institucional no cen\u00e1rio contempor\u00e2neo\u2019 <\/em>e projeto <em>Comunica\u00e7\u00e3o e Divulga\u00e7\u00e3o Cient\u00edfica em rede.<\/em><\/p>\n<p>O <a href=\"https:\/\/www.ufmg.br\/proex\/wp-content\/uploads\/2022\/04\/Edital-04-2022.pdf\" target=\"_blank\" rel=\"noopener\">Edital 04 2022<\/a> visa selecionar:<\/p>\n<ul>\n<li>1 bolsa PBEXT A\u00e7\u00e3o Afirmativa para discentes de gradua\u00e7\u00e3o da UFMG classificados socioeconomicamente nos n\u00edveis I, II ou III pela Fump e\/ou que ingressaram na UFMG pelo sistema de cotas<\/li>\n<li>2 bolsas PBEXT para aluno de gradua\u00e7\u00e3o da UFMG.<\/li>\n<\/ul>\n<p><strong>Inscri\u00e7\u00e3o<br \/>\n<\/strong>Para realizar a inscri\u00e7\u00e3o, o candidato dever\u00e1 encaminhar para o e-mail\u00a0<a href=\"mailto:estagioscedecom@gmail.com\" target=\"_self\" rel=\"noopener\">estagioscedecom@gmail.com,<\/a> com o assunto: \u201cSele\u00e7\u00e3o de bolsistas 04\/22\u201d, os seguintes documentos:<\/p>\n<p>&#8211; C\u00f3pia do Hist\u00f3rico Escolar de gradua\u00e7\u00e3o atualizado (dispon\u00edvel no Siga Minha UFMG);<br \/>\n&#8211; Curr\u00edculo completo;<br \/>\n&#8211; Carta explicando o interesse em integrar como bolsista a equipe do Cedecom e explicitando os motivos de escolha do n\u00facleo em quest\u00e3o. Esta carta ser\u00e1<br \/>\nconsiderada a prova escrita.<\/p>\n<p><b>Sele\u00e7\u00e3o<\/b><br \/>\n1\u00aa etapa &#8211; eliminat\u00f3ria: an\u00e1lise dos documentos. O candidato com documenta\u00e7\u00e3o incompleta ser\u00e1 automaticamente eliminado da sele\u00e7\u00e3o.<br \/>\n2\u00aa etapa &#8211; classificat\u00f3ria: entrevista com o coordenador do n\u00facleo. As entrevistas abranger\u00e3o os temas do Anexo I.<\/p>\n<p>&nbsp;<\/p>\n<p>&nbsp;<\/p>\n<p>&nbsp;<\/p>\n<p>&nbsp;<\/p>\n<p>&nbsp;<\/p>\n<p>&nbsp;<\/p>\n<p>&nbsp;<\/p>\n","protected":false},"excerpt":{"rendered":"<p>Est\u00e3o abertas, at\u00e9 21 de abril, as inscri\u00e7\u00f5es para sele\u00e7\u00e3o [&hellip;]<\/p>\n","protected":false},"author":2,"featured_media":0,"parent":0,"menu_order":0,"comment_status":"closed","ping_status":"closed","template":"","meta":[],"tags":[5,109,491,4],"_links":{"self":[{"href":"https:\/\/www.ufmg.br\/proex\/wp-json\/wp\/v2\/pages\/2592"}],"collection":[{"href":"https:\/\/www.ufmg.br\/proex\/wp-json\/wp\/v2\/pages"}],"about":[{"href":"https:\/\/www.ufmg.br\/proex\/wp-json\/wp\/v2\/types\/page"}],"author":[{"embeddable":true,"href":"https:\/\/www.ufmg.br\/proex\/wp-json\/wp\/v2\/users\/2"}],"replies":[{"embeddable":true,"href":"https:\/\/www.ufmg.br\/proex\/wp-json\/wp\/v2\/comments?post=2592"}],"version-history":[{"count":13,"href":"https:\/\/www.ufmg.br\/proex\/wp-json\/wp\/v2\/pages\/2592\/revisions"}],"predecessor-version":[{"id":4871,"href":"https:\/\/www.ufmg.br\/proex\/wp-json\/wp\/v2\/pages\/2592\/revisions\/4871"}],"wp:attachment":[{"href":"https:\/\/www.ufmg.br\/proex\/wp-json\/wp\/v2\/media?parent=2592"}],"wp:term":[{"taxonomy":"post_tag","embeddable":true,"href":"https:\/\/www.ufmg.br\/proex\/wp-json\/wp\/v2\/tags?post=2592"}],"curies":[{"name":"wp","href":"https:\/\/api.w.org\/{rel}","templated":true}]}}