{"id":2749,"date":"2016-10-26T17:34:23","date_gmt":"2016-10-26T19:34:23","guid":{"rendered":"https:\/\/www.ufmg.br\/proex\/?page_id=2749"},"modified":"2021-09-22T14:08:42","modified_gmt":"2021-09-22T17:08:42","slug":"participa-ufmg-convida-comunidade-academica-para-a-jornada-um-ano-de-lama-e-luta-somos-tods-atingids","status":"publish","type":"page","link":"https:\/\/www.ufmg.br\/proex\/participa-ufmg-convida-comunidade-academica-para-a-jornada-um-ano-de-lama-e-luta-somos-tods-atingids\/","title":{"rendered":"Participa UFMG convida comunidade acad\u00eamica para a jornada &#8216;Um ano de lama e luta &#8211; somos tod@s atingid@s&#8217;"},"content":{"rendered":"<p>Entre os dias 31 de outubro e 5 de novembro de 2016, o Movimento dos Atingidos por Barragens (<a href=\"http:\/\/www.mabnacional.org.br\/\" target=\"_blank\" rel=\"noopener\"><u>MAB<\/u><\/a>) organizou a jornada <em>Um Ano de Lama e Luta &#8211; Somos Tod@s atingid@s,\u00a0<\/em>evento que faz refer\u00eancia ao per\u00edodo de um ano ap\u00f3s o rompimento da barragem da Samarco no subdistrito de Bento Rodrigues, em novembro de 2015. Em apoio \u00e0 iniciativa, o <a href=\"https:\/\/www.ufmg.br\/online\/arquivos\/041375.shtml\" target=\"_blank\" rel=\"noopener\">Programa Participa UFMG &#8211;\u00a0 Mariana\/Rio Doce<\/a> incentiva a participa\u00e7\u00e3o da comunidade acad\u00eamica.<\/p>\n<div id=\"attachment_2751\" style=\"width: 1010px\" class=\"wp-caption alignleft\"><img aria-describedby=\"caption-attachment-2751\" loading=\"lazy\" class=\"wp-image-2751\" src=\"https:\/\/www.ufmg.br\/proex\/wp-content\/uploads\/2021\/09\/0-imagem.jpg\" alt=\"\" width=\"1000\" height=\"643\" srcset=\"https:\/\/www.ufmg.br\/proex\/wp-content\/uploads\/2021\/09\/0-imagem.jpg 611w, https:\/\/www.ufmg.br\/proex\/wp-content\/uploads\/2021\/09\/0-imagem-300x193.jpg 300w\" sizes=\"(max-width: 1000px) 100vw, 1000px\" \/><p id=\"caption-attachment-2751\" class=\"wp-caption-text\">Cartaz da jornada | Divulga\u00e7\u00e3o Movimento dos Atingidos por Barragens<\/p><\/div>\n<p>O evento se dividir\u00e1 em tr\u00eas etapas: a marcha de Reg\u00eancia\/ES at\u00e9 Mariana\/MG, que percorrer\u00e1 o caminho contr\u00e1rio do fluxo de lama liberado pela barragem, articulando e dialogando com os moradores dos munic\u00edpios atingidos, realizando rodas de conversa em escolas, debates e audi\u00eancias p\u00fablicas; a etapa seguinte ser\u00e1 o encontro em Mariana, nos dias 3 e 4,\u00a0 para o semin\u00e1rio que debater\u00e1 as causas do desastre tecnol\u00f3gico e a situa\u00e7\u00e3o de tratamento aos atingidos com participa\u00e7\u00e3o de especialistas, parceiros e apoiadores; e por \u00faltimo, no dia 5, o ato p\u00fablico em Mariana, protesto aberto em mem\u00f3ria \u00e0s mortes e incentivo \u00e0 solidariedade na luta pela reconstru\u00e7\u00e3o.<\/p>\n<p>Os interessados em participar da marcha, que acontece de 31 de outubro a 5 de novembro, poder\u00e3o dispor de um \u00f4nibus fretado pelo MAB com sa\u00edda em frente \u00e0 Escola de Belas Artes da UFMG no dia 30 de outubro, \u00e0s 16h, seguindo para seu ponto de partida, em Reg\u00eancia, no Esp\u00edrito Santo.<\/p>\n<p>Vale destacar que os interessados que desembarcarem no \u00f4nibus, ir\u00e3o participar da programa\u00e7\u00e3o completa, seguindo para Mariana e retornando no dia 5. Para participar basta efetuar inscri\u00e7\u00e3o gratuita por meio de<a href=\"https:\/\/docs.google.com\/forms\/d\/e\/1FAIpQLSfZjo6Y0K73irXHOBp1eSDn1kg_qJc8zKbh5k7v6X8TF2B9jw\/viewform\" target=\"_self\" rel=\"noopener\">\u00a0<\/a><a href=\"https:\/\/docs.google.com\/forms\/d\/e\/1FAIpQLSfZjo6Y0K73irXHOBp1eSDn1kg_qJc8zKbh5k7v6X8TF2B9jw\/viewform\" target=\"_blank\" rel=\"noopener\"><u>formul\u00e1rio online<\/u><\/a>\u00a0\u00a0at\u00e9 as 12h do dia 28 de outubro. O preenchimento das vagas se dar\u00e1 por ordem cronol\u00f3gica de inscri\u00e7\u00e3o e as informa\u00e7\u00f5es sobre alojamento, alimenta\u00e7\u00e3o e bagagem ser\u00e3o enviadas posteriormente por e-mail.<\/p>\n<p>Verifique a programa\u00e7\u00e3o no site do\u00a0<a href=\"http:\/\/www.mabnacional.org.br\/\" target=\"_blank\" rel=\"noopener\"><u>MAB\u00a0<\/u><\/a>ou entre em contato pelo (31) 3409-4595 ou\u00a0<u><a href=\"mailto:participaufmg@ufmg.br\" target=\"_blank\" rel=\"noopener\">luana@reitoria.ufmg.br<\/a><\/u><\/p>\n","protected":false},"excerpt":{"rendered":"<p>Entre os dias 31 de outubro e 5 de novembro [&hellip;]<\/p>\n","protected":false},"author":2,"featured_media":0,"parent":0,"menu_order":0,"comment_status":"closed","ping_status":"closed","template":"","meta":[],"tags":[],"_links":{"self":[{"href":"https:\/\/www.ufmg.br\/proex\/wp-json\/wp\/v2\/pages\/2749"}],"collection":[{"href":"https:\/\/www.ufmg.br\/proex\/wp-json\/wp\/v2\/pages"}],"about":[{"href":"https:\/\/www.ufmg.br\/proex\/wp-json\/wp\/v2\/types\/page"}],"author":[{"embeddable":true,"href":"https:\/\/www.ufmg.br\/proex\/wp-json\/wp\/v2\/users\/2"}],"replies":[{"embeddable":true,"href":"https:\/\/www.ufmg.br\/proex\/wp-json\/wp\/v2\/comments?post=2749"}],"version-history":[{"count":8,"href":"https:\/\/www.ufmg.br\/proex\/wp-json\/wp\/v2\/pages\/2749\/revisions"}],"predecessor-version":[{"id":2828,"href":"https:\/\/www.ufmg.br\/proex\/wp-json\/wp\/v2\/pages\/2749\/revisions\/2828"}],"wp:attachment":[{"href":"https:\/\/www.ufmg.br\/proex\/wp-json\/wp\/v2\/media?parent=2749"}],"wp:term":[{"taxonomy":"post_tag","embeddable":true,"href":"https:\/\/www.ufmg.br\/proex\/wp-json\/wp\/v2\/tags?post=2749"}],"curies":[{"name":"wp","href":"https:\/\/api.w.org\/{rel}","templated":true}]}}