{"id":2986,"date":"2021-10-06T15:54:45","date_gmt":"2021-10-06T18:54:45","guid":{"rendered":"https:\/\/www.ufmg.br\/proex\/?page_id=2986"},"modified":"2025-02-13T11:29:13","modified_gmt":"2025-02-13T14:29:13","slug":"conheca-a-politica-de-divulgacao-cientifica-da-ufmg","status":"publish","type":"page","link":"https:\/\/www.ufmg.br\/proex\/conheca-a-politica-de-divulgacao-cientifica-da-ufmg\/","title":{"rendered":"Conhe\u00e7a a pol\u00edtica de divulga\u00e7\u00e3o cient\u00edfica da UFMG"},"content":{"rendered":"<h4><em>Qual sua import\u00e2ncia para a sociedade?<\/em><\/h4>\n<p>&nbsp;<\/p>\n<div id=\"attachment_3002\" style=\"width: 760px\" class=\"wp-caption alignnone\"><img aria-describedby=\"caption-attachment-3002\" loading=\"lazy\" class=\"wp-image-3002\" src=\"https:\/\/www.ufmg.br\/proex\/wp-content\/uploads\/2021\/10\/MHNJB.jpg\" alt=\"\" width=\"750\" height=\"563\" srcset=\"https:\/\/www.ufmg.br\/proex\/wp-content\/uploads\/2021\/10\/MHNJB.jpg 1000w, https:\/\/www.ufmg.br\/proex\/wp-content\/uploads\/2021\/10\/MHNJB-300x225.jpg 300w, https:\/\/www.ufmg.br\/proex\/wp-content\/uploads\/2021\/10\/MHNJB-768x576.jpg 768w\" sizes=\"(max-width: 750px) 100vw, 750px\" \/><p id=\"caption-attachment-3002\" class=\"wp-caption-text\">Entre seus objetivos est\u00e1 a promo\u00e7\u00e3o do alcance da ci\u00eancia junto a crian\u00e7as e jovens | Foto: Museu de Hist\u00f3ria Natural e Jardim Bot\u00e2nico da UFMG<\/p><\/div>\n<p>Um dos grandes momentos das celebra\u00e7\u00f5es do Dia Nacional da Ci\u00eancia, comemorado no dia 8 de julho de 2021, foi o lan\u00e7amento da pol\u00edtica de divulga\u00e7\u00e3o cient\u00edfica da UFMG.<\/p>\n<p>Essa pol\u00edtica estabeleceu formalmente as diretrizes para a concep\u00e7\u00e3o, a estrutura\u00e7\u00e3o e a pr\u00e1tica da divulga\u00e7\u00e3o da ci\u00eancia pela UFMG, al\u00e9m de reconhecer e valorizar as ci\u00eancias n\u00e3o acad\u00eamicas, como os saberes tradicionais e o conhecimento gerado na articula\u00e7\u00e3o da Universidade com outros setores da sociedade.<\/p>\n<p>Essas diretrizes est\u00e3o na <a href=\"https:\/\/www.ufmg.br\/proex\/wp-content\/uploads\/2021\/12\/Resolucao-02_CEPE_2021_Diretrizes-para-a-Politica-de-Divulgacao-Cientifica-na-UFMG.pdf\" target=\"_blank\" rel=\"noopener\">Resolu\u00e7\u00e3o 02\/2021<\/a>, do Conselho de Ensino, Pesquisa e Extens\u00e3o (Cepe\/UFMG), que foi aprovada em 27 de maio de 2021.<\/p>\n<p>Para materializar a pol\u00edtica, a UFMG passou a contar com o COMDICI, o Comit\u00ea para Discuss\u00e3o e Monitoramento da Pol\u00edtica de Divulga\u00e7\u00e3o Cient\u00edfica, que est\u00e1 vinculado \u00e0s Pr\u00f3-reitorias de Pesquisa e de Extens\u00e3o (Veja a <a href=\"https:\/\/www.ufmg.br\/proex\/wp-content\/uploads\/2021\/12\/Resolucao-03_CEPE_2021_Institui-o-COMDICI.pdf\" target=\"_blank\" rel=\"noopener\">Resolu\u00e7\u00e3o 03\/2021,<\/a> do Cepe, que instituiu o comit\u00ea).<\/p>\n<p><strong>UFMG mais pr\u00f3xima da sociedade<\/strong><\/p>\n<p>As discuss\u00f5es acerca da implanta\u00e7\u00e3o da pol\u00edtica remontam aos eventos do F\u00f3rum de Cultura Cient\u00edfica, que foi realizado pela primeira vez em junho de 2015. Na ocasi\u00e3o, apontou-se a sua relev\u00e2ncia para os processos de di\u00e1logo da Universidade com a sociedade e, em 2021, ela foi materializada por meio do trabalho da Diretoria de Divulga\u00e7\u00e3o Cient\u00edfica, vinculada \u00e0 Proex.<\/p>\n<div id=\"attachment_4161\" style=\"width: 1110px\" class=\"wp-caption aligncenter\"><img aria-describedby=\"caption-attachment-4161\" loading=\"lazy\" class=\"wp-image-4161\" src=\"https:\/\/www.ufmg.br\/proex\/wp-content\/uploads\/2022\/01\/As-sementes-da-politica-foram-lancadas-em-junho-de-2015-no-primeiro-Forum-de-Cultura-Cientifica-da-UFMG-Foto-Foca-Lisboa-300x200.jpg\" alt=\"\" width=\"1100\" height=\"733\" srcset=\"https:\/\/www.ufmg.br\/proex\/wp-content\/uploads\/2022\/01\/As-sementes-da-politica-foram-lancadas-em-junho-de-2015-no-primeiro-Forum-de-Cultura-Cientifica-da-UFMG-Foto-Foca-Lisboa-300x200.jpg 300w, https:\/\/www.ufmg.br\/proex\/wp-content\/uploads\/2022\/01\/As-sementes-da-politica-foram-lancadas-em-junho-de-2015-no-primeiro-Forum-de-Cultura-Cientifica-da-UFMG-Foto-Foca-Lisboa-1024x683.jpg 1024w, https:\/\/www.ufmg.br\/proex\/wp-content\/uploads\/2022\/01\/As-sementes-da-politica-foram-lancadas-em-junho-de-2015-no-primeiro-Forum-de-Cultura-Cientifica-da-UFMG-Foto-Foca-Lisboa-768x512.jpg 768w, https:\/\/www.ufmg.br\/proex\/wp-content\/uploads\/2022\/01\/As-sementes-da-politica-foram-lancadas-em-junho-de-2015-no-primeiro-Forum-de-Cultura-Cientifica-da-UFMG-Foto-Foca-Lisboa-1536x1024.jpg 1536w, https:\/\/www.ufmg.br\/proex\/wp-content\/uploads\/2022\/01\/As-sementes-da-politica-foram-lancadas-em-junho-de-2015-no-primeiro-Forum-de-Cultura-Cientifica-da-UFMG-Foto-Foca-Lisboa-2048x1365.jpg 2048w\" sizes=\"(max-width: 1100px) 100vw, 1100px\" \/><p id=\"caption-attachment-4161\" class=\"wp-caption-text\">As sementes da pol\u00edtica foram lan\u00e7adas em junho de 2015 no primeiro F\u00f3rum de Cultura Cient\u00edfica da UFMG | Foto: Foca Lisboa<\/p><\/div>\n<p>&nbsp;<\/p>\n<p>A diretora de Divulga\u00e7\u00e3o Cient\u00edfica, professora D\u00e9bora d\u2019\u00c1vila Reis, ressalta que as diretrizes da pol\u00edtica s\u00e3o imprescind\u00edveis tanto para a Universidade quanto para a sociedade. &#8220;A escalada do negacionismo cient\u00edfico e a circula\u00e7\u00e3o de desinforma\u00e7\u00e3o na sociedade exigem respostas urgentes das institui\u00e7\u00f5es p\u00fablicas&#8221;, afirma a diretora, que destaca ainda que, por meio da pol\u00edtica, a UFMG reafirma sua miss\u00e3o p\u00fablica e cumpre compromissos de seu Plano de Desenvolvimento Institucional, como o di\u00e1logo constante com a sociedade e a democratiza\u00e7\u00e3o do conhecimento produzido\u201d.<\/p>\n<p>De acordo com a resolu\u00e7\u00e3o 02\/2021, \u201cconsidera-se divulga\u00e7\u00e3o cient\u00edfica toda atividade de ensino, pesquisa e extens\u00e3o que tenha por finalidade o compartilhamento, com um p\u00fablico n\u00e3o especializado, do conhecimento gerado na universidade e dos processos, controv\u00e9rsias e riscos inerentes \u00e0 sua produ\u00e7\u00e3o, privilegiando o di\u00e1logo e a escuta do conjunto da sociedade\u201d.<\/p>\n<div id=\"attachment_3013\" style=\"width: 460px\" class=\"wp-caption alignright\"><img aria-describedby=\"caption-attachment-3013\" loading=\"lazy\" class=\"wp-image-3013\" src=\"https:\/\/www.ufmg.br\/proex\/wp-content\/uploads\/2021\/10\/UFMG_lanca_sua_politica_de_divulgacao_cientifica-1024x577.png\" alt=\"\" width=\"450\" height=\"254\" srcset=\"https:\/\/www.ufmg.br\/proex\/wp-content\/uploads\/2021\/10\/UFMG_lanca_sua_politica_de_divulgacao_cientifica-1024x577.png 1024w, https:\/\/www.ufmg.br\/proex\/wp-content\/uploads\/2021\/10\/UFMG_lanca_sua_politica_de_divulgacao_cientifica-300x169.png 300w, https:\/\/www.ufmg.br\/proex\/wp-content\/uploads\/2021\/10\/UFMG_lanca_sua_politica_de_divulgacao_cientifica-768x433.png 768w, https:\/\/www.ufmg.br\/proex\/wp-content\/uploads\/2021\/10\/UFMG_lanca_sua_politica_de_divulgacao_cientifica-600x340.png 600w, https:\/\/www.ufmg.br\/proex\/wp-content\/uploads\/2021\/10\/UFMG_lanca_sua_politica_de_divulgacao_cientifica.png 1278w\" sizes=\"(max-width: 450px) 100vw, 450px\" \/><p id=\"caption-attachment-3013\" class=\"wp-caption-text\">Momento hist\u00f3rico no Dia Nacional da Ci\u00eancia de 2021: gestores da UFMG participam do lan\u00e7amento da pol\u00edtica de divulga\u00e7\u00e3o cient\u00edfica | Reprodu\u00e7\u00e3o YouTube<\/p><\/div>\n<p>A resolu\u00e7\u00e3o traz ainda os princ\u00edpios para a concep\u00e7\u00e3o, estrutura\u00e7\u00e3o e a pr\u00e1tica da divulga\u00e7\u00e3o da ci\u00eancia, que dever\u00e1 contemplar a reflex\u00e3o \u00e9tica, a escuta e abordagem interdisciplinar, o di\u00e1logo entre saberes, a equidade na valoriza\u00e7\u00e3o das diversas ci\u00eancias e tecnologias e a articula\u00e7\u00e3o com a pol\u00edticas p\u00fablicas.<\/p>\n<p>J\u00e1 os objetivos ser\u00e1, entre outros, a promo\u00e7\u00e3o da amplia\u00e7\u00e3o do alcance e da visibilidade do conhecimento produzido, especialmente os resultantes de processos que se deem em articula\u00e7\u00e3o com outros setores da sociedade, o aprimoramento da divulga\u00e7\u00e3o cient\u00edfica nos museus e centros de mem\u00f3ria, o fortalecimento da interioriza\u00e7\u00e3o e da internacionaliza\u00e7\u00e3o da divulga\u00e7\u00e3o cient\u00edfica, com foco nas rela\u00e7\u00f5es de solidariedade no eixo sul-sul, a inser\u00e7\u00e3o da UFMG em redes internacionais, nacionais e locais de forma a contribuir para o enfrentamento de quest\u00f5es tanto no \u00e2mbito global quanto regional ou local.<\/p>\n<p>&nbsp;<\/p>\n<p>&nbsp;<\/p>\n","protected":false},"excerpt":{"rendered":"<p>Qual sua import\u00e2ncia para a sociedade? &nbsp; Um dos grandes [&hellip;]<\/p>\n","protected":false},"author":2,"featured_media":0,"parent":0,"menu_order":0,"comment_status":"closed","ping_status":"closed","template":"","meta":[],"tags":[49,651,653,649,71,655,647,29],"_links":{"self":[{"href":"https:\/\/www.ufmg.br\/proex\/wp-json\/wp\/v2\/pages\/2986"}],"collection":[{"href":"https:\/\/www.ufmg.br\/proex\/wp-json\/wp\/v2\/pages"}],"about":[{"href":"https:\/\/www.ufmg.br\/proex\/wp-json\/wp\/v2\/types\/page"}],"author":[{"embeddable":true,"href":"https:\/\/www.ufmg.br\/proex\/wp-json\/wp\/v2\/users\/2"}],"replies":[{"embeddable":true,"href":"https:\/\/www.ufmg.br\/proex\/wp-json\/wp\/v2\/comments?post=2986"}],"version-history":[{"count":60,"href":"https:\/\/www.ufmg.br\/proex\/wp-json\/wp\/v2\/pages\/2986\/revisions"}],"predecessor-version":[{"id":14559,"href":"https:\/\/www.ufmg.br\/proex\/wp-json\/wp\/v2\/pages\/2986\/revisions\/14559"}],"wp:attachment":[{"href":"https:\/\/www.ufmg.br\/proex\/wp-json\/wp\/v2\/media?parent=2986"}],"wp:term":[{"taxonomy":"post_tag","embeddable":true,"href":"https:\/\/www.ufmg.br\/proex\/wp-json\/wp\/v2\/tags?post=2986"}],"curies":[{"name":"wp","href":"https:\/\/api.w.org\/{rel}","templated":true}]}}