{"id":33,"date":"2021-03-16T17:05:21","date_gmt":"2021-03-16T20:05:21","guid":{"rendered":"https:\/\/www.ufmg.br\/proex\/?page_id=33"},"modified":"2024-08-09T10:05:59","modified_gmt":"2024-08-09T13:05:59","slug":"redes-sociais","status":"publish","type":"page","link":"https:\/\/www.ufmg.br\/proex\/multimidia\/redes-sociais\/","title":{"rendered":"Redes Sociais"},"content":{"rendered":"<p>Siga-nos no <a href=\"http:\/\/www.facebook.com\/extensaoufmg\/\" target=\"_blank\" rel=\"noopener\">Facebook<\/a>, <a href=\"http:\/\/www.instagram.com\/extensaoufmg\/\" target=\"_blank\" rel=\"noopener\">Instagram<\/a>, <a href=\"http:\/\/www.twitter.com\/extensaoufmg\" target=\"_blank\" rel=\"noopener\">Twitter<\/a> e <a href=\"https:\/\/www.youtube.com\/extensaoufmgCanal\" target=\"_blank\" rel=\"noopener\">YouTube<\/a>.<\/p>\n<p>A atua\u00e7\u00e3o da PROEX nas plataformas de redes sociais busca contribuir para a visibilidade e fortalecimento da extens\u00e3o universit\u00e1ria da UFMG, publicando conte\u00fados de relev\u00e2ncia relacionados a programas, projetos, cursos, eventos e servi\u00e7os e buscando expressar a diversidade e a pluralidade da extens\u00e3o e a intera\u00e7\u00e3o transformadora entre universidade e os outros setores da sociedade.<\/p>\n<p>&nbsp;<\/p>\n<p>&nbsp;<\/p>\n","protected":false},"excerpt":{"rendered":"<p>Siga-nos no Facebook, Instagram, Twitter e YouTube. A atua\u00e7\u00e3o da [&hellip;]<\/p>\n","protected":false},"author":1,"featured_media":0,"parent":31,"menu_order":0,"comment_status":"closed","ping_status":"closed","template":"","meta":[],"tags":[23,25,29],"_links":{"self":[{"href":"https:\/\/www.ufmg.br\/proex\/wp-json\/wp\/v2\/pages\/33"}],"collection":[{"href":"https:\/\/www.ufmg.br\/proex\/wp-json\/wp\/v2\/pages"}],"about":[{"href":"https:\/\/www.ufmg.br\/proex\/wp-json\/wp\/v2\/types\/page"}],"author":[{"embeddable":true,"href":"https:\/\/www.ufmg.br\/proex\/wp-json\/wp\/v2\/users\/1"}],"replies":[{"embeddable":true,"href":"https:\/\/www.ufmg.br\/proex\/wp-json\/wp\/v2\/comments?post=33"}],"version-history":[{"count":15,"href":"https:\/\/www.ufmg.br\/proex\/wp-json\/wp\/v2\/pages\/33\/revisions"}],"predecessor-version":[{"id":13455,"href":"https:\/\/www.ufmg.br\/proex\/wp-json\/wp\/v2\/pages\/33\/revisions\/13455"}],"up":[{"embeddable":true,"href":"https:\/\/www.ufmg.br\/proex\/wp-json\/wp\/v2\/pages\/31"}],"wp:attachment":[{"href":"https:\/\/www.ufmg.br\/proex\/wp-json\/wp\/v2\/media?parent=33"}],"wp:term":[{"taxonomy":"post_tag","embeddable":true,"href":"https:\/\/www.ufmg.br\/proex\/wp-json\/wp\/v2\/tags?post=33"}],"curies":[{"name":"wp","href":"https:\/\/api.w.org\/{rel}","templated":true}]}}