{"id":3320,"date":"2021-10-25T23:58:51","date_gmt":"2021-10-26T02:58:51","guid":{"rendered":"https:\/\/www.ufmg.br\/proex\/?page_id=3320"},"modified":"2022-01-25T14:33:59","modified_gmt":"2022-01-25T17:33:59","slug":"projeto-de-extensao-trabalha-na-avaliacao-e-reparacao-dos-danos-do-desastre-de-brumadinho","status":"publish","type":"page","link":"https:\/\/www.ufmg.br\/proex\/projeto-de-extensao-trabalha-na-avaliacao-e-reparacao-dos-danos-do-desastre-de-brumadinho\/","title":{"rendered":"Projeto de extens\u00e3o trabalha na avalia\u00e7\u00e3o e repara\u00e7\u00e3o dos danos do desastre de Brumadinho"},"content":{"rendered":"<div id=\"attachment_3367\" style=\"width: 864px\" class=\"wp-caption alignnone\"><img aria-describedby=\"caption-attachment-3367\" loading=\"lazy\" class=\"wp-image-3367 size-full\" src=\"https:\/\/www.ufmg.br\/proex\/wp-content\/uploads\/2021\/10\/Pesquisadores-da-Universidade-durante-trabalho-de-campo-na-regiao-atingida-pelo-rompimento-da-barragem-Foto-Portal-Projeto-Brumadinho.jpg\" alt=\"\" width=\"854\" height=\"474\" srcset=\"https:\/\/www.ufmg.br\/proex\/wp-content\/uploads\/2021\/10\/Pesquisadores-da-Universidade-durante-trabalho-de-campo-na-regiao-atingida-pelo-rompimento-da-barragem-Foto-Portal-Projeto-Brumadinho.jpg 854w, https:\/\/www.ufmg.br\/proex\/wp-content\/uploads\/2021\/10\/Pesquisadores-da-Universidade-durante-trabalho-de-campo-na-regiao-atingida-pelo-rompimento-da-barragem-Foto-Portal-Projeto-Brumadinho-300x167.jpg 300w, https:\/\/www.ufmg.br\/proex\/wp-content\/uploads\/2021\/10\/Pesquisadores-da-Universidade-durante-trabalho-de-campo-na-regiao-atingida-pelo-rompimento-da-barragem-Foto-Portal-Projeto-Brumadinho-768x426.jpg 768w, https:\/\/www.ufmg.br\/proex\/wp-content\/uploads\/2021\/10\/Pesquisadores-da-Universidade-durante-trabalho-de-campo-na-regiao-atingida-pelo-rompimento-da-barragem-Foto-Portal-Projeto-Brumadinho-290x160.jpg 290w\" sizes=\"(max-width: 854px) 100vw, 854px\" \/><p id=\"caption-attachment-3367\" class=\"wp-caption-text\">Pesquisadores da Universidade durante trabalho de campo na regi\u00e3o atingida pelo rompimento da barragem | Foto: Portal Projeto Brumadinho<\/p><\/div>\n<p>Por meio de parceria institucional in\u00e9dita com o poder judici\u00e1rio, foi lan\u00e7ado, em novembro de 2019, o Projeto Brumadinho UFMG.<\/p>\n<p>O objetivo \u00e9 auxiliar o Ju\u00edzo da 2\u00aa Vara da Fazenda P\u00fablica da Comarca de Belo Horizonte com an\u00e1lises dos impactos do rompimento da barragem da mina do C\u00f3rrego do Feij\u00e3o, da Vale, ocorrido em 25 de janeiro de 2019, e com avalia\u00e7\u00f5es das necessidades emergenciais relacionadas aos impactos socioecon\u00f4micos, ambientais, sanit\u00e1rios, na educa\u00e7\u00e3o, nas estruturas urbanas, no patrim\u00f4nio cultural material e imaterial e nas popula\u00e7\u00f5es ribeirinhas local e regional.<\/p>\n<p>A coopera\u00e7\u00e3o t\u00e9cnica mobiliza mais 400 pesquisadores da Universidade em diversas frentes, <a href=\"https:\/\/ufmg.br\/comunicacao\/noticias\/ufmg-desenvolve-67-pesquisas-para-avaliar-impactos-do-rompimento-da-barragem-de-brumadinho\" target=\"_blank\" rel=\"noopener\">distribu\u00eddos entre os 67 subprojetos de pesquisa e extens\u00e3o <\/a>em 19 munic\u00edpios da bacia do Rio Paraopeba.<\/p>\n<p><strong class=\"redactor-inline-converted\">Informa\u00e7\u00f5es relevantes em um s\u00f3 lugar<\/strong><\/p>\n<p>A <a href=\"http:\/\/www.projetobrumadinho.ufmg.br\/\" target=\"_blank\" rel=\"noopener\">plataforma do projeto<\/a> \u00e9 um canal virtual de acesso p\u00fablico aos dados relacionados aos processos judiciais que tramitam em decorr\u00eancia do rompimento da barragem.<\/p>\n<p>Ela oferece recursos integrados para busca e visualiza\u00e7\u00e3o de informa\u00e7\u00e3o, envolvendo aspectos tem\u00e1ticos, geogr\u00e1ficos e temporais. S\u00ednteses produzidas sobre cada documento legal, bem como descri\u00e7\u00f5es e resumos de outros tipos de conte\u00fado, facilitam a localiza\u00e7\u00e3o de elementos de interesse para qualquer p\u00fablico, incluindo profissionais do Direito, pesquisadores e cidad\u00e3os comuns.<\/p>\n<p>As informa\u00e7\u00f5es podem ser encontradas por meio da busca combinada, que possibilita a pesquisa por palavra-chave e temas, por exemplo, ideal para conectar assuntos a localidades e acontecimentos. Outra op\u00e7\u00e3o \u00e9 a procura\u00a0por processos, que possibilita\u00a0visualizar a ordem cronol\u00f3gica dos fatos e acompanhar a estrutura dos documentos.<\/p>\n<p>As atividades e resultados dos subprojetos est\u00e3o organizadas por \u00e1reas tem\u00e1ticas: Meio Ambiente, Infraestrutura, Socioeconomia e Sa\u00fade da Popula\u00e7\u00e3o<\/p>\n<p>Outro destaque \u00e9 a se\u00e7\u00e3o <a href=\"http:\/\/www.projetobrumadinho.ufmg.br\/escola\" target=\"_blank\" rel=\"noopener\">Projeto Brumadinho na Escola,<\/a>\u00a0espa\u00e7o de divulga\u00e7\u00e3o cient\u00edfica que tem\u00a0o\u00a0objetivo de estimular o di\u00e1logo\u00a0com crian\u00e7as e jovens da educa\u00e7\u00e3o b\u00e1sica sobre o rompimento da barragem, suas consequ\u00eancias e a import\u00e2ncia da ci\u00eancia nesse contexto. H\u00e1\u00a0explica\u00e7\u00f5es did\u00e1ticas para termos jur\u00eddicos e cient\u00edficos, nomenclaturas e siglas.<\/p>\n<p>Todo o conte\u00fado \u00e9 atualizado com mat\u00e9rias, podcasts, imagens e v\u00eddeos, que mostram o dia a dia do trabalho em campo dos pesquisadores.<\/p>\n<p>Para mais informa\u00e7\u00f5es, acesse <a href=\"http:\/\/www.projetobrumadinho.ufmg.br\/\" target=\"_blank\" rel=\"noopener\">www.projetobrumadinho.ufmg.br<\/a><\/p>\n<p>&nbsp;<\/p>\n<p>&nbsp;<\/p>\n<p>&nbsp;<\/p>\n","protected":false},"excerpt":{"rendered":"<p>Por meio de parceria institucional in\u00e9dita com o poder judici\u00e1rio, [&hellip;]<\/p>\n","protected":false},"author":2,"featured_media":0,"parent":0,"menu_order":0,"comment_status":"closed","ping_status":"closed","template":"","meta":[],"tags":[359,661,663,547,23,25,545,29,665,457],"_links":{"self":[{"href":"https:\/\/www.ufmg.br\/proex\/wp-json\/wp\/v2\/pages\/3320"}],"collection":[{"href":"https:\/\/www.ufmg.br\/proex\/wp-json\/wp\/v2\/pages"}],"about":[{"href":"https:\/\/www.ufmg.br\/proex\/wp-json\/wp\/v2\/types\/page"}],"author":[{"embeddable":true,"href":"https:\/\/www.ufmg.br\/proex\/wp-json\/wp\/v2\/users\/2"}],"replies":[{"embeddable":true,"href":"https:\/\/www.ufmg.br\/proex\/wp-json\/wp\/v2\/comments?post=3320"}],"version-history":[{"count":30,"href":"https:\/\/www.ufmg.br\/proex\/wp-json\/wp\/v2\/pages\/3320\/revisions"}],"predecessor-version":[{"id":4140,"href":"https:\/\/www.ufmg.br\/proex\/wp-json\/wp\/v2\/pages\/3320\/revisions\/4140"}],"wp:attachment":[{"href":"https:\/\/www.ufmg.br\/proex\/wp-json\/wp\/v2\/media?parent=3320"}],"wp:term":[{"taxonomy":"post_tag","embeddable":true,"href":"https:\/\/www.ufmg.br\/proex\/wp-json\/wp\/v2\/tags?post=3320"}],"curies":[{"name":"wp","href":"https:\/\/api.w.org\/{rel}","templated":true}]}}