{"id":352,"date":"2021-07-29T21:07:59","date_gmt":"2021-07-30T00:07:59","guid":{"rendered":"https:\/\/www.ufmg.br\/proex\/?page_id=352"},"modified":"2026-04-02T12:06:04","modified_gmt":"2026-04-02T15:06:04","slug":"contatos","status":"publish","type":"page","link":"https:\/\/www.ufmg.br\/proex\/contatos\/","title":{"rendered":"Contatos"},"content":{"rendered":"<p><b>Pr\u00f3-Reitoria de Extens\u00e3o UFMG<\/b><\/p>\n<p>Av. Ant\u00f4nio Carlos, 6627 &#8211; Campus da Pampulha<br \/>\nPr\u00e9dio da Reitoria &#8211; 6\u00ba andar \/ CEP: 31270-010, Belo Horizonte &#8211; MG<\/p>\n<p><strong>Pr\u00f3-Reitor<\/strong><br \/>\nGlaucinei Rodrigues Corr\u00eaa<\/p>\n<p><b>Pr\u00f3-Reitora Adjunta<\/b><br \/>\nViviane Elis\u00e2ngela Gomes<\/p>\n<p><b>Gabinete<br \/>\n<\/b><strong>Secret\u00e1ria: <\/strong>Eloiza Lagaris de Paula Ribeiro e Fernanda Silva Ferreira<br \/>\n<b>Telefones:<\/b> (31) 3409-4072<br \/>\n<strong>E-mail:<\/strong> <a href=\"mailto:gab@proex.ufmg.br\" target=\"_self\" rel=\"noopener\">gab@proex.ufmg.br<\/a><br \/>\n<strong>Redes Sociais: <\/strong><a href=\"https:\/\/www.instagram.com\/extensaoufmg\/\" target=\"_blank\" rel=\"noopener\">Instagram<\/a>, <a href=\"https:\/\/www.facebook.com\/extensaoufmg\" target=\"_blank\" rel=\"noopener\">Facebook<\/a>, <a href=\"https:\/\/twitter.com\/extensaoufmg\" target=\"_blank\" rel=\"noopener\">Twitter<\/a>, <a href=\"http:\/\/www.youtube.com\/extensaoufmgCanal\" target=\"_blank\" rel=\"noopener\">YouTube<\/a>.<\/p>\n<p><a href=\"https:\/\/www.ufmg.br\/proex\/diretorias\/apoio-a-gestao-da-extensao\/\" target=\"_blank\" rel=\"noopener\">Diretoria de Apoio \u00e0 Gest\u00e3o da Extens\u00e3o (DAGE)<\/a><br \/>\n<b>Diretora:<\/b> Gleide Fernandes de Avelar<br \/>\n<b>Equipe:<\/b> Douglas Naves Coelho e Gabriela Braga Casali<br \/>\n<b>Telefones: <\/b>(31) 3409-4062 (Siex)\/(31) 3409-3215\u00a0<b><br \/>\nE-mails: <\/b><a href=\"mailto:dage@proex.ufmg.br\" target=\"_blank\" rel=\"noopener\">dage@proex.ufmg.br<\/a> \/<a href=\"mailto:siex@proex.ufmg.br\" target=\"_blank\" rel=\"noopener\">siex@proex.ufmg.br<\/a><\/p>\n<p><a href=\"https:\/\/www.ufmg.br\/proex\/diretorias\/avaliacao-e-fomento\/\" target=\"_blank\" rel=\"noopener\">Diretoria de Fomento e Avalia\u00e7\u00e3o da Extens\u00e3o (DAFE)<\/a><br \/>\n<b>Diretora:<\/b> Alexandre Liparini<br \/>\n<b>Equipe: <\/b>Jos\u00e9 Arnaldo Fernandes Filho, Mariana Branquinho Macedo,<br \/>\nNat\u00e1lia Fraga Carvalhais Oliveira, Renata Beatriz Freitas Estanislau, Rick Anderson M\u00e1rio Soares de Pinho e Vanessa Avelar Cappelle Fonseca<br \/>\n<b>Telefones: <\/b>(31) 3409-4637\/(31) 3409-3928<b><br \/>\n<\/b><b>E-mail: <\/b><a href=\"mailto:dafe@proex.ufmg.br\">dafe@proex.ufmg.br<\/a>\/<a href=\"mailto:fomento@proex.ufmg.br\">fomento@proex.ufmg.br<\/a><br \/>\n<u><\/u><\/p>\n<p><a href=\"https:\/\/www.ufmg.br\/proex\/diretorias\/divulgacao-cientifica\/\" target=\"_blank\" rel=\"noopener\">Diretoria de Divulga\u00e7\u00e3o Cient\u00edfica (DDC)<\/a><br \/>\n<b>Diretor<\/b>: Andr\u00e9 Luiz Freitas Dias<br \/>\n<b>Equipe<\/b>: Andr\u00e9ia Carolina Borges Santos, Danilo Medeiros de Santana Collado, D\u00e9bora Dam\u00e1zio Santos, Luana Vogel Metzker, Marcelo Pereira e Naiemer Ribeiro de Carvalho<br \/>\n<b>Telefones: <\/b>(31) 3409-4427\/(31) 3409-4428<b><br \/>\nE-mail<\/b>: <a href=\"mailto:ddc-secretaria@proex.ufmg.br\" target=\"_blank\" rel=\"noopener\">ddc-secretaria@proex.ufmg.br<\/a>\/<a href=\"mailto:comunica@proex.ufmg.br\" target=\"_blank\" rel=\"noopener\">eventos@proex.ufmg.br<\/a><\/p>\n<p><a href=\"https:\/\/www.ufmg.br\/proex\/diretorias\/universidade-dos-direitos-humanos\/\" target=\"_blank\" rel=\"noopener\">Universidade dos Direitos Humanos (UDH)<\/a><br \/>\n<strong>Diretora<\/strong>: Luciana de Oliveira<br \/>\n<b>Equipe: <\/b>Ada Lopes e Raquel Serafim<br \/>\n<strong>Telefone:<\/strong> (31) 3409-6435<br \/>\n<strong>E-mail:<\/strong> <a href=\"mailto:udh@proex.ufm.br\" target=\"_blank\" rel=\"noopener\">udh@proex.ufmg.br<\/a><b><\/b><\/p>\n<div><a href=\"https:\/\/www.ufmg.br\/proex\/diretorias\/estacao-ecologica\/\" target=\"_blank\" rel=\"noopener\">Esta\u00e7\u00e3o Ecol\u00f3gica<\/a><br \/>\n<strong>Diretora: <\/strong>Maria Auxiliadora Drumond<br \/>\n<strong>Vice-diretora: <\/strong>Lilian Panachuk de S\u00e1<br \/>\n<strong>Equipe: <\/strong>Andrea Siqueira de Carvalho, Rosa Lima Ferreira e Vin\u00edcius Matos Batista<br \/>\n<strong>Telefone<\/strong>: (31) 3409-2295<br \/>\n<strong>E-mail<\/strong>:\u00a0<a href=\"mailto:eeco.pampulha@gmail.com\" target=\"_blank\" rel=\"noopener\">eeco.pampulha@gmail.com<\/a><\/div>\n<div><\/div>\n<div><strong><br \/>\n<\/strong><a href=\"https:\/\/www.ufmg.br\/proex\/diretorias\/rede-de-museus-e-espacos-de-ciencias-e-cultura\/\" target=\"_blank\" rel=\"noopener\">Rede de Museus<\/a><strong><br \/>\nCoordenadoras<\/strong>: Adriana Mortara Almeida e Marcelo Paolinelli de Souza Novaes<br \/>\n<b>Equipe:<\/b> Marcus Marciano Gon\u00e7alves da Silveira e Danielle Cristiane Cardoso Dressler<br \/>\n<b>Telefone: <\/b>(31) 3409-6468\/3409-6467<b><br \/>\nE-mail:<\/b> <a href=\"mailto:rededemuseus@proex.ufmg.br\" target=\"_blank\" rel=\"noopener\">rededemuseus@proex.ufmg.br<\/a><\/div>\n<div>\n<p>&nbsp;<\/p>\n<p><strong>Secretaria da<\/strong> <a href=\"https:\/\/www.ufmg.br\/proex\/camara-de-extensao\/\" target=\"_blank\" rel=\"noopener\">C\u00e2mara de Extens\u00e3o<\/a><br \/>\n<b>Respons\u00e1vel: <\/b>Virg\u00ednia Lages Silva<br \/>\n<b>Telefone:<\/b> (31) 3409-4439<br \/>\n<b>E-mail: <\/b><a href=\"mailto:asac@proex.ufmg.br\" target=\"_self\" rel=\"noopener\">scamara@proex.ufmg.br<\/a><\/p>\n<\/div>\n<div><\/div>\n<div><\/div>\n<div><a href=\"https:\/\/www.ufmg.br\/proex\/revista-interfaces\/\" target=\"_blank\" rel=\"noopener\">Revista Interfaces<\/a><br \/>\n<strong>Editora:<\/strong> Maria Carolina Junqueira Fenati<br \/>\n<strong>Coordenador de Design Gr\u00e1fico<\/strong>: Emerson Nunes Eller<br \/>\n<b>Assistente editorial:<\/b> Denise Bianca Maduro Silva<br \/>\n<b>Telefone:<\/b> (31) 3409-4070<br \/>\n<strong>E-mail:<\/strong>\u00a0<a href=\"mailto:revistainterfaces@proex.ufmg.br\" target=\"_blank\" rel=\"noopener\">revistainterfaces@proex.ufmg.br<\/a><\/div>\n<p>&nbsp;<\/p>\n<p><a href=\"https:\/\/www.ufmg.br\/proex\/assessoria-de-comunicacao\/\" target=\"_blank\" rel=\"noopener\">Assessoria de Comunica\u00e7\u00e3o<\/a><br \/>\n<b>Respons\u00e1vel:\u00a0<\/b>Carlos Eduardo Souza Maia<br \/>\n<strong>Coordenador acad\u00eamico:<\/strong> Juarez Guimar\u00e3es Dias<br \/>\n<b>Bolsista:<\/b> Luiza Mendes Barros Amaral<br \/>\n<strong>Telefones:<\/strong> (31) 3409-4065<br \/>\n<strong>E-mail:<\/strong>\u00a0<a href=\"mailto:comunica@proex.ufmg.br\" target=\"_self\" rel=\"noopener\">comunica@proex.ufmg.br<\/a><\/p>\n<p><a href=\"https:\/\/www.ufmg.br\/proex\/memoria-da-extensao\/\" target=\"_blank\" rel=\"noopener\">Centro Virtual de Mem\u00f3ria\u00a0 da Extens\u00e3o da UFMG (CEVEX)<\/a><br \/>\n<strong>Diretor<\/strong>: Andr\u00e9 Luiz Freitas Dias<br \/>\n<b>E-mail: <\/b><a href=\"mailto:cevex@proex.ufmg.br\" target=\"_blank\" rel=\"noopener\">cevex@proex.ufmg.br<\/a><\/p>\n<p><a href=\"https:\/\/www.ufmg.br\/proex\/convenios\/\" target=\"_blank\" rel=\"noopener\">Servi\u00e7o de Conv\u00eanios<\/a><br \/>\n<b>Equipe:<\/b> Thatiana Marques dos Santos<br \/>\n<b>Telefones: <\/b>(31) 3409-4076\u00a0<b><br \/>\nE-mail:<\/b> <a href=\"mailto:sconvenios@proex.ufmg.br\" target=\"_blank\" rel=\"noopener\"><span style=\"color: #1155cc;\">sconvenios@proex.ufmg.br<\/span><\/a><\/p>\n<p><b>Secretaria Administrativa\u00a0<\/b><br \/>\n<b>Equipe:<\/b> Cl\u00e1udia Ribeiro de Oliveira, Fernanda Silva Ferreira e Nath\u00e1lia Abjaudi Ara\u00fajo<br \/>\n<b>Telefones: <\/b>(31) 3409-4074\/4068\u00a0<b><br \/>\nE-mail:<\/b> <a href=\"mailto:secr@proex.ufmg.br\" target=\"_self\" rel=\"noopener\">secr@proex.ufmg.br<\/a><\/p>\n<p><b>Setor de Pessoal<br \/>\nEquipe: <\/b>Nath\u00e1lia Abjaudi Ara\u00fajo<br \/>\n<strong>Telefones:<\/strong> (31) 3409-4074<br \/>\n<strong>E-mail:<\/strong> <a href=\"mailto:secr@proex.ufmg.br\" target=\"_self\" rel=\"noopener\">spessoal@proex.ufmg.br<\/a><b><br \/>\n<\/b><\/p>\n<p><b>Setor de Contabilidade<\/b><br \/>\n<b>Equipe:\u00a0<\/b>Darlan de Castro Alves e Ludmila Teixeira Rodrigues<br \/>\n<b>Telefone: <\/b>(31) 3409-4075\u00a0<b><br \/>\n<\/b><b>E-mail:<\/b> <a href=\"mailto:financ@proex.ufmg.br\" target=\"_self\" rel=\"noopener\">financ@proex.ufmg.br<\/a><\/p>\n<p><strong>Setor de Compras e Patrim\u00f4nio<\/strong><br \/>\n<b>Equipe:<\/b> Cl\u00e1udia Ribeiro de Oliveira<br \/>\n<b>Telefone: <\/b>(31) 3409-4068\u00a0<b><br \/>\n<\/b><b>E-mail:<\/b> <a href=\"mailto:scompras@proex.ufmg.br\" target=\"_blank\" rel=\"noopener\">scompras@proex.ufmg.br<\/a><\/p>\n<p><b>Setor de Patrim\u00f4nio e Compras\u00a0<\/b><br \/>\n<b>Respons\u00e1vel:<\/b> Fernanda Silva Ferreira<br \/>\n<b>Telefone: <\/b>(31) 3409-4595\u00a0<b><br \/>\nE-mail:<\/b> <a href=\"mailto:patrimonio@proex.ufmg.br\" target=\"_blank\" rel=\"noopener\">patrimonio@proex.ufmg.br<\/a><\/p>\n<p>&nbsp;<\/p>\n<p>&nbsp;<\/p>\n","protected":false},"excerpt":{"rendered":"<p>Pr\u00f3-Reitoria de Extens\u00e3o UFMG Av. Ant\u00f4nio Carlos, 6627 &#8211; Campus [&hellip;]<\/p>\n","protected":false},"author":2,"featured_media":0,"parent":0,"menu_order":0,"comment_status":"closed","ping_status":"closed","template":"","meta":[],"tags":[153,37,23,25],"_links":{"self":[{"href":"https:\/\/www.ufmg.br\/proex\/wp-json\/wp\/v2\/pages\/352"}],"collection":[{"href":"https:\/\/www.ufmg.br\/proex\/wp-json\/wp\/v2\/pages"}],"about":[{"href":"https:\/\/www.ufmg.br\/proex\/wp-json\/wp\/v2\/types\/page"}],"author":[{"embeddable":true,"href":"https:\/\/www.ufmg.br\/proex\/wp-json\/wp\/v2\/users\/2"}],"replies":[{"embeddable":true,"href":"https:\/\/www.ufmg.br\/proex\/wp-json\/wp\/v2\/comments?post=352"}],"version-history":[{"count":260,"href":"https:\/\/www.ufmg.br\/proex\/wp-json\/wp\/v2\/pages\/352\/revisions"}],"predecessor-version":[{"id":17563,"href":"https:\/\/www.ufmg.br\/proex\/wp-json\/wp\/v2\/pages\/352\/revisions\/17563"}],"wp:attachment":[{"href":"https:\/\/www.ufmg.br\/proex\/wp-json\/wp\/v2\/media?parent=352"}],"wp:term":[{"taxonomy":"post_tag","embeddable":true,"href":"https:\/\/www.ufmg.br\/proex\/wp-json\/wp\/v2\/tags?post=352"}],"curies":[{"name":"wp","href":"https:\/\/api.w.org\/{rel}","templated":true}]}}