{"id":3546,"date":"2021-11-29T16:33:32","date_gmt":"2021-11-29T19:33:32","guid":{"rendered":"https:\/\/www.ufmg.br\/proex\/?page_id=3546"},"modified":"2022-01-26T10:21:38","modified_gmt":"2022-01-26T13:21:38","slug":"rede-de-divulgacao-cientifica","status":"publish","type":"page","link":"https:\/\/www.ufmg.br\/proex\/rede-de-divulgacao-cientifica\/","title":{"rendered":"Rede de Divulga\u00e7\u00e3o Cient\u00edfica"},"content":{"rendered":"<p class=\"Textbody\">A UFMG tem se destacado no terreno da divulga\u00e7\u00e3o cient\u00edfica, tendo em vista os mais distintos p\u00fablicos e sob as mais diversas modalidades de a\u00e7\u00e3o: divulga\u00e7\u00e3o cient\u00edfica em museus e centros de mem\u00f3ria, cria\u00e7\u00e3o de materiais did\u00e1ticos e paradid\u00e1ticos, produtos de comunica\u00e7\u00e3o em m\u00eddias diversas, pesquisa em comunica\u00e7\u00e3o da ci\u00eancia e percep\u00e7\u00e3o p\u00fablica da C&amp;T.<\/p>\n<p class=\"Textbody\">No ensino, foram criadas a Forma\u00e7\u00e3o Transversal e a <a href=\"https:\/\/amerek.com.br\/\" target=\"_blank\" rel=\"noopener\">Especializa\u00e7\u00e3o em Divulga\u00e7\u00e3o Cient\u00edfica<\/a>. Visando promover articula\u00e7\u00f5es sin\u00e9rgicas entre os\/as diferentes sujeitos, espa\u00e7os e a\u00e7\u00f5es de divulga\u00e7\u00e3o cient\u00edfica na UFMG, foi criada em fevereiro de 2021, a Rede de Divulga\u00e7\u00e3o Cient\u00edfica, que atualmente conta com mais de 100 pessoas inscritas, entre docentes, discentes e t\u00e9cnicos administrativos e 72 atividades de extens\u00e3o e pesquisa.<\/p>\n<p class=\"Textbody\">Para participar, preencha este <a href=\"https:\/\/questionarios.ufmg.br\/index.php\/328847?lang=pt-BR\" target=\"_blank\" rel=\"noopener\">formul\u00e1rio de cadastro<\/a> e entre em contato conosco pelo e-mail <a href=\"mailto:ddc-secretaria@proex.ufmg.br\" target=\"_blank\" rel=\"noopener\"><span style=\"color: windowtext; text-decoration: none; text-underline: none;\">ddc-secretaria@proex.ufmg.br<\/span><\/a><\/p>\n<p class=\"Textbody\">Participe tamb\u00e9m da Reuni\u00e3o Ampliada da Rede de Divulga\u00e7\u00e3o Cient\u00edfica da UFMG.<\/p>\n<p>&nbsp;<\/p>\n<p>&nbsp;<\/p>\n<p>&nbsp;<\/p>\n<p>&nbsp;<\/p>\n<p>&nbsp;<\/p>\n<p>&nbsp;<\/p>\n<p>&nbsp;<\/p>\n<p class=\"Textbody\">\n","protected":false},"excerpt":{"rendered":"<p>A UFMG tem se destacado no terreno da divulga\u00e7\u00e3o cient\u00edfica, [&hellip;]<\/p>\n","protected":false},"author":2,"featured_media":0,"parent":0,"menu_order":0,"comment_status":"closed","ping_status":"closed","template":"","meta":[],"tags":[651,71,23,25,29,679],"_links":{"self":[{"href":"https:\/\/www.ufmg.br\/proex\/wp-json\/wp\/v2\/pages\/3546"}],"collection":[{"href":"https:\/\/www.ufmg.br\/proex\/wp-json\/wp\/v2\/pages"}],"about":[{"href":"https:\/\/www.ufmg.br\/proex\/wp-json\/wp\/v2\/types\/page"}],"author":[{"embeddable":true,"href":"https:\/\/www.ufmg.br\/proex\/wp-json\/wp\/v2\/users\/2"}],"replies":[{"embeddable":true,"href":"https:\/\/www.ufmg.br\/proex\/wp-json\/wp\/v2\/comments?post=3546"}],"version-history":[{"count":9,"href":"https:\/\/www.ufmg.br\/proex\/wp-json\/wp\/v2\/pages\/3546\/revisions"}],"predecessor-version":[{"id":4151,"href":"https:\/\/www.ufmg.br\/proex\/wp-json\/wp\/v2\/pages\/3546\/revisions\/4151"}],"wp:attachment":[{"href":"https:\/\/www.ufmg.br\/proex\/wp-json\/wp\/v2\/media?parent=3546"}],"wp:term":[{"taxonomy":"post_tag","embeddable":true,"href":"https:\/\/www.ufmg.br\/proex\/wp-json\/wp\/v2\/tags?post=3546"}],"curies":[{"name":"wp","href":"https:\/\/api.w.org\/{rel}","templated":true}]}}