{"id":360,"date":"2021-07-29T21:27:59","date_gmt":"2021-07-30T00:27:59","guid":{"rendered":"https:\/\/www.ufmg.br\/proex\/?page_id=360"},"modified":"2026-03-18T11:28:07","modified_gmt":"2026-03-18T14:28:07","slug":"camara-de-extensao","status":"publish","type":"page","link":"https:\/\/www.ufmg.br\/proex\/camara-de-extensao\/","title":{"rendered":"C\u00e2mara de Extens\u00e3o"},"content":{"rendered":"<p>\u00d3rg\u00e3o integrante do Conselho de Ensino, Pesquisa e Extens\u00e3o (Cepe) respons\u00e1vel por acompanhar a implementa\u00e7\u00e3o da pol\u00edtica e o desenvolvimento das a\u00e7\u00f5es de extens\u00e3o e normatizar os processos ligados \u00e0s pr\u00e1ticas extensionistas.<\/p>\n<p><a href=\"https:\/\/www.ufmg.br\/proex\/wp-content\/uploads\/2025\/12\/Membros-da-Camara-DEZ_2025.pdf\" target=\"_blank\" rel=\"noopener\">Composi\u00e7\u00e3o da C\u00e2mara de Extens\u00e3o<\/a><\/p>\n<p><a href=\"https:\/\/www.ufmg.br\/proex\/atas-das-reunioes-da-camara-de-extensao\/\" target=\"_blank\" rel=\"noopener\">Atas das reuni\u00f5es<\/a><strong><br \/>\n<\/strong><\/p>\n<p>&nbsp;<\/p>\n<h4><strong>Agenda das reuni\u00f5es ordin\u00e1rias (2026.1)<\/strong><\/h4>\n<p>&nbsp;<\/p>\n<ul>\n<li>26 de mar\u00e7o, \u00e0s 14 horas<\/li>\n<li>30 de abril, \u00e0s 14 horas<\/li>\n<li>28 de maio, \u00e0s 14 horas<\/li>\n<li>25 de junho, \u00e0s 14 horas<\/li>\n<\/ul>\n<h4><strong>Agenda das reuni\u00f5es ordin\u00e1rias (2025.2)<\/strong><\/h4>\n<p>&nbsp;<\/p>\n<ul>\n<li>25\/08, \u00e0s 14 horas<\/li>\n<li>25\/09, \u00e0s 14 horas<\/li>\n<li>15\/10, \u00e0s 14 horas &#8211; Reuni\u00e3o exclusiva Semana do Conhecimento<\/li>\n<li>30\/10, \u00e0s 14 horas<\/li>\n<li>13\/11, \u00e0s 14 horas<\/li>\n<li>11\/12, \u00e0s 14 horas<\/li>\n<\/ul>\n<h4><strong>Agenda das reuni\u00f5es ordin\u00e1rias (2025.1)<\/strong><\/h4>\n<p>&nbsp;<\/p>\n<ul>\n<li>27\/03, \u00e0s 14 horas<\/li>\n<li>24\/04, \u00e0s 14 horas<\/li>\n<li>29\/05, \u00e0s 14 horas<\/li>\n<li>26\/06, \u00e0s 14 horas<\/li>\n<\/ul>\n<p><b>Secretaria da C\u00e2mara de Extens\u00e3o\/Certificados<br \/>\n<\/b><b>Respons\u00e1vel: <\/b>Virg\u00ednia Lages Silva<br \/>\n<b>Telefone:<\/b> (31) 3409-4439<br \/>\n<b>E-mail: <\/b><a href=\"mailto:asac@proex.ufmg.br\" target=\"_self\" rel=\"noopener\">scamara@proex.ufmg.br\/<\/a><a href=\"mailto:certificados@proex.ufmg.br\" target=\"_blank\" rel=\"noopener\">certificados@proex.ufmg.br<\/a><\/p>\n<p>&nbsp;<\/p>\n","protected":false},"excerpt":{"rendered":"<p>\u00d3rg\u00e3o integrante do Conselho de Ensino, Pesquisa e Extens\u00e3o (Cepe) [&hellip;]<\/p>\n","protected":false},"author":2,"featured_media":0,"parent":0,"menu_order":0,"comment_status":"closed","ping_status":"closed","template":"","meta":[],"tags":[23,29],"_links":{"self":[{"href":"https:\/\/www.ufmg.br\/proex\/wp-json\/wp\/v2\/pages\/360"}],"collection":[{"href":"https:\/\/www.ufmg.br\/proex\/wp-json\/wp\/v2\/pages"}],"about":[{"href":"https:\/\/www.ufmg.br\/proex\/wp-json\/wp\/v2\/types\/page"}],"author":[{"embeddable":true,"href":"https:\/\/www.ufmg.br\/proex\/wp-json\/wp\/v2\/users\/2"}],"replies":[{"embeddable":true,"href":"https:\/\/www.ufmg.br\/proex\/wp-json\/wp\/v2\/comments?post=360"}],"version-history":[{"count":80,"href":"https:\/\/www.ufmg.br\/proex\/wp-json\/wp\/v2\/pages\/360\/revisions"}],"predecessor-version":[{"id":17397,"href":"https:\/\/www.ufmg.br\/proex\/wp-json\/wp\/v2\/pages\/360\/revisions\/17397"}],"wp:attachment":[{"href":"https:\/\/www.ufmg.br\/proex\/wp-json\/wp\/v2\/media?parent=360"}],"wp:term":[{"taxonomy":"post_tag","embeddable":true,"href":"https:\/\/www.ufmg.br\/proex\/wp-json\/wp\/v2\/tags?post=360"}],"curies":[{"name":"wp","href":"https:\/\/api.w.org\/{rel}","templated":true}]}}