{"id":365,"date":"2021-07-29T22:06:19","date_gmt":"2021-07-30T01:06:19","guid":{"rendered":"https:\/\/www.ufmg.br\/proex\/?page_id=365"},"modified":"2026-04-15T16:57:00","modified_gmt":"2026-04-15T19:57:00","slug":"gabinete","status":"publish","type":"page","link":"https:\/\/www.ufmg.br\/proex\/gabinete\/","title":{"rendered":"Gabinete"},"content":{"rendered":"<p><strong>Pr\u00f3-reitor de Extens\u00e3o:<br \/>\n<\/strong>Glaucinei Rodrigues Corr\u00eaa<\/p>\n<p><strong>Pr\u00f3-reitora Adjunta de Extens\u00e3o:<br \/>\n<\/strong>Viviane Elis\u00e2ngela Gomes<\/p>\n<p><b>Telefone:<\/b> (31) 3409-4072<br \/>\n<strong>E-mail:<\/strong>\u00a0<a href=\"mailto:gab@proex.ufmg.br\" target=\"_blank\" rel=\"noopener\">gab@proex.ufmg.br<\/a><\/p>\n<div id=\"attachment_17632\" style=\"width: 610px\" class=\"wp-caption alignnone\"><img aria-describedby=\"caption-attachment-17632\" loading=\"lazy\" class=\"wp-image-17632\" title=\"Pr\u00f3-reitores Glaucinei e Viviane (gest\u00e3o 2026-2030) | Foto: Eduardo Maia\/Proex\" src=\"https:\/\/www.ufmg.br\/proex\/wp-content\/uploads\/2026\/04\/Gestao-PROEX-UFMG-4_site-300x216.jpg\" alt=\"Pr\u00f3-reitores Glaucinei e Viviane (gest\u00e3o 2026-2030) | Foto: Eduardo Maia\/Proex\" width=\"600\" height=\"432\" srcset=\"https:\/\/www.ufmg.br\/proex\/wp-content\/uploads\/2026\/04\/Gestao-PROEX-UFMG-4_site-300x216.jpg 300w, https:\/\/www.ufmg.br\/proex\/wp-content\/uploads\/2026\/04\/Gestao-PROEX-UFMG-4_site-1024x737.jpg 1024w, https:\/\/www.ufmg.br\/proex\/wp-content\/uploads\/2026\/04\/Gestao-PROEX-UFMG-4_site-768x553.jpg 768w, https:\/\/www.ufmg.br\/proex\/wp-content\/uploads\/2026\/04\/Gestao-PROEX-UFMG-4_site-1536x1105.jpg 1536w, https:\/\/www.ufmg.br\/proex\/wp-content\/uploads\/2026\/04\/Gestao-PROEX-UFMG-4_site-2048x1473.jpg 2048w\" sizes=\"(max-width: 600px) 100vw, 600px\" \/><p id=\"caption-attachment-17632\" class=\"wp-caption-text\">Pr\u00f3-reitores Glaucinei e Viviane (gest\u00e3o 2026-2030) | Foto: Eduardo Maia\/Proex<\/p><\/div>\n<p>&nbsp;<\/p>\n<p>&nbsp;<\/p>\n","protected":false},"excerpt":{"rendered":"<p>Pr\u00f3-reitor de Extens\u00e3o: Glaucinei Rodrigues Corr\u00eaa Pr\u00f3-reitora Adjunta de Extens\u00e3o: [&hellip;]<\/p>\n","protected":false},"author":2,"featured_media":0,"parent":0,"menu_order":0,"comment_status":"closed","ping_status":"closed","template":"","meta":[],"tags":[23,25,29],"_links":{"self":[{"href":"https:\/\/www.ufmg.br\/proex\/wp-json\/wp\/v2\/pages\/365"}],"collection":[{"href":"https:\/\/www.ufmg.br\/proex\/wp-json\/wp\/v2\/pages"}],"about":[{"href":"https:\/\/www.ufmg.br\/proex\/wp-json\/wp\/v2\/types\/page"}],"author":[{"embeddable":true,"href":"https:\/\/www.ufmg.br\/proex\/wp-json\/wp\/v2\/users\/2"}],"replies":[{"embeddable":true,"href":"https:\/\/www.ufmg.br\/proex\/wp-json\/wp\/v2\/comments?post=365"}],"version-history":[{"count":108,"href":"https:\/\/www.ufmg.br\/proex\/wp-json\/wp\/v2\/pages\/365\/revisions"}],"predecessor-version":[{"id":17671,"href":"https:\/\/www.ufmg.br\/proex\/wp-json\/wp\/v2\/pages\/365\/revisions\/17671"}],"wp:attachment":[{"href":"https:\/\/www.ufmg.br\/proex\/wp-json\/wp\/v2\/media?parent=365"}],"wp:term":[{"taxonomy":"post_tag","embeddable":true,"href":"https:\/\/www.ufmg.br\/proex\/wp-json\/wp\/v2\/tags?post=365"}],"curies":[{"name":"wp","href":"https:\/\/api.w.org\/{rel}","templated":true}]}}