{"id":374,"date":"2021-07-29T22:21:43","date_gmt":"2021-07-30T01:21:43","guid":{"rendered":"https:\/\/www.ufmg.br\/proex\/?page_id=374"},"modified":"2025-08-28T16:13:08","modified_gmt":"2025-08-28T19:13:08","slug":"avaliacao-e-fomento","status":"publish","type":"page","link":"https:\/\/www.ufmg.br\/proex\/diretorias\/avaliacao-e-fomento\/","title":{"rendered":"Avalia\u00e7\u00e3o e Fomento"},"content":{"rendered":"<p>A Diretoria Fomento e Avalia\u00e7\u00e3o da Extens\u00e3o (DAFE)\u00a0\u00e9 respons\u00e1vel pela gest\u00e3o, execu\u00e7\u00e3o e acompanhamento das pol\u00edticas, editais e chamadas p\u00fablicas internas e externas de apoio \u00e0 extens\u00e3o.<\/p>\n<p>A Diretoria exerce ainda um papel importante na divulga\u00e7\u00e3o dessas iniciativas e oportunidades para a comunidade acad\u00eamica e Centros de Extens\u00e3o (Cenex) e na assessoria dos coordenadores e orientadores na elabora\u00e7\u00e3o, apresenta\u00e7\u00e3o e gest\u00e3o das atividades, al\u00e9m de incentivar os docentes, t\u00e9cnicos e estudantes a participarem das atividades.<\/p>\n<p><b>Miss\u00e3o:\u00a0<\/b>Constru\u00e7\u00e3o de processos de avalia\u00e7\u00e3o e fomento da extens\u00e3o para fortalecer a sua dimens\u00e3o formativa e produtora de conhecimento e de transforma\u00e7\u00e3o social em constante di\u00e1logo com a comunidade.<\/p>\n<p class=\" text-justify\"><b>Vis\u00e3o:\u00a0<\/b>Tornar-se refer\u00eancia em processos de avalia\u00e7\u00e3o que subsidiem as pol\u00edticas de extens\u00e3o na UFMG, notadamente nos aspectos relativos ao fomento.<\/p>\n<p><b>Valores:\u00a0<\/b>\u00c9tica<\/p>\n<p>Transpar\u00eancia pedag\u00f3gica e administrativa; equidade; isonomia;<\/p>\n<p>Transforma\u00e7\u00e3o social<\/p>\n<p>Idealismo<\/p>\n<p>Criatividade<\/p>\n<p>Dialogicidade; descentraliza\u00e7\u00e3o<\/p>\n<p>Desenvolvimento humano<\/p>\n<p><b>Diretora:<\/b> Viviane Elis\u00e2ngela Gomes<br \/>\n<b>Equipe: <\/b>Jos\u00e9 Arnaldo Fernandes Filho, Mariana Branquinho Macedo, Nat\u00e1lia Fraga Carvalhais Oliveira, Rick Anderson M\u00e1rio Soares de Pinho e Vanessa Avelar Cappelle Fonseca<br \/>\n<b>Setor de Avalia\u00e7\u00e3o e Fomento<br \/>\nTelefones:\u00a0<\/b>(31) 3409-4637\/(31) 3409-3928\u00a0<b><br \/>\n<\/b><b>E-mail:\u00a0<\/b><a href=\"mailto:dafe@proex.ufmg.br\" target=\"_blank\" rel=\"noopener\">dafe@proex.ufmg.br<\/a>\/<a href=\"mailto:fomento@proex.ufmg.br\">fomento@proex.ufmg.br<\/a><br \/>\n<b><\/b><\/p>\n<p>&nbsp;<\/p>\n<p>&nbsp;<\/p>\n<p>&nbsp;<\/p>\n<p>&nbsp;<\/p>\n<p>&nbsp;<\/p>\n<p>&nbsp;<\/p>\n<p>&nbsp;<\/p>\n","protected":false},"excerpt":{"rendered":"<p>A Diretoria Fomento e Avalia\u00e7\u00e3o da Extens\u00e3o (DAFE)\u00a0\u00e9 respons\u00e1vel pela [&hellip;]<\/p>\n","protected":false},"author":2,"featured_media":0,"parent":367,"menu_order":0,"comment_status":"closed","ping_status":"closed","template":"","meta":[],"tags":[49,51,67,91,23,25,69,29,4],"_links":{"self":[{"href":"https:\/\/www.ufmg.br\/proex\/wp-json\/wp\/v2\/pages\/374"}],"collection":[{"href":"https:\/\/www.ufmg.br\/proex\/wp-json\/wp\/v2\/pages"}],"about":[{"href":"https:\/\/www.ufmg.br\/proex\/wp-json\/wp\/v2\/types\/page"}],"author":[{"embeddable":true,"href":"https:\/\/www.ufmg.br\/proex\/wp-json\/wp\/v2\/users\/2"}],"replies":[{"embeddable":true,"href":"https:\/\/www.ufmg.br\/proex\/wp-json\/wp\/v2\/comments?post=374"}],"version-history":[{"count":34,"href":"https:\/\/www.ufmg.br\/proex\/wp-json\/wp\/v2\/pages\/374\/revisions"}],"predecessor-version":[{"id":16343,"href":"https:\/\/www.ufmg.br\/proex\/wp-json\/wp\/v2\/pages\/374\/revisions\/16343"}],"up":[{"embeddable":true,"href":"https:\/\/www.ufmg.br\/proex\/wp-json\/wp\/v2\/pages\/367"}],"wp:attachment":[{"href":"https:\/\/www.ufmg.br\/proex\/wp-json\/wp\/v2\/media?parent=374"}],"wp:term":[{"taxonomy":"post_tag","embeddable":true,"href":"https:\/\/www.ufmg.br\/proex\/wp-json\/wp\/v2\/tags?post=374"}],"curies":[{"name":"wp","href":"https:\/\/api.w.org\/{rel}","templated":true}]}}