{"id":376,"date":"2021-07-29T22:22:32","date_gmt":"2021-07-30T01:22:32","guid":{"rendered":"https:\/\/www.ufmg.br\/proex\/?page_id=376"},"modified":"2025-08-28T16:14:03","modified_gmt":"2025-08-28T19:14:03","slug":"divulgacao-cientifica","status":"publish","type":"page","link":"https:\/\/www.ufmg.br\/proex\/diretorias\/divulgacao-cientifica\/","title":{"rendered":"Divulga\u00e7\u00e3o Cient\u00edfica"},"content":{"rendered":"<p>Criada em 2010, a Diretoria de Divulga\u00e7\u00e3o Cient\u00edfica tem como fun\u00e7\u00e3o:<\/p>\n<ul>\n<li>Coordenar o monitoramento continuado das Pol\u00edticas de Divulga\u00e7\u00e3o Cient\u00edfica da UFMG, de acordo com a <a href=\"https:\/\/www.ufmg.br\/proex\/wp-content\/uploads\/2021\/11\/02rescepe2021.pdf\" target=\"_blank\" rel=\"noopener\">Resolu\u00e7\u00e3o 02<\/a> e <a href=\"https:\/\/www.ufmg.br\/proex\/wp-content\/uploads\/2021\/11\/03rescepe2021.pdf\" target=\"_blank\" rel=\"noopener\">Resolu\u00e7\u00e3o 03<\/a>, ambas de 2021.<\/li>\n<li>Coordenar e dar apoio log\u00edstico \u00e0 Forma\u00e7\u00e3o Transversal em Divulga\u00e7\u00e3o Cient\u00edfica.<\/li>\n<li>Coordenar e dar apoio log\u00edstico \u00e0 Rede de Divulga\u00e7\u00e3o Cient\u00edfica e ao F\u00f3rum de Cultura Cient\u00edfica.<\/li>\n<li>Implantar e coordenar o mapeamento continuado das a\u00e7\u00f5es de divulga\u00e7\u00e3o cient\u00edfica na UFMG.<\/li>\n<li>Apoiar e promover a divulga\u00e7\u00e3o cient\u00edfica nos dispositivos da <a href=\"https:\/\/www.ufmg.br\/rededemuseus\/\" target=\"_blank\" rel=\"noopener\">Rede de Museus da UFMG.<\/a><\/li>\n<li>Coordenar as a\u00e7\u00f5es no \u00e2mbito do <a href=\"https:\/\/www.ufmg.br\/ufmgjovem\/\" target=\"_blank\" rel=\"noopener\">Programa UFMG Jovem.<\/a><\/li>\n<li>Em parceria com a PRPq, coordenar e produzir o evento #VisualizaUFMG.<\/li>\n<li>Coordenar as a\u00e7\u00f5es da UFMG no Dia Nacional da Ci\u00eancia e na Semana Nacional de Ci\u00eancia e Tecnologia.<\/li>\n<li>Em pareceria com o CEDECOM, promover a capacita\u00e7\u00e3o e forma\u00e7\u00e3o de pesquisadores interessados na comunica\u00e7\u00e3o p\u00fablica da C&amp;T, na participa\u00e7\u00e3o social e no engajamento p\u00fablico.<\/li>\n<li>Representar a institui\u00e7\u00e3o em outras Redes de Divulga\u00e7\u00e3o Cient\u00edfica e\/ou de Populariza\u00e7\u00e3o da Ci\u00eancia nacionais e internacionais.<\/li>\n<li>Coordena\u00e7\u00e3o do <a href=\"https:\/\/www.ufmg.br\/cevex\/\" target=\"_blank\" rel=\"noopener\">Centro Virtual de Mem\u00f3ria da Extens\u00e3o &#8211; CEVEX.<\/a><\/li>\n<li>Gest\u00e3o do Observat\u00f3rio Astron\u00f4mico da Serra da Piedade.<\/li>\n<\/ul>\n<p><b>Diretor<\/b>: Andr\u00e9 Luiz Freitas Dias<br \/>\n<strong>Diretora<\/strong> do Centro Virtual de Mem\u00f3ria da Extens\u00e3o: Verona Campos Segantini<br \/>\n<b>Equipe<\/b>: Danilo Medeiros de Santana Collado, Luana Vogel Metzker, Marcelo Pereira e Naiemer Ribeiro de Carvalho<br \/>\n<b>Bolsistas<\/b>: Ana Cristina Amorim, Andr\u00e9 Mendon\u00e7a, Eduardo Bresolini, Graziele Nazor e Isabela Silva Franco<br \/>\n<strong>Bolsistas BDCTI\/Cevex<\/strong>: Pedro de Filippis e Rita Boechat<br \/>\n<b>Telefones: <\/b>(31) 3409-4427\/(31) 3409-4428\u00a0<b><br \/>\nE-mail<\/b>: <a href=\"mailto:ddc-secretaria@proex.ufmg.br\" target=\"_blank\" rel=\"noopener\">ddc-secretaria@proex.ufmg.br<\/a><\/p>\n<p>&nbsp;<\/p>\n<p>&nbsp;<\/p>\n","protected":false},"excerpt":{"rendered":"<p>Criada em 2010, a Diretoria de Divulga\u00e7\u00e3o Cient\u00edfica tem como [&hellip;]<\/p>\n","protected":false},"author":2,"featured_media":0,"parent":367,"menu_order":0,"comment_status":"closed","ping_status":"closed","template":"","meta":[],"tags":[71,23,29],"_links":{"self":[{"href":"https:\/\/www.ufmg.br\/proex\/wp-json\/wp\/v2\/pages\/376"}],"collection":[{"href":"https:\/\/www.ufmg.br\/proex\/wp-json\/wp\/v2\/pages"}],"about":[{"href":"https:\/\/www.ufmg.br\/proex\/wp-json\/wp\/v2\/types\/page"}],"author":[{"embeddable":true,"href":"https:\/\/www.ufmg.br\/proex\/wp-json\/wp\/v2\/users\/2"}],"replies":[{"embeddable":true,"href":"https:\/\/www.ufmg.br\/proex\/wp-json\/wp\/v2\/comments?post=376"}],"version-history":[{"count":46,"href":"https:\/\/www.ufmg.br\/proex\/wp-json\/wp\/v2\/pages\/376\/revisions"}],"predecessor-version":[{"id":16344,"href":"https:\/\/www.ufmg.br\/proex\/wp-json\/wp\/v2\/pages\/376\/revisions\/16344"}],"up":[{"embeddable":true,"href":"https:\/\/www.ufmg.br\/proex\/wp-json\/wp\/v2\/pages\/367"}],"wp:attachment":[{"href":"https:\/\/www.ufmg.br\/proex\/wp-json\/wp\/v2\/media?parent=376"}],"wp:term":[{"taxonomy":"post_tag","embeddable":true,"href":"https:\/\/www.ufmg.br\/proex\/wp-json\/wp\/v2\/tags?post=376"}],"curies":[{"name":"wp","href":"https:\/\/api.w.org\/{rel}","templated":true}]}}