{"id":378,"date":"2021-07-29T22:24:03","date_gmt":"2021-07-30T01:24:03","guid":{"rendered":"https:\/\/www.ufmg.br\/proex\/?page_id=378"},"modified":"2025-08-28T16:17:25","modified_gmt":"2025-08-28T19:17:25","slug":"estacao-ecologica","status":"publish","type":"page","link":"https:\/\/www.ufmg.br\/proex\/diretorias\/estacao-ecologica\/","title":{"rendered":"Esta\u00e7\u00e3o Ecol\u00f3gica"},"content":{"rendered":"<p>A Esta\u00e7\u00e3o Ecol\u00f3gica da UFMG \u00e9 uma importante \u00e1rea verde protegida, uma das maiores de Belo Horizonte, que fica no campus Pampulha. Ela tem uma \u00e1rea de 114 hectares, na qual predominam caracter\u00edsticas dos biomas Mata Atl\u00e2ntica e Cerrado. O local guarda ainda uma interessante rela\u00e7\u00e3o com a hist\u00f3ria de Belo Horizonte, com v\u00e1rias ru\u00ednas arqueol\u00f3gicas como um antigo forno de olaria.<\/p>\n<p>Em sua extensa \u00e1rea de conserva\u00e7\u00e3o natural, s\u00e3o realizadas atividades de ensino, pesquisa e extens\u00e3o, oficinas, palestras e passeios com acompanhamento de monitores e eventos com enfoque socioambiental, cultural e hist\u00f3rico.<\/p>\n<p>O Programa Esta\u00e7\u00e3o Ecol\u00f3gica (PROECO) oferece aos visitantes da Esta\u00e7\u00e3o atividades de educa\u00e7\u00e3o socioambiental, tr\u00eas op\u00e7\u00f5es de trilhas ecol\u00f3gicas guiadas e seis oficinas tem\u00e1ticas, cada qual com v\u00e1rios enfoques. Contextualizadas e interativas, as atividades instigam o debate sobre quest\u00f5es socioambientais, assim como a proposi\u00e7\u00e3o de a\u00e7\u00f5es efetivas que contribuam para a manuten\u00e7\u00e3o dos recursos naturais e para a preserva\u00e7\u00e3o do patrim\u00f4nio hist\u00f3rico-cultural.<\/p>\n<p>O agendamento de visitas deve ser feio no <a href=\"https:\/\/www.ufmg.br\/estacaoecologica\/institucional\/sobre-a-eeco-ufmg\/\" target=\"_blank\" rel=\"noopener\">site da Esta\u00e7\u00e3o Ecol\u00f3gica.<\/a><\/p>\n<p><strong>Diretora<\/strong><br \/>\nMaria Auxiliadora Drumond<\/p>\n<p><strong>Vice-diretora<\/strong><br \/>\nLilian Panachuk de S\u00e1<\/p>\n<p><strong>Coordenadora do Programa de Extens\u00e3o Esta\u00e7\u00e3o Ecol\u00f3gica (PROECO)<\/strong><br \/>\nAndrea Siqueira de Carvalho<\/p>\n<p><strong>Equipe: <\/strong>Rosa Lima Ferreira e Vin\u00edcius Matos Batista<\/p>\n<p><a href=\"https:\/\/www.ufmg.br\/estacaoecologica\/institucional\/estrutura\/equipe\/\" target=\"_blank\" rel=\"noopener\">Bolsistas, estagi\u00e1rios e volunt\u00e1rios\u00a0<\/a><\/p>\n<p><strong>Telefone<\/strong>: (31) 3409-2295<br \/>\n<strong>E-mail<\/strong>:\u00a0<a href=\"mailto:eeco.pampulha@gmail.com\" target=\"_blank\" rel=\"noopener\">eeco.pampulha@gmail.com<\/a><\/p>\n<p>Acompanhe as atividades da Esta\u00e7\u00e3o Ecol\u00f3gica no <a href=\"https:\/\/www.ufmg.br\/estacaoecologica\/\" target=\"_blank\" rel=\"noopener\">site institucional,<\/a>\u00a0<a href=\"https:\/\/www.facebook.com\/estacaoecologicaufmg\/\" target=\"_blank\" rel=\"noopener\">Facebook<\/a> e\u00a0<a href=\"https:\/\/www.instagram.com\/estacao_ecologica\/\" target=\"_blank\" rel=\"noopener\">Instagram<\/a>.<\/p>\n<p>&nbsp;<\/p>\n<p>&nbsp;<\/p>\n<p>&nbsp;<\/p>\n","protected":false},"excerpt":{"rendered":"<p>A Esta\u00e7\u00e3o Ecol\u00f3gica da UFMG \u00e9 uma importante \u00e1rea verde [&hellip;]<\/p>\n","protected":false},"author":2,"featured_media":0,"parent":367,"menu_order":0,"comment_status":"closed","ping_status":"closed","template":"","meta":[],"tags":[861,23,25,29],"_links":{"self":[{"href":"https:\/\/www.ufmg.br\/proex\/wp-json\/wp\/v2\/pages\/378"}],"collection":[{"href":"https:\/\/www.ufmg.br\/proex\/wp-json\/wp\/v2\/pages"}],"about":[{"href":"https:\/\/www.ufmg.br\/proex\/wp-json\/wp\/v2\/types\/page"}],"author":[{"embeddable":true,"href":"https:\/\/www.ufmg.br\/proex\/wp-json\/wp\/v2\/users\/2"}],"replies":[{"embeddable":true,"href":"https:\/\/www.ufmg.br\/proex\/wp-json\/wp\/v2\/comments?post=378"}],"version-history":[{"count":38,"href":"https:\/\/www.ufmg.br\/proex\/wp-json\/wp\/v2\/pages\/378\/revisions"}],"predecessor-version":[{"id":16349,"href":"https:\/\/www.ufmg.br\/proex\/wp-json\/wp\/v2\/pages\/378\/revisions\/16349"}],"up":[{"embeddable":true,"href":"https:\/\/www.ufmg.br\/proex\/wp-json\/wp\/v2\/pages\/367"}],"wp:attachment":[{"href":"https:\/\/www.ufmg.br\/proex\/wp-json\/wp\/v2\/media?parent=378"}],"wp:term":[{"taxonomy":"post_tag","embeddable":true,"href":"https:\/\/www.ufmg.br\/proex\/wp-json\/wp\/v2\/tags?post=378"}],"curies":[{"name":"wp","href":"https:\/\/api.w.org\/{rel}","templated":true}]}}