{"id":380,"date":"2021-07-29T22:26:02","date_gmt":"2021-07-30T01:26:02","guid":{"rendered":"https:\/\/www.ufmg.br\/proex\/?page_id=380"},"modified":"2025-08-28T16:18:16","modified_gmt":"2025-08-28T19:18:16","slug":"rede-de-museus-e-espacos-de-ciencias-e-cultura","status":"publish","type":"page","link":"https:\/\/www.ufmg.br\/proex\/diretorias\/rede-de-museus-e-espacos-de-ciencias-e-cultura\/","title":{"rendered":"Rede de Museus"},"content":{"rendered":"<p>A Rede de Museus e Espa\u00e7os de Ci\u00eancias e Cultura da UFMG, criada em 2000, tem por miss\u00e3o a articula\u00e7\u00e3o e a proposi\u00e7\u00e3o de pol\u00edticas para o desenvolvimento de a\u00e7\u00f5es nas \u00e1reas de ensino, de pesquisa e de extens\u00e3o relacionadas aos Museus e Espa\u00e7os de Ci\u00eancias e de Cultura da UFMG.<\/p>\n<p>Atualmente, a Rede \u00e9 composta por espa\u00e7os com distintos perfis institucionais, cient\u00edfico e cultural, dispondo de acervos e cole\u00e7\u00f5es constitu\u00eddos em mais de 90 anos de atividades da UFMG, abrangendo as \u00e1reas das Ci\u00eancias Exatas, da Terra, Biol\u00f3gicas e da Sa\u00fade; de Hist\u00f3ria, de Artes, de Arquitetura, de Literatura, de Lingu\u00edstica, de Educa\u00e7\u00e3o e de Esporte.<\/p>\n<p>Esses espa\u00e7os recebem um p\u00fablico anual de aproximadamente 130.000 visitantes, formado pela comunidade universit\u00e1ria, estudantes e professores da educa\u00e7\u00e3o b\u00e1sica, pesquisadores e popula\u00e7\u00e3o em geral.<\/p>\n<p><strong>Coordenadoras<\/strong>: Adriana Mortara Almeida e Marcelo Paolinelli de Souza Novaes<br \/>\n<strong>Equipe<\/strong>: Marcus Marciano Gon\u00e7alves da Silveira e Danielle Cristiane Cardoso Dressler<br \/>\n<strong>Telefone<\/strong>: <b>Telefone: <\/b>(31) 3409-6468\/3409-6467<br \/>\n<strong>E-mail<\/strong>: <a href=\"mailto:rededemuseus@ufmg.br\">rededemuseus@ufmg.br<\/a><\/p>\n<p>Visite o website <a href=\"http:\/\/www.ufmg.br\/rededemuseus\" target=\"_blank\" rel=\"noopener\">www.ufmg.br\/rededemuseus<\/a> e siga o <a href=\"https:\/\/www.facebook.com\/rededemuseusdaufmg\" target=\"_blank\" rel=\"noopener\">Facebook <\/a>e <a href=\"https:\/\/www.instagram.com\/rededemuseusufmg\/\" target=\"_blank\" rel=\"noopener\">Instagram.<\/a><\/p>\n<p><img loading=\"lazy\" class=\"alignnone wp-image-2629\" src=\"https:\/\/www.ufmg.br\/proex\/wp-content\/uploads\/2021\/09\/logo-300x54.png\" alt=\"\" width=\"327\" height=\"59\" srcset=\"https:\/\/www.ufmg.br\/proex\/wp-content\/uploads\/2021\/09\/logo-300x54.png 300w, https:\/\/www.ufmg.br\/proex\/wp-content\/uploads\/2021\/09\/logo.png 507w\" sizes=\"(max-width: 327px) 100vw, 327px\" \/><\/p>\n<p>&nbsp;<\/p>\n<p>&nbsp;<\/p>\n","protected":false},"excerpt":{"rendered":"<p>A Rede de Museus e Espa\u00e7os de Ci\u00eancias e Cultura [&hellip;]<\/p>\n","protected":false},"author":2,"featured_media":0,"parent":367,"menu_order":0,"comment_status":"closed","ping_status":"closed","template":"","meta":[],"tags":[23,25,29,75],"_links":{"self":[{"href":"https:\/\/www.ufmg.br\/proex\/wp-json\/wp\/v2\/pages\/380"}],"collection":[{"href":"https:\/\/www.ufmg.br\/proex\/wp-json\/wp\/v2\/pages"}],"about":[{"href":"https:\/\/www.ufmg.br\/proex\/wp-json\/wp\/v2\/types\/page"}],"author":[{"embeddable":true,"href":"https:\/\/www.ufmg.br\/proex\/wp-json\/wp\/v2\/users\/2"}],"replies":[{"embeddable":true,"href":"https:\/\/www.ufmg.br\/proex\/wp-json\/wp\/v2\/comments?post=380"}],"version-history":[{"count":35,"href":"https:\/\/www.ufmg.br\/proex\/wp-json\/wp\/v2\/pages\/380\/revisions"}],"predecessor-version":[{"id":16350,"href":"https:\/\/www.ufmg.br\/proex\/wp-json\/wp\/v2\/pages\/380\/revisions\/16350"}],"up":[{"embeddable":true,"href":"https:\/\/www.ufmg.br\/proex\/wp-json\/wp\/v2\/pages\/367"}],"wp:attachment":[{"href":"https:\/\/www.ufmg.br\/proex\/wp-json\/wp\/v2\/media?parent=380"}],"wp:term":[{"taxonomy":"post_tag","embeddable":true,"href":"https:\/\/www.ufmg.br\/proex\/wp-json\/wp\/v2\/tags?post=380"}],"curies":[{"name":"wp","href":"https:\/\/api.w.org\/{rel}","templated":true}]}}