{"id":388,"date":"2021-07-29T22:54:51","date_gmt":"2021-07-30T01:54:51","guid":{"rendered":"https:\/\/www.ufmg.br\/proex\/?page_id=388"},"modified":"2023-03-22T09:47:47","modified_gmt":"2023-03-22T12:47:47","slug":"comite-de-empresas-juniores","status":"publish","type":"page","link":"https:\/\/www.ufmg.br\/proex\/comite-de-empresas-juniores\/","title":{"rendered":"Comit\u00ea de Empresas Juniores"},"content":{"rendered":"<p>O Comit\u00ea de Empresas Juniores (COEJ\/UFMG), que \u00e9 vinculado \u00e0 Pr\u00f3-reitoria de Extens\u00e3o (Proex), \u00e9 um \u00f3rg\u00e3o de car\u00e1ter consultivo e deliberativo criado pela UFMG para acompanhar, analisar e aprovar os processos de reconhecimento das Empresas Juniores (EJ) da Universidade.<\/p>\n<p>A atua\u00e7\u00e3o do COEJ segue a pol\u00edtica institucional da UFMG, que busca fortalecer a cultura do empreendedorismo e da inova\u00e7\u00e3o e a import\u00e2ncia dessas organiza\u00e7\u00f5es na intensifica\u00e7\u00e3o do relacionamento com a sociedade.<\/p>\n<p><b>Composi\u00e7\u00e3o<\/b><\/p>\n<p><b><\/b><a href=\"https:\/\/www.ufmg.br\/proex\/wp-content\/uploads\/2023\/03\/Portaria-1916-de-08-de-marco-de-2023-Designacao-dos-membros-para-compor-o-Comite-de-Empresas-Juniores..pdf\">Portaria 1916 de 08 de mar\u00e7o de 2023<\/a> \u2013 Designa\u00e7\u00e3o dos membros para compor o Comit\u00ea de Empresas Juniores.<\/p>\n<p><a href=\"https:\/\/www.ufmg.br\/proex\/wp-content\/uploads\/2023\/01\/Portaria-5621-de-8-de-outubro-de-2020-\u2013-Designacao-dos-membros-para-compor-o-Comite-de-Empresas-Juniores-extensao-ufmg.pdf\" target=\"_blank\" rel=\"noopener\">Portaria 5621 de 8 de outubro de 2020<\/a> \u2013 Designa\u00e7\u00e3o dos membros para compor o Comit\u00ea de Empresas Juniores.<\/p>\n<p><b>Principais responsabilidades\u00a0<\/b><\/p>\n<p>&#8211; Receber as propostas de reconhecimento institucional de empresas juniores aprovadas pela Unidade Acad\u00eamica;<\/p>\n<p>&#8211; Emitir Termo de Reconhecimento \u00e0s empresas juniores, ap\u00f3s recebimento de manifesta\u00e7\u00e3o da Congrega\u00e7\u00e3o da Unidade;<\/p>\n<p>&#8211; Indicar ajustes nas propostas de reconhecimento e recredenciamento e indicar medidas para sanar qualquer irregularidade;<\/p>\n<p>&#8211; Prestar orienta\u00e7\u00f5es gerais acerca de temas relativos \u00e0s empresas juniores reconhecidas pela UFMG;<\/p>\n<p>&#8211; Propor o aperfei\u00e7oamento e desenvolvimento da pol\u00edtica institucional de fomento e relacionamento com as empresas juniores reconhecidas no \u00e2mbito da UFMG, em di\u00e1logo com as Pr\u00f3-Reitorias de Gradua\u00e7\u00e3o e de Extens\u00e3o e a\u00a0\u00a0Coordenadoria de Transfer\u00eancia e Inova\u00e7\u00e3o Tecnol\u00f3gica (CTIT).<\/p>\n<p><b>Legisla\u00e7\u00e3o relacionada<\/b><\/p>\n<p><a href=\"https:\/\/www.ufmg.br\/proex\/wp-content\/uploads\/2021\/12\/Resolucao-no-5-2020-COEJ-empresa-junior.pdf\" target=\"_blank\" rel=\"noopener\">Resolu\u00e7\u00e3o CEPE UFMG 05\/2020 de 13 de agosto de 2020 <\/a>\u2013 Institui na UFMG o Comit\u00ea de Empresas Juniores (COEJ\/UFMG);<\/p>\n<p><a href=\"https:\/\/www.ufmg.br\/proex\/wp-content\/uploads\/2021\/12\/Resolucao-no-4-2020-Reconhecimento-das-EMPRESAS-JUNIORES.pdf\" target=\"_blank\" rel=\"noopener\">Resolu\u00e7\u00e3o CEPE UFMG 04\/2020 de 13 de Agosto de 2020<\/a>\u00a0\u2013 Estabelece normas para o reconhecimento de empresas juniores no \u00e2mbito UFMG.<\/p>\n<p><a href=\"https:\/\/www.ufmg.br\/proex\/wp-content\/uploads\/2023\/01\/Lei-no-13.267-de-6-de-Abril-de-2016-Disciplina-a-criacao-e-a-organizacao-das-associacoes-denominadas-empresas-juniores..pdf\" target=\"_blank\" rel=\"noopener\">Lei Federal n\u00ba 13.267 de 6 de Abril de 2016<\/a> \u00a0\u2013 Disciplina a cria\u00e7\u00e3o e a organiza\u00e7\u00e3o das associa\u00e7\u00f5es denominadas empresas juniores.<\/p>\n<p>Para informa\u00e7\u00f5es adicionais e esclarecimentos, fale com o COEJ no e-mail <a href=\"mailto:coej@ufmg.br\" target=\"_blank\" rel=\"noopener\">coej@ufmg.br<\/a> ou consulte a <a href=\"https:\/\/sei.ufmg.br\/index.php\/2019\/08\/28\/base-de-conhecimento\/?id_procedimento=100000272&amp;id_base=1178\" target=\"_blank\" rel=\"noopener\">Base de Conhecimento do SEI<\/a>.<\/p>\n<p>&nbsp;<\/p>\n<p>&nbsp;<\/p>\n<p>&nbsp;<\/p>\n<p>&nbsp;<\/p>\n<p>&nbsp;<\/p>\n<p>&nbsp;<\/p>\n<p>&nbsp;<\/p>\n<p>&nbsp;<\/p>\n<p>&nbsp;<\/p>\n","protected":false},"excerpt":{"rendered":"<p>O Comit\u00ea de Empresas Juniores (COEJ\/UFMG), que \u00e9 vinculado \u00e0 [&hellip;]<\/p>\n","protected":false},"author":2,"featured_media":0,"parent":0,"menu_order":0,"comment_status":"closed","ping_status":"closed","template":"","meta":[],"tags":[51,319,311,23],"_links":{"self":[{"href":"https:\/\/www.ufmg.br\/proex\/wp-json\/wp\/v2\/pages\/388"}],"collection":[{"href":"https:\/\/www.ufmg.br\/proex\/wp-json\/wp\/v2\/pages"}],"about":[{"href":"https:\/\/www.ufmg.br\/proex\/wp-json\/wp\/v2\/types\/page"}],"author":[{"embeddable":true,"href":"https:\/\/www.ufmg.br\/proex\/wp-json\/wp\/v2\/users\/2"}],"replies":[{"embeddable":true,"href":"https:\/\/www.ufmg.br\/proex\/wp-json\/wp\/v2\/comments?post=388"}],"version-history":[{"count":40,"href":"https:\/\/www.ufmg.br\/proex\/wp-json\/wp\/v2\/pages\/388\/revisions"}],"predecessor-version":[{"id":7902,"href":"https:\/\/www.ufmg.br\/proex\/wp-json\/wp\/v2\/pages\/388\/revisions\/7902"}],"wp:attachment":[{"href":"https:\/\/www.ufmg.br\/proex\/wp-json\/wp\/v2\/media?parent=388"}],"wp:term":[{"taxonomy":"post_tag","embeddable":true,"href":"https:\/\/www.ufmg.br\/proex\/wp-json\/wp\/v2\/tags?post=388"}],"curies":[{"name":"wp","href":"https:\/\/api.w.org\/{rel}","templated":true}]}}