{"id":3981,"date":"2021-12-28T13:10:54","date_gmt":"2021-12-28T15:10:54","guid":{"rendered":"https:\/\/www.ufmg.br\/proex\/?page_id=3981"},"modified":"2021-12-28T13:26:17","modified_gmt":"2021-12-28T15:26:17","slug":"programa-polo-jequitinhonha-ufmg-seleciona-bolsistas","status":"publish","type":"page","link":"https:\/\/www.ufmg.br\/proex\/programa-polo-jequitinhonha-ufmg-seleciona-bolsistas\/","title":{"rendered":"Programa Polo Jequitinhonha seleciona bolsistas"},"content":{"rendered":"<p>Est\u00e3o abertas, at\u00e9 14 de janeiro de 2022, as inscri\u00e7\u00f5es de candidatos(as) ao processo de sele\u00e7\u00e3o para preenchimento de 4 (quatro) vagas de bolsas de extens\u00e3o no Programa Polo de Integra\u00e7\u00e3o da UFMG no Vale do Jequitinhonha, da Diretoria de A\u00e7\u00e3o Cultural da UFMG.<\/p>\n<p>As vagas s\u00e3o destinadas aos estudantes dos cursos de gradua\u00e7\u00e3o em Antropologia, Ci\u00eancias Sociais, Ci\u00eancias Socioambientais, Comunica\u00e7\u00e3o Social, Engenharia Ambiental, Engenharia Sanit\u00e1ria, Geografia, Geologia, Hist\u00f3ria ou Letras.<\/p>\n<p>Para se inscrever \u00e9 necess\u00e1rio enviar a documenta\u00e7\u00e3o abaixo para o e-mail polojequitinhonhariolilas@gmail.com:<br \/>\n&#8211; Comprovante de matr\u00edcula (2021\/2\u00ba semestre)<br \/>\n&#8211; Curr\u00edculo Vitae (exig\u00eancia MODELO LATTES),<br \/>\n&#8211; Hist\u00f3rico Escolar (dispon\u00edvel no Siga Minha UFMG)<br \/>\n&#8211; Carta de Inten\u00e7\u00f5es (apenas UMA LAUDA) explicitando o interesse em participar do Projeto.<\/p>\n<p>Para mais informa\u00e7\u00f5es sobre o processo seletivo acesse o <a href=\"https:\/\/www.ufmg.br\/proex\/wp-content\/uploads\/2021\/12\/Chamada-de-selec\u0327a\u0303o-bolsista-003-2021-Proj-Rio-Lilas-para-o-site-DAC.pdf\" target=\"_blank\" rel=\"noopener\">edital<\/a>.<\/p>\n<p>&nbsp;<\/p>\n<p>&nbsp;<\/p>\n<p>&nbsp;<\/p>\n<p>&nbsp;<\/p>\n","protected":false},"excerpt":{"rendered":"<p>Est\u00e3o abertas, at\u00e9 14 de janeiro de 2022, as inscri\u00e7\u00f5es [&hellip;]<\/p>\n","protected":false},"author":2,"featured_media":0,"parent":0,"menu_order":0,"comment_status":"closed","ping_status":"closed","template":"","meta":[],"tags":[185,23,197,4],"_links":{"self":[{"href":"https:\/\/www.ufmg.br\/proex\/wp-json\/wp\/v2\/pages\/3981"}],"collection":[{"href":"https:\/\/www.ufmg.br\/proex\/wp-json\/wp\/v2\/pages"}],"about":[{"href":"https:\/\/www.ufmg.br\/proex\/wp-json\/wp\/v2\/types\/page"}],"author":[{"embeddable":true,"href":"https:\/\/www.ufmg.br\/proex\/wp-json\/wp\/v2\/users\/2"}],"replies":[{"embeddable":true,"href":"https:\/\/www.ufmg.br\/proex\/wp-json\/wp\/v2\/comments?post=3981"}],"version-history":[{"count":6,"href":"https:\/\/www.ufmg.br\/proex\/wp-json\/wp\/v2\/pages\/3981\/revisions"}],"predecessor-version":[{"id":3988,"href":"https:\/\/www.ufmg.br\/proex\/wp-json\/wp\/v2\/pages\/3981\/revisions\/3988"}],"wp:attachment":[{"href":"https:\/\/www.ufmg.br\/proex\/wp-json\/wp\/v2\/media?parent=3981"}],"wp:term":[{"taxonomy":"post_tag","embeddable":true,"href":"https:\/\/www.ufmg.br\/proex\/wp-json\/wp\/v2\/tags?post=3981"}],"curies":[{"name":"wp","href":"https:\/\/api.w.org\/{rel}","templated":true}]}}