{"id":4050,"date":"2022-01-13T13:00:25","date_gmt":"2022-01-13T16:00:25","guid":{"rendered":"https:\/\/www.ufmg.br\/proex\/?page_id=4050"},"modified":"2022-01-13T13:04:31","modified_gmt":"2022-01-13T16:04:31","slug":"bolsista-voluntario-no-projeto-atencao-nutricional-ao-idoso","status":"publish","type":"page","link":"https:\/\/www.ufmg.br\/proex\/bolsista-voluntario-no-projeto-atencao-nutricional-ao-idoso\/","title":{"rendered":"Bolsista volunt\u00e1rio no projeto Aten\u00e7\u00e3o Nutricional ao Idoso"},"content":{"rendered":"<p>Est\u00e3o abertas, at\u00e9 21 de janeiro, as inscri\u00e7\u00f5es para exame de sele\u00e7\u00e3o de bolsista volunt\u00e1rio de extens\u00e3o no projeto &#8216;Aten\u00e7\u00e3o Nutricional ao Idoso&#8217;.<\/p>\n<p>S\u00e3o oferecidas duas vagas a estudantes matriculados do 1\u00ba ao 8\u00ba per\u00edodo do curso de Nutri\u00e7\u00e3o da UFMG.<\/p>\n<p>O interessado deve enviar a seguintes documenta\u00e7\u00e3o para o e-mail <a href=\"mailto:cenex@enf.ufmg.br\" target=\"_blank\" rel=\"noopener\">cenex@enf.ufmg.br<\/a>: Hist\u00f3rico Escolar, Curriculum Vitae e Carta de inten\u00e7\u00e3o (em formato PDF)<\/p>\n<p><strong>Data e Link da Entrevista<\/strong><\/p>\n<p>Dia 24\/01\/22, \u00e0s 18:30 horas em plataforma on-line (link ser\u00e1 enviado aos candidatos)<\/p>\n<p><strong>Sele\u00e7\u00e3o<\/strong><\/p>\n<p>An\u00e1lise de Hist\u00f3rico Escolar; Curr\u00edculo; Entrevista e Carta de inten\u00e7\u00e3o.<\/p>\n<p>Mais informa\u00e7\u00f5es est\u00e3o dispon\u00edveis no <a href=\"http:\/\/www.enf.ufmg.br\/index.php\/editais\/2843-edital-de-selecao-para-bolsista-voluntario-de-extensao-do-projeto-atencao-nutricional-ao-idoso\/file\" target=\"_blank\" rel=\"noopener\">Edital 24\/2022 da Escola de Enfermagem da UFMG.<\/a><\/p>\n<p><a href=\"http:\/\/www.enf.ufmg.br\/index.php\/editais\/2844-retificacao-do-edital-de-selecao-para-bolsista-voluntario-de-extensao-do-projeto-atencao-nutricional-ao-idoso\/file\" target=\"_blank\" rel=\"noopener\">Retifica\u00e7\u00e3o do edital<\/a><\/p>\n<p>&nbsp;<\/p>\n<p>&nbsp;<\/p>\n<p>&nbsp;<\/p>\n<p>&nbsp;<\/p>\n","protected":false},"excerpt":{"rendered":"<p>Est\u00e3o abertas, at\u00e9 21 de janeiro, as inscri\u00e7\u00f5es para exame [&hellip;]<\/p>\n","protected":false},"author":2,"featured_media":0,"parent":0,"menu_order":0,"comment_status":"closed","ping_status":"closed","template":"","meta":[],"tags":[23,691,109,457,693],"_links":{"self":[{"href":"https:\/\/www.ufmg.br\/proex\/wp-json\/wp\/v2\/pages\/4050"}],"collection":[{"href":"https:\/\/www.ufmg.br\/proex\/wp-json\/wp\/v2\/pages"}],"about":[{"href":"https:\/\/www.ufmg.br\/proex\/wp-json\/wp\/v2\/types\/page"}],"author":[{"embeddable":true,"href":"https:\/\/www.ufmg.br\/proex\/wp-json\/wp\/v2\/users\/2"}],"replies":[{"embeddable":true,"href":"https:\/\/www.ufmg.br\/proex\/wp-json\/wp\/v2\/comments?post=4050"}],"version-history":[{"count":5,"href":"https:\/\/www.ufmg.br\/proex\/wp-json\/wp\/v2\/pages\/4050\/revisions"}],"predecessor-version":[{"id":4056,"href":"https:\/\/www.ufmg.br\/proex\/wp-json\/wp\/v2\/pages\/4050\/revisions\/4056"}],"wp:attachment":[{"href":"https:\/\/www.ufmg.br\/proex\/wp-json\/wp\/v2\/media?parent=4050"}],"wp:term":[{"taxonomy":"post_tag","embeddable":true,"href":"https:\/\/www.ufmg.br\/proex\/wp-json\/wp\/v2\/tags?post=4050"}],"curies":[{"name":"wp","href":"https:\/\/api.w.org\/{rel}","templated":true}]}}