{"id":4104,"date":"2022-01-20T09:50:10","date_gmt":"2022-01-20T12:50:10","guid":{"rendered":"https:\/\/www.ufmg.br\/proex\/?page_id=4104"},"modified":"2022-01-20T09:50:10","modified_gmt":"2022-01-20T12:50:10","slug":"projeto-design-e-educacao-seleciona-bolsista-e-voluntarios","status":"publish","type":"page","link":"https:\/\/www.ufmg.br\/proex\/projeto-design-e-educacao-seleciona-bolsista-e-voluntarios\/","title":{"rendered":"Projeto &#8216;Design e Educa\u00e7\u00e3o&#8217; seleciona bolsista e volunt\u00e1rios"},"content":{"rendered":"<p>Est\u00e3o abertas, at\u00e9 o dia 28 de janeiro, as inscri\u00e7\u00f5es do processo seletivo que visa selecionar bolsista e volunt\u00e1rios para o projeto de extens\u00e3o \u201c<a href=\"https:\/\/sistemas.ufmg.br\/siex\/AuditarProjeto.do?id=79326\" target=\"_blank\" rel=\"noopener\">Design e Educa\u00e7\u00e3o<\/a>\u201d da Escola de Arquitetura da UFMG.<\/p>\n<p>Podem participar estudantes de gradua\u00e7\u00e3o da UFMG, matriculados no curso de Design. Al\u00e9m disso, \u00e9 desej\u00e1vel conhecimento b\u00e1sico de softwares para a \u00e1rea gr\u00e1fica.<\/p>\n<p>Entre as atividades do bolsista e dos volunt\u00e1rios est\u00e3o o desenvolvimento de produtos educacionais, planejamento e realiza\u00e7\u00e3o de projetos e elabora\u00e7\u00e3o de artigos cient\u00edficos. Os estudantes selecionados dever\u00e3o participar do 25\u00ba Encontro de Extens\u00e3o, apresentando as a\u00e7\u00f5es realizadas pelo projeto no ano de 2022.<\/p>\n<p>Os interessados devem encaminhar carta de interesse e hist\u00f3rico escolar para o e-mail: profglaucinei@gmail.com, at\u00e9 o dia 28\/01\/22.<\/p>\n<p>Os integrantes do projeto extens\u00e3o receber\u00e3o certificados de participa\u00e7\u00e3o e poder\u00e3o integralizar cr\u00e9ditos em disciplinas optativas.<\/p>\n<p>Mais informa\u00e7\u00f5es acerca desta <a href=\"https:\/\/www.ufmg.br\/proex\/wp-content\/uploads\/2022\/01\/271963268_147875187614420_1096047661537575279_n.webp.jpg\" target=\"_blank\" rel=\"noopener\">oportunidade<\/a> podem ser obtidas pelo e-mail profglaucinei@gmail.com.<\/p>\n","protected":false},"excerpt":{"rendered":"<p>Est\u00e3o abertas, at\u00e9 o dia 28 de janeiro, as inscri\u00e7\u00f5es [&hellip;]<\/p>\n","protected":false},"author":2,"featured_media":0,"parent":0,"menu_order":0,"comment_status":"closed","ping_status":"closed","template":"","meta":[],"tags":[],"_links":{"self":[{"href":"https:\/\/www.ufmg.br\/proex\/wp-json\/wp\/v2\/pages\/4104"}],"collection":[{"href":"https:\/\/www.ufmg.br\/proex\/wp-json\/wp\/v2\/pages"}],"about":[{"href":"https:\/\/www.ufmg.br\/proex\/wp-json\/wp\/v2\/types\/page"}],"author":[{"embeddable":true,"href":"https:\/\/www.ufmg.br\/proex\/wp-json\/wp\/v2\/users\/2"}],"replies":[{"embeddable":true,"href":"https:\/\/www.ufmg.br\/proex\/wp-json\/wp\/v2\/comments?post=4104"}],"version-history":[{"count":1,"href":"https:\/\/www.ufmg.br\/proex\/wp-json\/wp\/v2\/pages\/4104\/revisions"}],"predecessor-version":[{"id":4106,"href":"https:\/\/www.ufmg.br\/proex\/wp-json\/wp\/v2\/pages\/4104\/revisions\/4106"}],"wp:attachment":[{"href":"https:\/\/www.ufmg.br\/proex\/wp-json\/wp\/v2\/media?parent=4104"}],"wp:term":[{"taxonomy":"post_tag","embeddable":true,"href":"https:\/\/www.ufmg.br\/proex\/wp-json\/wp\/v2\/tags?post=4104"}],"curies":[{"name":"wp","href":"https:\/\/api.w.org\/{rel}","templated":true}]}}