{"id":4153,"date":"2022-01-27T08:32:41","date_gmt":"2022-01-27T11:32:41","guid":{"rendered":"https:\/\/www.ufmg.br\/proex\/?page_id=4153"},"modified":"2022-01-27T10:26:26","modified_gmt":"2022-01-27T13:26:26","slug":"atividade-de-extensao-do-programa-participa-ufmg-seleciona-bolsistas","status":"publish","type":"page","link":"https:\/\/www.ufmg.br\/proex\/atividade-de-extensao-do-programa-participa-ufmg-seleciona-bolsistas\/","title":{"rendered":"Atividade de extens\u00e3o do Programa Participa UFMG seleciona bolsistas"},"content":{"rendered":"<p>O projeto de extens\u00e3o \u201c<a href=\"https:\/\/sistemas.ufmg.br\/siex\/AuditarProjeto.do?id=74618\" target=\"_blank\" rel=\"noopener\">Desafios para os trabalhadores na Educa\u00e7\u00e3o e na Minera\u00e7\u00e3o em tempos de pandemia: vigil\u00e2ncia ativa e participativa nos territ\u00f3rios miner\u00e1rios<\/a>\u201d est\u00e1 com inscri\u00e7\u00f5es abertas, at\u00e9 o dia 29 de janeiro, para o processo de sele\u00e7\u00e3o de 04 (quatro) bolsistas de extens\u00e3o. A iniciativa \u00e9 vinculada ao <a href=\"https:\/\/sistemas.ufmg.br\/siex\/AuditarPrograma.do?id=74697\" target=\"_blank\" rel=\"noopener\">Programa Participa UFMG<\/a>, que desenvolve um conjunto de a\u00e7\u00f5es junto \u00e0 popula\u00e7\u00e3o atingida pelos \u00a0rompimentos de barragens.<\/p>\n<p>Podem participar estudantes regularmente matriculados (a partir do 5\u00ba per\u00edodo), nos cursos de gradua\u00e7\u00e3o em Biomedicina, Ci\u00eancias Biol\u00f3gicas, Ci\u00eancias Socioambientais, Ci\u00eancias Sociais, Comunica\u00e7\u00e3o Social, Cursos de Licenciatura, Enfermagem, Engenharia Agr\u00edcola e Ambiental, Engenharia Ambiental, Engenharia de Minas, Geografia, Geologia, Gest\u00e3o de Servi\u00e7os de Sa\u00fade, Gest\u00e3o P\u00fablica, Medicina, Medicina Veterin\u00e1ria e Psicologia da UFMG.<\/p>\n<p><strong>Inscri\u00e7\u00f5es<\/strong><\/p>\n<p>Os interessados devem encaminhar, at\u00e9 \u00e0s 21h do dia 29\/01, os documentos abaixo para os endere\u00e7os de e-mail: jandira.maciel@gmail.com e jandiramaciel@ufmg.br<\/p>\n<p><strong>a)<\/strong> Carteira de Identidade e CPF;<br \/>\n<strong>b)<\/strong> Comprovante de Matr\u00edcula na UFMG;<br \/>\n<strong>c)<\/strong> Hist\u00f3rico Escolar, incluindo o Rendimento Semestral Global;<br \/>\n<strong>d)<\/strong> Carta de inten\u00e7\u00e3o, constando, no m\u00e1ximo, de 500 palavras, na qual dever\u00e3o ser demonstrados: a) Dom\u00ednio e conhecimento sobre a Extens\u00e3o e sobre a \u00e1rea tem\u00e1tica do programa; b) motiva\u00e7\u00e3o, interesse e expectativas para participar como bolsista c) experi\u00eancias pr\u00e9vias em outras a\u00e7\u00f5es de extens\u00e3o e, d) disponibilidade de hor\u00e1rios na semana;<br \/>\n<strong>e)<\/strong> Comprovante de uso de tecnologias digitais e recursos das redes sociais, assim como das no\u00e7\u00f5es b\u00e1sicas de edi\u00e7\u00e3o de \u00e1udio, imagens e anima\u00e7\u00e3o gr\u00e1fica, quando houver.<\/p>\n<p><strong>Sele\u00e7\u00e3o<\/strong><br \/>\nO exame de sele\u00e7\u00e3o constar\u00e1 de duas etapas eliminat\u00f3rias. Para aprova\u00e7\u00e3o em cada etapa, ser\u00e1 necess\u00e1ria a obten\u00e7\u00e3o de m\u00e9dia m\u00ednima de 60% dos pontos distribu\u00eddos<br \/>\n<strong>1\u00aa etapa<\/strong>:<br \/>\n&#8211; Avalia\u00e7\u00e3o escrita &#8211; Carta de inten\u00e7\u00e3o entregue no ato da inscri\u00e7\u00e3o;<br \/>\n&#8211; Avalia\u00e7\u00e3o de Hist\u00f3rico Escolar e Rendimento Semestral Global.<br \/>\n<strong>2\u00aa etapa<\/strong> \u2013 Entrevista<br \/>\nData da entrevista: 31\/01\/2022<br \/>\nHor\u00e1rio: a partir de 10 horas<br \/>\nLocal: Plataforma online Google Meet (link ser\u00e1 enviado 5 min antes da entrevista aos(\u00e0s) aprovados(as) na 1\u00aa etapa).<\/p>\n<p>As bolsas ter\u00e3o vig\u00eancia de fevereiro de 2022 a junho de 2022.<\/p>\n<p>Mais informa\u00e7\u00f5es est\u00e3o dispon\u00edveis no <a href=\"https:\/\/www.ufmg.br\/proex\/wp-content\/uploads\/2022\/01\/Edital-COVID19-Educacao-e-Mineracao-PIBEX-1.pdf\" target=\"_blank\" rel=\"noopener\">edital<\/a><\/p>\n<p>&nbsp;<\/p>\n","protected":false},"excerpt":{"rendered":"<p>O projeto de extens\u00e3o \u201cDesafios para os trabalhadores na Educa\u00e7\u00e3o [&hellip;]<\/p>\n","protected":false},"author":2,"featured_media":0,"parent":0,"menu_order":0,"comment_status":"closed","ping_status":"closed","template":"","meta":[],"tags":[129,23,243,29],"_links":{"self":[{"href":"https:\/\/www.ufmg.br\/proex\/wp-json\/wp\/v2\/pages\/4153"}],"collection":[{"href":"https:\/\/www.ufmg.br\/proex\/wp-json\/wp\/v2\/pages"}],"about":[{"href":"https:\/\/www.ufmg.br\/proex\/wp-json\/wp\/v2\/types\/page"}],"author":[{"embeddable":true,"href":"https:\/\/www.ufmg.br\/proex\/wp-json\/wp\/v2\/users\/2"}],"replies":[{"embeddable":true,"href":"https:\/\/www.ufmg.br\/proex\/wp-json\/wp\/v2\/comments?post=4153"}],"version-history":[{"count":4,"href":"https:\/\/www.ufmg.br\/proex\/wp-json\/wp\/v2\/pages\/4153\/revisions"}],"predecessor-version":[{"id":4159,"href":"https:\/\/www.ufmg.br\/proex\/wp-json\/wp\/v2\/pages\/4153\/revisions\/4159"}],"wp:attachment":[{"href":"https:\/\/www.ufmg.br\/proex\/wp-json\/wp\/v2\/media?parent=4153"}],"wp:term":[{"taxonomy":"post_tag","embeddable":true,"href":"https:\/\/www.ufmg.br\/proex\/wp-json\/wp\/v2\/tags?post=4153"}],"curies":[{"name":"wp","href":"https:\/\/api.w.org\/{rel}","templated":true}]}}