{"id":4219,"date":"2023-01-23T08:43:21","date_gmt":"2023-01-23T11:43:21","guid":{"rendered":"https:\/\/www.ufmg.br\/proex\/?page_id=4219"},"modified":"2024-01-24T11:32:27","modified_gmt":"2024-01-24T13:32:27","slug":"centro-de-colecoes-taxonomicas","status":"publish","type":"page","link":"https:\/\/www.ufmg.br\/proex\/centro-de-colecoes-taxonomicas\/","title":{"rendered":"Centro de Cole\u00e7\u00f5es Taxon\u00f4micas"},"content":{"rendered":"<p>O Centro de Cole\u00e7\u00f5es Taxon\u00f4micas da UFMG torna p\u00fablico edital para sele\u00e7\u00e3o de dois bolsistas de extens\u00e3o, sendo 1 (uma) bolsa PBEXT e 1 (uma) bolsa PBEXT A\u00e7\u00e3o Afirmativa.<\/p>\n<p>As inscri\u00e7\u00f5es est\u00e3o abertas de <strong>29 de janeiro a 9 de fevereiro de 2024. <\/strong>Podem se inscrever estudantes de quaisquer cursos de gradua\u00e7\u00e3o na UFMG.<\/p>\n<p>\u00c9 desej\u00e1vel que o candidato tenha: conhecimentos em inform\u00e1tica (especialmente internet, editor de textos, editor de imagens e planilhas); boa desenvoltura em comunica\u00e7\u00e3o, especialmente escrita; conhecimentos de ingl\u00eas; conhecimentos b\u00e1sicos na \u00e1rea de biodiversidade.<\/p>\n<p>Para realizar a inscri\u00e7\u00e3o, o candidato dever\u00e1 enviar (e-mail <a href=\"mailto:cct@icb.ufmg.br\" target=\"_blank\" rel=\"noopener\">cct@icb.ufmg.br<\/a>)\u00a0a seguinte documenta\u00e7\u00e3o:<\/p>\n<p><strong>a)<\/strong> <a href=\"http:\/\/www.icb.ufmg.br\/cct\/docs\/edital2024-01_form.docx\" target=\"_blank\" rel=\"noopener\">formul\u00e1rio de inscri\u00e7\u00e3o<\/a> integralmente preenchido;<\/p>\n<p><strong>b)<\/strong> Hist\u00f3rico Escolar da Gradua\u00e7\u00e3o dos per\u00edodos j\u00e1 cursados (em formato PDF);<\/p>\n<p><strong>c)<\/strong> Carta de Inten\u00e7\u00f5es do candidato (apresenta\u00e7\u00e3o\/perfil e motivos pelos quais deseja ser bolsista);<\/p>\n<p><strong>d)<\/strong> no caso de candidatos \u00e0 bolsa Bolsa PBEXT A\u00e7\u00e3o Afirmativa, comprovante de classifica\u00e7\u00e3o socioecon\u00f4mica no n\u00edvel I, II ou III pela Funda\u00e7\u00e3o Universit\u00e1ria Mendes Pimentel (FUMP) e\/ou de ingresso na UFMG pelo sistema de cotas.<\/p>\n<p>As demais instru\u00e7\u00f5es est\u00e3o no <a href=\"https:\/\/www2.icb.ufmg.br\/cct\/docs\/editalCCT2024-01.pdf\" target=\"_blank\" rel=\"noopener\">edital de sele\u00e7\u00e3o<\/a>.<\/p>\n<p>&nbsp;<\/p>\n<p>&nbsp;<\/p>\n","protected":false},"excerpt":{"rendered":"<p>O Centro de Cole\u00e7\u00f5es Taxon\u00f4micas da UFMG torna p\u00fablico edital [&hellip;]<\/p>\n","protected":false},"author":2,"featured_media":0,"parent":0,"menu_order":0,"comment_status":"closed","ping_status":"closed","template":"","meta":[],"tags":[697,23],"_links":{"self":[{"href":"https:\/\/www.ufmg.br\/proex\/wp-json\/wp\/v2\/pages\/4219"}],"collection":[{"href":"https:\/\/www.ufmg.br\/proex\/wp-json\/wp\/v2\/pages"}],"about":[{"href":"https:\/\/www.ufmg.br\/proex\/wp-json\/wp\/v2\/types\/page"}],"author":[{"embeddable":true,"href":"https:\/\/www.ufmg.br\/proex\/wp-json\/wp\/v2\/users\/2"}],"replies":[{"embeddable":true,"href":"https:\/\/www.ufmg.br\/proex\/wp-json\/wp\/v2\/comments?post=4219"}],"version-history":[{"count":21,"href":"https:\/\/www.ufmg.br\/proex\/wp-json\/wp\/v2\/pages\/4219\/revisions"}],"predecessor-version":[{"id":11425,"href":"https:\/\/www.ufmg.br\/proex\/wp-json\/wp\/v2\/pages\/4219\/revisions\/11425"}],"wp:attachment":[{"href":"https:\/\/www.ufmg.br\/proex\/wp-json\/wp\/v2\/media?parent=4219"}],"wp:term":[{"taxonomy":"post_tag","embeddable":true,"href":"https:\/\/www.ufmg.br\/proex\/wp-json\/wp\/v2\/tags?post=4219"}],"curies":[{"name":"wp","href":"https:\/\/api.w.org\/{rel}","templated":true}]}}