{"id":4224,"date":"2024-04-25T12:01:35","date_gmt":"2024-04-25T15:01:35","guid":{"rendered":"https:\/\/www.ufmg.br\/proex\/?page_id=4224"},"modified":"2024-04-25T16:38:50","modified_gmt":"2024-04-25T19:38:50","slug":"cemenf","status":"publish","type":"page","link":"https:\/\/www.ufmg.br\/proex\/cemenf\/","title":{"rendered":"Centro de Mem\u00f3ria da Escola de Enfermagem"},"content":{"rendered":"<p>O projeto <a href=\"https:\/\/www.instagram.com\/ufmgcemenf\/\" target=\"_blank\" rel=\"noopener\">Visita Guiada: o CEMENF de portas abertas<\/a>, da Escola de Enfermagem da UFMG, est\u00e1 com inscri\u00e7\u00f5es abertas, <strong>at\u00e9 o dia 7 de maio de 2024<\/strong>, para sele\u00e7\u00e3o de candidatos (as) a duas bolsas de extens\u00e3o.<\/p>\n<p>Podem se inscrever estudantes do 2\u00ba e 7\u00ba per\u00edodo dos cursos de gradua\u00e7\u00e3o em Enfermagem, Hist\u00f3ria e Museologia.<\/p>\n<p>Os (as) interessados (as) devem encaminhar a documenta\u00e7\u00e3o abaixo para o e-mail <a href=\"mailto:visitaguiadacemenf@gmail.com\" target=\"_blank\" rel=\"noopener\">visitaguiadacemenf@gmail.com<\/a>.<\/p>\n<p><strong>a)<\/strong> Ficha de inscri\u00e7\u00e3o (ver anexo do edital);<br \/>\n<strong>b)<\/strong> Hist\u00f3rico Escolar;<br \/>\n<strong>c)<\/strong> Curr\u00edculo Lattes;<br \/>\n<strong>d)<\/strong> Texto, com no m\u00e1ximo 200 caracteres (com espa\u00e7os), dissertando sobre o tema: &#8220;A\u00e7\u00f5es museol\u00f3gicas para pesquisa de p\u00fablico do CEMENF&#8221;.<\/p>\n<p>Consulte as informa\u00e7\u00f5es completas no <a href=\"https:\/\/www.ufmg.br\/proex\/wp-content\/uploads\/2024\/04\/Edital-794-2024-Bolsista-Extensao-Profa.-Fernanda-Batista-.pdf\" target=\"_blank\" rel=\"noopener\">edital de sele\u00e7\u00e3o.<\/a><\/p>\n<p>&nbsp;<\/p>\n<p>&nbsp;<\/p>\n","protected":false},"excerpt":{"rendered":"<p>O projeto Visita Guiada: o CEMENF de portas abertas, da [&hellip;]<\/p>\n","protected":false},"author":2,"featured_media":0,"parent":0,"menu_order":0,"comment_status":"closed","ping_status":"closed","template":"","meta":[],"tags":[191,851,29,299],"_links":{"self":[{"href":"https:\/\/www.ufmg.br\/proex\/wp-json\/wp\/v2\/pages\/4224"}],"collection":[{"href":"https:\/\/www.ufmg.br\/proex\/wp-json\/wp\/v2\/pages"}],"about":[{"href":"https:\/\/www.ufmg.br\/proex\/wp-json\/wp\/v2\/types\/page"}],"author":[{"embeddable":true,"href":"https:\/\/www.ufmg.br\/proex\/wp-json\/wp\/v2\/users\/2"}],"replies":[{"embeddable":true,"href":"https:\/\/www.ufmg.br\/proex\/wp-json\/wp\/v2\/comments?post=4224"}],"version-history":[{"count":18,"href":"https:\/\/www.ufmg.br\/proex\/wp-json\/wp\/v2\/pages\/4224\/revisions"}],"predecessor-version":[{"id":12372,"href":"https:\/\/www.ufmg.br\/proex\/wp-json\/wp\/v2\/pages\/4224\/revisions\/12372"}],"wp:attachment":[{"href":"https:\/\/www.ufmg.br\/proex\/wp-json\/wp\/v2\/media?parent=4224"}],"wp:term":[{"taxonomy":"post_tag","embeddable":true,"href":"https:\/\/www.ufmg.br\/proex\/wp-json\/wp\/v2\/tags?post=4224"}],"curies":[{"name":"wp","href":"https:\/\/api.w.org\/{rel}","templated":true}]}}