{"id":424,"date":"2021-07-30T01:00:54","date_gmt":"2021-07-30T04:00:54","guid":{"rendered":"https:\/\/www.ufmg.br\/proex\/?page_id=424"},"modified":"2022-01-14T18:58:41","modified_gmt":"2022-01-14T21:58:41","slug":"formacao-de-professores","status":"publish","type":"page","link":"https:\/\/www.ufmg.br\/proex\/formacao-de-professores\/","title":{"rendered":"Forma\u00e7\u00e3o de Professores"},"content":{"rendered":"<p>A Comiss\u00e3o para Discuss\u00e3o e Elabora\u00e7\u00e3o das Pol\u00edticas de Forma\u00e7\u00e3o Inicial e Continuada de Professores da Educa\u00e7\u00e3o B\u00e1sica da UFMG (Comfic)\u00a0\u00e9 o \u00f3rg\u00e3o que faz a ponte entre a forma\u00e7\u00e3o de professores na UFMG e as demandas das redes de educa\u00e7\u00e3o b\u00e1sica, estabelecendo bases e diretrizes para a formula\u00e7\u00e3o de pol\u00edticas.<\/p>\n<p>Como \u00f3rg\u00e3o consultivo e assessor, a Comfic \u00e9 vinculada \u00e0s pr\u00f3-reitorias de Gradua\u00e7\u00e3o (Prograd) e Extens\u00e3o (Proex) da Universidade e, por isso, estabelece a articula\u00e7\u00e3o entre as licenciaturas, a pesquisa e as atividades de extens\u00e3o.<\/p>\n<p>A Comfic foi criada e regulamentada pela <a href=\"https:\/\/www.ufmg.br\/proex\/wp-content\/uploads\/2022\/01\/jun-3-Doc-1.pdf\" target=\"_blank\" rel=\"noopener\">Resolu\u00e7\u00e3o 5 de 2019<\/a> do Conselho de Ensino, Pesquisa e Extens\u00e3o.<\/p>\n<p><b>Diretora:<\/b>\u00a0Nilma Soares da Silva<br \/>\n<b>Equipe:<\/b>\u00a0Gabriela Braga Casali<br \/>\n<b>Telefone:\u00a0<\/b>(31) 3409-4595<b><br \/>\n<\/b><b>E-mail:\u00a0<\/b><a href=\"mailto:comfic@gabinete.ufmg.br\" target=\"_blank\" rel=\"noopener\">comfic@gabinete.ufmg.br<\/a><\/p>\n<p>Acompanhe as as atividades de forma\u00e7\u00e3o de professores na UFMG por meio do <a href=\"https:\/\/www.ufmg.br\/comfic\/\" target=\"_blank\" rel=\"noopener\">site da Comfic.<\/a><\/p>\n<p>&nbsp;<\/p>\n<p>&nbsp;<\/p>\n<p>&nbsp;<\/p>\n<p>&nbsp;<\/p>\n<p>&nbsp;<\/p>\n<p>&nbsp;<\/p>\n","protected":false},"excerpt":{"rendered":"<p>A Comiss\u00e3o para Discuss\u00e3o e Elabora\u00e7\u00e3o das Pol\u00edticas de Forma\u00e7\u00e3o [&hellip;]<\/p>\n","protected":false},"author":2,"featured_media":0,"parent":0,"menu_order":0,"comment_status":"closed","ping_status":"closed","template":"","meta":[],"tags":[49,51,115,23,25,117,29,4],"_links":{"self":[{"href":"https:\/\/www.ufmg.br\/proex\/wp-json\/wp\/v2\/pages\/424"}],"collection":[{"href":"https:\/\/www.ufmg.br\/proex\/wp-json\/wp\/v2\/pages"}],"about":[{"href":"https:\/\/www.ufmg.br\/proex\/wp-json\/wp\/v2\/types\/page"}],"author":[{"embeddable":true,"href":"https:\/\/www.ufmg.br\/proex\/wp-json\/wp\/v2\/users\/2"}],"replies":[{"embeddable":true,"href":"https:\/\/www.ufmg.br\/proex\/wp-json\/wp\/v2\/comments?post=424"}],"version-history":[{"count":11,"href":"https:\/\/www.ufmg.br\/proex\/wp-json\/wp\/v2\/pages\/424\/revisions"}],"predecessor-version":[{"id":4086,"href":"https:\/\/www.ufmg.br\/proex\/wp-json\/wp\/v2\/pages\/424\/revisions\/4086"}],"wp:attachment":[{"href":"https:\/\/www.ufmg.br\/proex\/wp-json\/wp\/v2\/media?parent=424"}],"wp:term":[{"taxonomy":"post_tag","embeddable":true,"href":"https:\/\/www.ufmg.br\/proex\/wp-json\/wp\/v2\/tags?post=424"}],"curies":[{"name":"wp","href":"https:\/\/api.w.org\/{rel}","templated":true}]}}